{"id":6049,"date":"2025-07-22T09:52:01","date_gmt":"2025-07-22T09:52:01","guid":{"rendered":"https:\/\/www.linktonkitchen.com\/?post_type=product&#038;p=6049"},"modified":"2026-02-05T03:12:19","modified_gmt":"2026-02-05T03:12:19","slug":"wholesale-stainless-pressure-cooker","status":"publish","type":"product","link":"https:\/\/www.linktonkitchen.com\/pt\/product\/wholesale-stainless-pressure-cooker\/","title":{"rendered":"Panela de Press\u00e3o Inox 2-6QT, Panela de Press\u00e3o de Indu\u00e7\u00e3o e de Fog\u00e3o"},"content":{"rendered":"<div class=\"wp-block-columns is-layout-flex wp-container-core-columns-is-layout-9d6595d7 wp-block-columns-is-layout-flex\">\n<div class=\"wp-block-column is-layout-flow wp-block-column-is-layout-flow\" style=\"flex-basis:30%\">\n<figure class=\"wp-block-embed is-type-video is-provider-youtube wp-block-embed-youtube wp-embed-aspect-9-16 wp-has-aspect-ratio\"><div class=\"wp-block-embed__wrapper\">\n<iframe title=\"Um pequeno v\u00eddeo de revela\u00e7\u00e3o de um novo produto. Gostaria de dar uma vista de olhos? #kitchenware #pressurecooker\" width=\"563\" height=\"1000\" src=\"https:\/\/www.youtube.com\/embed\/pLJeXyByhCU?feature=oembed\" frameborder=\"0\" allow=\"accelerometer; autoplay; clipboard-write; encrypted-media; gyroscope; picture-in-picture; web-share\" referrerpolicy=\"strict-origin-when-cross-origin\" allowfullscreen><\/iframe>\n<\/div><\/figure>\n<\/div>\n\n\n\n<div class=\"wp-block-column is-vertically-aligned-center is-layout-flow wp-block-column-is-layout-flow\">\n<h2 class=\"wp-block-heading\">Panela de press\u00e3o inoxid\u00e1vel Par\u00e2metro:<\/h2>\n\n\n\n<figure class=\"wp-block-table\"><table><tbody><tr><td><strong>Modelo n.<\/strong><\/td><td><strong>Di\u00e2metro da boca<\/strong><\/td><td><strong>Capacidade<\/strong><\/td><td><strong>Peso<\/strong><\/td><\/tr><tr><td rowspan=\"9\">LT-UPC<\/td><td>16 cm<\/td><td>2L(2.14QT)<\/td><td>1,79 kg<\/td><\/tr><tr><td>18 cm<\/td><td>3L(3,2 QT)<\/td><td>1,87 kg<\/td><\/tr><tr><td>20 cm<\/td><td>4L(4,2 QT)<\/td><td>2,17 kg<\/td><\/tr><tr><td>22 cm<\/td><td>5L(5,3 QT)<\/td><td>2,53 kg<\/td><\/tr><tr><td>24 cm<\/td><td>6L(6,3 QT)<\/td><td>2,91 kg<\/td><\/tr><\/tbody><\/table><\/figure>\n<\/div>\n<\/div>\n\n\n\n<div class=\"wp-block-columns is-layout-flex wp-container-core-columns-is-layout-9d6595d7 wp-block-columns-is-layout-flex\">\n<div class=\"wp-block-column is-vertically-aligned-top is-layout-flow wp-block-column-is-layout-flow\">\n<h2 class=\"wp-block-heading\">Panela de press\u00e3o em a\u00e7o inoxid\u00e1vel Carater\u00edsticas:<\/h2>\n\n\n\n<p><strong>V\u00e1rias capacidades dispon\u00edveis (2-6QT):<\/strong> O 2QT \u00e9 adequado para 1-2 pessoas, o 4-6QT \u00e9 adequado para 2-5 pessoas, satisfazendo as necessidades de uma pessoa solteira ou de uma fam\u00edlia pequena.<\/p>\n\n\n\n<p><strong>Fundo composto de tr\u00eas camadas em a\u00e7o inoxid\u00e1vel:<\/strong> condu\u00e7\u00e3o de calor r\u00e1pida e uniforme para evitar o sobreaquecimento local. O a\u00e7o inoxid\u00e1vel \u00e9 dur\u00e1vel, resistente \u00e0 corros\u00e3o e n\u00e3o deform\u00e1vel<\/p>\n\n\n\n<p><strong>Aplic\u00e1vel a uma variedade de fontes de calor: <\/strong>adequado para fog\u00f5es de indu\u00e7\u00e3o, fog\u00f5es de chama aberta, etc., uma panela para m\u00faltiplas utiliza\u00e7\u00f5es, adequado para diferentes ambientes de cozinha<\/p>\n\n\n\n<p><strong>Cozedura r\u00e1pida e poupan\u00e7a de energia: <\/strong>Cozedura a alta press\u00e3o de 80kPA, ret\u00e9m os nutrientes, aumenta a velocidade de cozedura na cozinha, poupa tempo e energia.<\/p>\n\n\n\n<p><strong>Conce\u00e7\u00e3o de seguran\u00e7a:<\/strong> equipados com v\u00e1rios sistemas de seguran\u00e7a, tais como pegas anti-escaldamento, v\u00e1lvulas de press\u00e3o, fechos de seguran\u00e7a, dispositivos \u00e0 prova de explos\u00e3o, etc., seguros para funcionar<\/p>\n\n\n\n<p><strong>Leve e port\u00e1til: <\/strong>as panelas de press\u00e3o de pequena capacidade s\u00e3o especialmente adequadas para campistas, utilizadores de caravanas e cozinhas port\u00e1teis<\/p>\n\n\n\n<p><strong>Fornecimento direto das f\u00e1bricas da China: <\/strong>Fornecer servi\u00e7os completos de aquisi\u00e7\u00e3o e personaliza\u00e7\u00e3o para retalhistas\/distribuidores de utens\u00edlios de cozinha\/com\u00e9rcio eletr\u00f3nico (Amazon, Shopee, etc.). Reduzir os custos de aquisi\u00e7\u00e3o e satisfazer as necessidades de personaliza\u00e7\u00e3o da marca.<\/p>\n<\/div>\n\n\n\n<div class=\"wp-block-column is-vertically-aligned-top is-layout-flow wp-block-column-is-layout-flow\"><div class=\"wp-block-image\">\n<figure class=\"aligncenter size-full\"><img fetchpriority=\"high\" decoding=\"async\" width=\"800\" height=\"800\" src=\"https:\/\/www.linktonkitchen.com\/wp-content\/uploads\/2025\/07\/wholesale-stainless-pressure-cooker-5.webp\" alt=\"panela de press\u00e3o inoxid\u00e1vel por atacado (5)\" class=\"wp-image-6054\" style=\"object-fit:cover\" srcset=\"https:\/\/www.linktonkitchen.com\/wp-content\/uploads\/2025\/07\/wholesale-stainless-pressure-cooker-5.webp 800w, https:\/\/www.linktonkitchen.com\/wp-content\/uploads\/2025\/07\/wholesale-stainless-pressure-cooker-5-300x300.webp 300w, https:\/\/www.linktonkitchen.com\/wp-content\/uploads\/2025\/07\/wholesale-stainless-pressure-cooker-5-150x150.webp 150w, https:\/\/www.linktonkitchen.com\/wp-content\/uploads\/2025\/07\/wholesale-stainless-pressure-cooker-5-768x768.webp 768w, https:\/\/www.linktonkitchen.com\/wp-content\/uploads\/2025\/07\/wholesale-stainless-pressure-cooker-5-12x12.webp 12w, https:\/\/www.linktonkitchen.com\/wp-content\/uploads\/2025\/07\/wholesale-stainless-pressure-cooker-5-285x285.webp 285w, https:\/\/www.linktonkitchen.com\/wp-content\/uploads\/2025\/07\/wholesale-stainless-pressure-cooker-5-270x270.webp 270w, https:\/\/www.linktonkitchen.com\/wp-content\/uploads\/2025\/07\/wholesale-stainless-pressure-cooker-5-540x540.webp 540w, https:\/\/www.linktonkitchen.com\/wp-content\/uploads\/2025\/07\/wholesale-stainless-pressure-cooker-5-660x660.webp 660w\" sizes=\"(max-width: 800px) 100vw, 800px\" \/><\/figure>\n<\/div><\/div>\n<\/div>\n\n\n\n<div class=\"wp-block-columns is-layout-flex wp-container-core-columns-is-layout-9d6595d7 wp-block-columns-is-layout-flex\">\n<div class=\"wp-block-column is-layout-flow wp-block-column-is-layout-flow\">\n<figure class=\"wp-block-image size-full\"><img decoding=\"async\" width=\"800\" height=\"800\" src=\"https:\/\/www.linktonkitchen.com\/wp-content\/uploads\/2024\/04\/Wholesale-Stainless-Steel-Pressure-Cooker-Mirror-2-16QT-for-Home-Commercial-7.webp\" alt=\"Espelho de panela de press\u00e3o de a\u00e7o inoxid\u00e1vel por atacado 2-16QT para casa comercial\" class=\"wp-image-7357\" srcset=\"https:\/\/www.linktonkitchen.com\/wp-content\/uploads\/2024\/04\/Wholesale-Stainless-Steel-Pressure-Cooker-Mirror-2-16QT-for-Home-Commercial-7.webp 800w, https:\/\/www.linktonkitchen.com\/wp-content\/uploads\/2024\/04\/Wholesale-Stainless-Steel-Pressure-Cooker-Mirror-2-16QT-for-Home-Commercial-7-300x300.webp 300w, https:\/\/www.linktonkitchen.com\/wp-content\/uploads\/2024\/04\/Wholesale-Stainless-Steel-Pressure-Cooker-Mirror-2-16QT-for-Home-Commercial-7-150x150.webp 150w, https:\/\/www.linktonkitchen.com\/wp-content\/uploads\/2024\/04\/Wholesale-Stainless-Steel-Pressure-Cooker-Mirror-2-16QT-for-Home-Commercial-7-768x768.webp 768w, https:\/\/www.linktonkitchen.com\/wp-content\/uploads\/2024\/04\/Wholesale-Stainless-Steel-Pressure-Cooker-Mirror-2-16QT-for-Home-Commercial-7-12x12.webp 12w, https:\/\/www.linktonkitchen.com\/wp-content\/uploads\/2024\/04\/Wholesale-Stainless-Steel-Pressure-Cooker-Mirror-2-16QT-for-Home-Commercial-7-285x285.webp 285w, https:\/\/www.linktonkitchen.com\/wp-content\/uploads\/2024\/04\/Wholesale-Stainless-Steel-Pressure-Cooker-Mirror-2-16QT-for-Home-Commercial-7-270x270.webp 270w, https:\/\/www.linktonkitchen.com\/wp-content\/uploads\/2024\/04\/Wholesale-Stainless-Steel-Pressure-Cooker-Mirror-2-16QT-for-Home-Commercial-7-540x540.webp 540w, https:\/\/www.linktonkitchen.com\/wp-content\/uploads\/2024\/04\/Wholesale-Stainless-Steel-Pressure-Cooker-Mirror-2-16QT-for-Home-Commercial-7-660x660.webp 660w\" sizes=\"(max-width: 800px) 100vw, 800px\" \/><\/figure>\n<\/div>\n\n\n\n<div class=\"wp-block-column is-vertically-aligned-center is-layout-flow wp-block-column-is-layout-flow\">\n<h2 class=\"wp-block-heading\">Panela de press\u00e3o personalizada em a\u00e7o inoxid\u00e1vel:<\/h2>\n\n\n\n<p>Oferecemos op\u00e7\u00f5es de panelas de press\u00e3o de a\u00e7o inoxid\u00e1vel OEM e ODM para encomendas personalizadas a granel:<\/p>\n\n\n\n<ul class=\"wp-block-list\">\n<li><strong>Cores personalizadas:<\/strong> preto, vermelho, dourado, amarelo<\/li>\n\n\n\n<li><strong>LOGOTIPO personalizado: <\/strong>no corpo, tampa ou pega<\/li>\n\n\n\n<li><strong>Embalagem personalizada: <\/strong>caixa de cor, saco de transporte, a granel ou em cart\u00e3o, tudo \u00e0 medida das necessidades da sua marca.<\/li>\n\n\n\n<li><strong>Acess\u00f3rios:<\/strong> v\u00e1lvula de press\u00e3o, junta de silicone, grelha de vapor opcional, copo de medi\u00e7\u00e3o, manual.<\/li>\n<\/ul>\n<\/div>\n<\/div>\n\n\n\n<p><\/p>","protected":false},"excerpt":{"rendered":"<p>A panela de press\u00e3o inoxid\u00e1vel por atacado, feita de materiais de alta qualidade e com um design \u00fanico em forma de U, garante um aquecimento uniforme e uma cozedura r\u00e1pida. Est\u00e1 dispon\u00edvel numa variedade de tamanhos e \u00e9 uma panela de cozinha ideal para alta efici\u00eancia e economia de energia. Bem-vindo ao inqu\u00e9rito.<\/p>\n<h2>Panela de press\u00e3o inoxid\u00e1vel Especifica\u00e7\u00f5es:<\/h2>\n<table width=\"402\">\n<tbody>\n<tr>\n<td width=\"145\">Fabricante<\/td>\n<td width=\"257\">Linkton<\/td>\n<\/tr>\n<tr>\n<td width=\"145\">Capacidade<\/td>\n<td width=\"257\">2L\/ 3L\/ 4L \/ 5L\/ 6L<\/td>\n<\/tr>\n<tr>\n<td>Material<\/td>\n<td>A\u00e7o inoxid\u00e1vel<\/td>\n<\/tr>\n<tr>\n<td>Fun\u00e7\u00e3o<\/td>\n<td width=\"257\">1. Cozedura r\u00e1pida de 80kpa<br \/>2. V\u00e1lvula de fecho de seguran\u00e7a de ponto vermelho para utiliza\u00e7\u00e3o em sistemas de seguran\u00e7a<br \/>3. Sistema de seguran\u00e7a \u00e0 prova de explos\u00e3o<br \/>4. Limpeza c\u00f3moda<\/td>\n<\/tr>\n<tr>\n<td>Fog\u00e3o aplic\u00e1vel<\/td>\n<td>Fog\u00e3o\/ Fog\u00e3o de indu\u00e7\u00e3o\/ Fog\u00e3o a g\u00e1s\/ Fog\u00e3o el\u00e9trico\/ Fog\u00e3o de cer\u00e2mica\/ Fog\u00e3o de halog\u00e9neo<\/td>\n<\/tr>\n<tr>\n<td>Configura\u00e7\u00e3o<\/td>\n<td width=\"257\">Manual\/V\u00e1lvula limitadora de press\u00e3o\/Bacia anti-derrame\/Agulha de limpeza<\/td>\n<\/tr>\n<tr>\n<td>OEM\/ODM<\/td>\n<td>Aceit\u00e1vel<\/td>\n<\/tr>\n<tr>\n<td>Amostra<\/td>\n<td>MOQ 1 pe\u00e7a<\/td>\n<\/tr>\n<\/tbody>\n<\/table>","protected":false},"featured_media":6132,"template":"","meta":{"_acf_changed":false},"product-application":[],"product-capacity":[],"product_brand":[],"product_cat":[55],"product_tag":[76,80],"class_list":{"0":"post-6049","1":"product","2":"type-product","3":"status-publish","4":"has-post-thumbnail","6":"product_cat-pressure-cooker-wholesale","7":"product_tag-wholesale-home-pressure-cooker","8":"product_tag-wholesale-small-pressure-cooker","10":"first","11":"instock","12":"shipping-taxable","13":"product-type-simple"},"acf":[],"_links":{"self":[{"href":"https:\/\/www.linktonkitchen.com\/pt\/wp-json\/wp\/v2\/product\/6049","targetHints":{"allow":["GET"]}}],"collection":[{"href":"https:\/\/www.linktonkitchen.com\/pt\/wp-json\/wp\/v2\/product"}],"about":[{"href":"https:\/\/www.linktonkitchen.com\/pt\/wp-json\/wp\/v2\/types\/product"}],"version-history":[{"count":0,"href":"https:\/\/www.linktonkitchen.com\/pt\/wp-json\/wp\/v2\/product\/6049\/revisions"}],"wp:featuredmedia":[{"embeddable":true,"href":"https:\/\/www.linktonkitchen.com\/pt\/wp-json\/wp\/v2\/media\/6132"}],"wp:attachment":[{"href":"https:\/\/www.linktonkitchen.com\/pt\/wp-json\/wp\/v2\/media?parent=6049"}],"wp:term":[{"taxonomy":"product-application","embeddable":true,"href":"https:\/\/www.linktonkitchen.com\/pt\/wp-json\/wp\/v2\/product-application?post=6049"},{"taxonomy":"product-capacity","embeddable":true,"href":"https:\/\/www.linktonkitchen.com\/pt\/wp-json\/wp\/v2\/product-capacity?post=6049"},{"taxonomy":"product_brand","embeddable":true,"href":"https:\/\/www.linktonkitchen.com\/pt\/wp-json\/wp\/v2\/product_brand?post=6049"},{"taxonomy":"product_cat","embeddable":true,"href":"https:\/\/www.linktonkitchen.com\/pt\/wp-json\/wp\/v2\/product_cat?post=6049"},{"taxonomy":"product_tag","embeddable":true,"href":"https:\/\/www.linktonkitchen.com\/pt\/wp-json\/wp\/v2\/product_tag?post=6049"}],"curies":[{"name":"wp","href":"https:\/\/api.w.org\/{rel}","templated":true}]}}