{"id":6060,"date":"2025-07-22T10:33:48","date_gmt":"2025-07-22T10:33:48","guid":{"rendered":"https:\/\/www.linktonkitchen.com\/?post_type=product&#038;p=6060"},"modified":"2026-02-03T06:58:41","modified_gmt":"2026-02-03T06:58:41","slug":"wholesale-safe-pressure-cooker","status":"publish","type":"product","link":"https:\/\/www.linktonkitchen.com\/pt\/product\/wholesale-safe-pressure-cooker\/","title":{"rendered":"Panela de press\u00e3o segura por atacado, a\u00e7o inoxid\u00e1vel, 5 QT, panela de indu\u00e7\u00e3o para fog\u00e3o"},"content":{"rendered":"<div class=\"wp-block-columns is-layout-flex wp-container-core-columns-is-layout-9d6595d7 wp-block-columns-is-layout-flex\">\n<div class=\"wp-block-column is-layout-flow wp-block-column-is-layout-flow\" style=\"flex-basis:30%\">\n<figure class=\"wp-block-embed is-type-video is-provider-youtube wp-block-embed-youtube wp-embed-aspect-9-16 wp-has-aspect-ratio\"><div class=\"wp-block-embed__wrapper\">\n<iframe title=\"Panela de press\u00e3o anti-explos\u00e3o com prote\u00e7\u00e3o de m\u00faltiplos pormenores para garantir uma cozedura segura.#utens\u00edlios de cozinha\" width=\"563\" height=\"1000\" src=\"https:\/\/www.youtube.com\/embed\/t0jyKNFd0yk?feature=oembed\" frameborder=\"0\" allow=\"accelerometer; autoplay; clipboard-write; encrypted-media; gyroscope; picture-in-picture; web-share\" referrerpolicy=\"strict-origin-when-cross-origin\" allowfullscreen><\/iframe>\n<\/div><\/figure>\n<\/div>\n\n\n\n<div class=\"wp-block-column is-vertically-aligned-center is-layout-flow wp-block-column-is-layout-flow\" style=\"flex-basis:70%\">\n<h2 class=\"wp-block-heading\">Panela de press\u00e3o segura Par\u00e2metro:<\/h2>\n\n\n\n<figure class=\"wp-block-table\"><table><tbody><tr><td>Modelo n.<\/td><td>Capacidade<\/td><td>Di\u00e2metro da boca<\/td><td>Peso bruto (kg)<\/td><\/tr><tr><td rowspan=\"10\">LT-FB<\/td><td>5L<\/td><td>22 cm<\/td><td>3,23 kg<\/td><\/tr><tr><td>7L<\/td><td>24 cm<\/td><td>3,53 kg<\/td><\/tr><tr><td>9L<\/td><td>26 cm<\/td><td>4,35 kg<\/td><\/tr><tr><td>11L<\/td><td>28 cm<\/td><td>4,82 kg<\/td><\/tr><tr><td>13L<\/td><td>30 cm<\/td><td>5,84 kg<\/td><\/tr><tr><td>15L<\/td><td>32 cm<\/td><td>6,04 kg<\/td><\/tr><\/tbody><\/table><\/figure>\n\n\n\n<h2 class=\"wp-block-heading\">Panela de press\u00e3o segura Carater\u00edsticas:<\/h2>\n\n\n\n<p><strong>Tecnologia inovadora \u00e0 prova de explos\u00e3o<\/strong>: evita acidentes provocados por uma press\u00e3o excessiva na panela de press\u00e3o e garante uma utiliza\u00e7\u00e3o segura.<\/p>\n\n\n\n<p><strong>Material de a\u00e7o inoxid\u00e1vel de alta qualidade<\/strong>: robusto e dur\u00e1vel, resiste facilmente a ambientes de alta temperatura e alta press\u00e3o e garante uma utiliza\u00e7\u00e3o a longo prazo sem deforma\u00e7\u00e3o.<\/p>\n\n\n\n<p><strong>Cozedura r\u00e1pida e eficiente<\/strong>: O design de press\u00e3o especial permite concluir as tarefas de cozedura num curto espa\u00e7o de tempo, poupar tempo e preservar perfeitamente a nutri\u00e7\u00e3o e o sabor dos ingredientes.<\/p>\n\n\n\n<p><strong>V\u00e1lvula de seguran\u00e7a e sistema de bloqueio<\/strong>: Equipado com uma v\u00e1lvula de seguran\u00e7a fi\u00e1vel e um sistema de bloqueio para garantir a veda\u00e7\u00e3o e a seguran\u00e7a sob alta press\u00e3o para evitar acidentes.<\/p>\n\n\n\n<p><strong>Poupan\u00e7a de energia e prote\u00e7\u00e3o do ambiente:<\/strong> Atrav\u00e9s do sistema de controlo de press\u00e3o optimizado, pode aquecer rapidamente e manter a temperatura elevada, reduzir o consumo de energia, encurtar o tempo de cozedura e poupar eletricidade.<\/p>\n<\/div>\n<\/div>\n\n\n\n<div class=\"wp-block-columns is-layout-flex wp-container-core-columns-is-layout-9d6595d7 wp-block-columns-is-layout-flex\">\n<div class=\"wp-block-column is-vertically-aligned-center is-layout-flow wp-block-column-is-layout-flow\">\n<h2 class=\"wp-block-heading\">Panela de press\u00e3o segura personalizada<\/h2>\n\n\n\n<p><strong>Gama de capacidades:&nbsp;<\/strong>Escolha entre 5L-15L para satisfazer as necessidades de diferentes tamanhos de fam\u00edlia.<\/p>\n\n\n\n<p><strong>Acabamento da superf\u00edcie:&nbsp;<\/strong>Dispon\u00edvel em polimento espelhado (alto brilho), acabamento acetinado (aspeto escovado) ou revestimento de cor personalizada.<\/p>\n\n\n\n<p><strong>Marca e log\u00f3tipo:<\/strong><\/p>\n\n\n\n<ul class=\"wp-block-list\">\n<li>Grava\u00e7\u00e3o a laser no corpo do pote.<\/li>\n\n\n\n<li>Carimbo na parte inferior.<\/li>\n\n\n\n<li>Log\u00f3tipo personalizado nas pegas e v\u00e1lvulas de press\u00e3o.<\/li>\n<\/ul>\n\n\n\n<p><strong>Design de embalagens:&nbsp;<\/strong>Caixas de cor, manuais de instru\u00e7\u00f5es e caixas de transporte totalmente personalizadas com a identidade visual da sua marca.<\/p>\n<\/div>\n\n\n\n<div class=\"wp-block-column is-layout-flow wp-block-column-is-layout-flow\">\n<figure class=\"wp-block-image size-full\"><img fetchpriority=\"high\" decoding=\"async\" width=\"800\" height=\"800\" src=\"https:\/\/www.linktonkitchen.com\/wp-content\/uploads\/2025\/07\/Wholesale-explosion-proof-pressure-cookers-with-double-handles-for-commercial-restaurants-3.webp\" alt=\"Panelas de press\u00e3o por atacado \u00e0 prova de explos\u00e3o com pegas duplas para restaurantes comerciais\" class=\"wp-image-7197\" srcset=\"https:\/\/www.linktonkitchen.com\/wp-content\/uploads\/2025\/07\/Wholesale-explosion-proof-pressure-cookers-with-double-handles-for-commercial-restaurants-3.webp 800w, https:\/\/www.linktonkitchen.com\/wp-content\/uploads\/2025\/07\/Wholesale-explosion-proof-pressure-cookers-with-double-handles-for-commercial-restaurants-3-300x300.webp 300w, https:\/\/www.linktonkitchen.com\/wp-content\/uploads\/2025\/07\/Wholesale-explosion-proof-pressure-cookers-with-double-handles-for-commercial-restaurants-3-150x150.webp 150w, https:\/\/www.linktonkitchen.com\/wp-content\/uploads\/2025\/07\/Wholesale-explosion-proof-pressure-cookers-with-double-handles-for-commercial-restaurants-3-768x768.webp 768w, https:\/\/www.linktonkitchen.com\/wp-content\/uploads\/2025\/07\/Wholesale-explosion-proof-pressure-cookers-with-double-handles-for-commercial-restaurants-3-12x12.webp 12w, https:\/\/www.linktonkitchen.com\/wp-content\/uploads\/2025\/07\/Wholesale-explosion-proof-pressure-cookers-with-double-handles-for-commercial-restaurants-3-285x285.webp 285w, https:\/\/www.linktonkitchen.com\/wp-content\/uploads\/2025\/07\/Wholesale-explosion-proof-pressure-cookers-with-double-handles-for-commercial-restaurants-3-270x270.webp 270w, https:\/\/www.linktonkitchen.com\/wp-content\/uploads\/2025\/07\/Wholesale-explosion-proof-pressure-cookers-with-double-handles-for-commercial-restaurants-3-540x540.webp 540w, https:\/\/www.linktonkitchen.com\/wp-content\/uploads\/2025\/07\/Wholesale-explosion-proof-pressure-cookers-with-double-handles-for-commercial-restaurants-3-660x660.webp 660w\" sizes=\"(max-width: 800px) 100vw, 800px\" \/><\/figure>\n<\/div>\n<\/div>","protected":false},"excerpt":{"rendered":"<p>A panela de press\u00e3o segura por atacado, com design \u00e0 prova de explos\u00e3o, garante que todos os cozinhados s\u00e3o seguros e sem preocupa\u00e7\u00f5es. \u00c9 uma ferramenta de cozinha eficiente, segura e economizadora de energia. Uma variedade de especifica\u00e7\u00f5es est\u00e1 dispon\u00edvel para atender \u00e0s diferentes necessidades da cozinha. Contacte-nos agora para obter o cat\u00e1logo de produtos.<\/p>\n<h2>Especifica\u00e7\u00f5es da panela de press\u00e3o segura:<\/h2>\n<table width=\"402\">\n<tbody>\n<tr>\n<td width=\"145\">Fabricante<\/td>\n<td width=\"257\">Linkton<\/td>\n<\/tr>\n<tr>\n<td width=\"145\">Capacidade<\/td>\n<td width=\"257\">5L\/7L\/11L\/3L\/15L<\/td>\n<\/tr>\n<tr>\n<td>Material<\/td>\n<td>A\u00e7o inoxid\u00e1vel<\/td>\n<\/tr>\n<tr>\n<td>Fun\u00e7\u00e3o<\/td>\n<td width=\"257\">1. Cozedura r\u00e1pida de 60kPa\u00a0<br \/>2. Sistema de seguran\u00e7a \u00e0 prova de explos\u00e3o<br \/>3. Bot\u00e3o rotativo em baquelite para uma abertura f\u00e1cil e segura<br \/>4. Limpeza c\u00f3moda<\/td>\n<\/tr>\n<tr>\n<td>Fog\u00e3o aplic\u00e1vel<\/td>\n<td>Fog\u00e3o\/ Fog\u00e3o de indu\u00e7\u00e3o\/ Fog\u00e3o a g\u00e1s\/ Fog\u00e3o el\u00e9trico\/ Fog\u00e3o de cer\u00e2mica\/ Fog\u00e3o de halog\u00e9neo<\/td>\n<\/tr>\n<tr>\n<td>Configura\u00e7\u00e3o<\/td>\n<td width=\"257\">Manual\/V\u00e1lvula limitadora de press\u00e3o\/Bacia anti-derrame\/Agulha de limpeza<\/td>\n<\/tr>\n<tr>\n<td>OEM\/ODM<\/td>\n<td>Aceit\u00e1vel<\/td>\n<\/tr>\n<tr>\n<td>Amostra<\/td>\n<td>MOQ 1 pe\u00e7a<\/td>\n<\/tr>\n<\/tbody>\n<\/table>","protected":false},"featured_media":6061,"template":"","meta":{"_acf_changed":false},"product-application":[],"product-capacity":[],"product_brand":[],"product_cat":[55],"product_tag":[76,80],"class_list":{"0":"post-6060","1":"product","2":"type-product","3":"status-publish","4":"has-post-thumbnail","6":"product_cat-pressure-cooker-wholesale","7":"product_tag-wholesale-home-pressure-cooker","8":"product_tag-wholesale-small-pressure-cooker","10":"first","11":"instock","12":"shipping-taxable","13":"product-type-simple"},"acf":[],"_links":{"self":[{"href":"https:\/\/www.linktonkitchen.com\/pt\/wp-json\/wp\/v2\/product\/6060","targetHints":{"allow":["GET"]}}],"collection":[{"href":"https:\/\/www.linktonkitchen.com\/pt\/wp-json\/wp\/v2\/product"}],"about":[{"href":"https:\/\/www.linktonkitchen.com\/pt\/wp-json\/wp\/v2\/types\/product"}],"version-history":[{"count":0,"href":"https:\/\/www.linktonkitchen.com\/pt\/wp-json\/wp\/v2\/product\/6060\/revisions"}],"wp:featuredmedia":[{"embeddable":true,"href":"https:\/\/www.linktonkitchen.com\/pt\/wp-json\/wp\/v2\/media\/6061"}],"wp:attachment":[{"href":"https:\/\/www.linktonkitchen.com\/pt\/wp-json\/wp\/v2\/media?parent=6060"}],"wp:term":[{"taxonomy":"product-application","embeddable":true,"href":"https:\/\/www.linktonkitchen.com\/pt\/wp-json\/wp\/v2\/product-application?post=6060"},{"taxonomy":"product-capacity","embeddable":true,"href":"https:\/\/www.linktonkitchen.com\/pt\/wp-json\/wp\/v2\/product-capacity?post=6060"},{"taxonomy":"product_brand","embeddable":true,"href":"https:\/\/www.linktonkitchen.com\/pt\/wp-json\/wp\/v2\/product_brand?post=6060"},{"taxonomy":"product_cat","embeddable":true,"href":"https:\/\/www.linktonkitchen.com\/pt\/wp-json\/wp\/v2\/product_cat?post=6060"},{"taxonomy":"product_tag","embeddable":true,"href":"https:\/\/www.linktonkitchen.com\/pt\/wp-json\/wp\/v2\/product_tag?post=6060"}],"curies":[{"name":"wp","href":"https:\/\/api.w.org\/{rel}","templated":true}]}}