{"id":6089,"date":"2025-08-06T07:45:41","date_gmt":"2025-08-06T07:45:41","guid":{"rendered":"https:\/\/www.linktonkitchen.com\/?post_type=product&#038;p=6089"},"modified":"2026-02-04T11:34:34","modified_gmt":"2026-02-04T11:34:34","slug":"wholesale-multi-funtion-pressure-cooker","status":"publish","type":"product","link":"https:\/\/www.linktonkitchen.com\/pt\/produto\/wholesale-multi-funtion-pressure-cooker\/","title":{"rendered":"Panela de press\u00e3o de a\u00e7o inoxid\u00e1vel por atacado com grelha para cozinhar a vapor, panela multifun\u00e7\u00f5es para cozinhar a vapor"},"content":{"rendered":"<div class=\"wp-block-columns is-layout-flex wp-container-core-columns-is-layout-9d6595d7 wp-block-columns-is-layout-flex\">\n<div class=\"wp-block-column is-layout-flow wp-block-column-is-layout-flow\"><\/div>\n\n\n\n<div class=\"wp-block-column is-layout-flow wp-block-column-is-layout-flow\"><\/div>\n<\/div>\n\n\n\n<div class=\"wp-block-columns is-layout-flex wp-container-core-columns-is-layout-9d6595d7 wp-block-columns-is-layout-flex\">\n<div class=\"wp-block-column is-vertically-aligned-top is-layout-flow wp-block-column-is-layout-flow\">\n<h2 class=\"wp-block-heading\">Panela de press\u00e3o de a\u00e7o inoxid\u00e1vel Par\u00e2metro:<\/h2>\n\n\n\n<figure class=\"wp-block-table\"><table><tbody><tr><td>Modelo n.<\/td><td>Capacidade<\/td><td>Di\u00e2metro da boca<\/td><td>Peso<\/td><\/tr><tr><td rowspan=\"3\">LT-TJ<\/td><td>5L<\/td><td>22 cm<\/td><td>2,53 kg<\/td><\/tr><tr><td>6L<\/td><td>24 cm<\/td><td>2,9 kg<\/td><\/tr><tr><td>8L<\/td><td>26 cm<\/td><td>3,59 kg<\/td><\/tr><\/tbody><\/table><\/figure>\n\n\n\n<h2 class=\"wp-block-heading\">Panela de press\u00e3o em a\u00e7o inoxid\u00e1vel Carater\u00edsticas:<\/h2>\n\n\n\n<p><strong>Capacidade flex\u00edvel em v\u00e1rias especifica\u00e7\u00f5es<\/strong>: Est\u00e3o dispon\u00edveis 5L, 6L e 8L, que s\u00e3o adequados para a cozinha dom\u00e9stica di\u00e1ria, fam\u00edlias com v\u00e1rias pessoas ou necessidades comerciais ligeiras, e s\u00e3o muito pr\u00e1ticos.<\/p>\n\n\n\n<p><strong>Panela de press\u00e3o multifun\u00e7\u00f5es<\/strong>: Integra a cozedura a vapor, a fervura e a estufagem. N\u00e3o s\u00f3 pode estufar carne de forma eficiente, como tamb\u00e9m cozer legumes a vapor para os manter frescos, indo ao encontro de um estilo de vida culin\u00e1rio saud\u00e1vel.<\/p>\n\n\n\n<p><strong>Corpo da panela em a\u00e7o inoxid\u00e1vel de alta qualidade<\/strong>: \u00c9 feito de a\u00e7o inoxid\u00e1vel de qualidade alimentar, resistente a altas temperaturas e sem subst\u00e2ncias nocivas. Tem uma forte resist\u00eancia \u00e0 corros\u00e3o, \u00e9 dur\u00e1vel e n\u00e3o muda de cor, tornando a cozedura mais segura.<\/p>\n\n\n\n<p><strong>Estrutura da tampa da panela com elevado desempenho de veda\u00e7\u00e3o<\/strong>: Com um anel de veda\u00e7\u00e3o pressurizado, ret\u00e9m eficazmente o calor e a nutri\u00e7\u00e3o, melhora a efic\u00e1cia da cozedura e reduz as fugas de vapor.<\/p>\n\n\n\n<p><strong>Abertura e fecho c\u00f3modo por bot\u00e3o: <\/strong>\u00c9 adoptada a estrutura de bloqueio por bot\u00e3o, que poupa mais trabalho e \u00e9 f\u00e1cil de abrir e fechar, adequada para uma utiliza\u00e7\u00e3o di\u00e1ria frequente.<\/p>\n\n\n\n<p><strong>Seguro e delicioso: <\/strong>V\u00e1lvula reguladora de press\u00e3o incorporada e orif\u00edcio de seguran\u00e7a de al\u00edvio de press\u00e3o, ajusta inteligentemente a press\u00e3o de cozedura, o que n\u00e3o s\u00f3 garante o sabor dos alimentos como tamb\u00e9m melhora a seguran\u00e7a.<\/p>\n\n\n\n<p><strong>Poupan\u00e7a de energia e efici\u00eancia<\/strong>: Pode poupar cerca de 30% de tempo e energia sob as mesmas condi\u00e7\u00f5es de aquecimento, e facilmente lidar com as necessidades da vida acelerada.<\/p>\n\n\n\n<p><strong>Compatibilidade universal:<\/strong> Compat\u00edvel com fog\u00f5es a g\u00e1s, fog\u00f5es de indu\u00e7\u00e3o e fog\u00f5es de cer\u00e2mica.<\/p>\n<\/div>\n\n\n\n<div class=\"wp-block-column is-vertically-aligned-top is-layout-flow wp-block-column-is-layout-flow\">\n<h2 class=\"wp-block-heading\"><\/h2>\n\n\n\n<figure class=\"wp-block-image size-full\"><img fetchpriority=\"high\" decoding=\"async\" width=\"800\" height=\"800\" src=\"https:\/\/www.linktonkitchen.com\/wp-content\/uploads\/2025\/07\/Wholesale-Multi-Funtion-Pressure-Cooker-1.webp\" alt=\"Panela de press\u00e3o multifun\u00e7\u00f5es por atacado (1)\" class=\"wp-image-6090\" srcset=\"https:\/\/www.linktonkitchen.com\/wp-content\/uploads\/2025\/07\/Wholesale-Multi-Funtion-Pressure-Cooker-1.webp 800w, https:\/\/www.linktonkitchen.com\/wp-content\/uploads\/2025\/07\/Wholesale-Multi-Funtion-Pressure-Cooker-1-300x300.webp 300w, https:\/\/www.linktonkitchen.com\/wp-content\/uploads\/2025\/07\/Wholesale-Multi-Funtion-Pressure-Cooker-1-150x150.webp 150w, https:\/\/www.linktonkitchen.com\/wp-content\/uploads\/2025\/07\/Wholesale-Multi-Funtion-Pressure-Cooker-1-768x768.webp 768w, https:\/\/www.linktonkitchen.com\/wp-content\/uploads\/2025\/07\/Wholesale-Multi-Funtion-Pressure-Cooker-1-12x12.webp 12w, https:\/\/www.linktonkitchen.com\/wp-content\/uploads\/2025\/07\/Wholesale-Multi-Funtion-Pressure-Cooker-1-285x285.webp 285w, https:\/\/www.linktonkitchen.com\/wp-content\/uploads\/2025\/07\/Wholesale-Multi-Funtion-Pressure-Cooker-1-270x270.webp 270w, https:\/\/www.linktonkitchen.com\/wp-content\/uploads\/2025\/07\/Wholesale-Multi-Funtion-Pressure-Cooker-1-540x540.webp 540w, https:\/\/www.linktonkitchen.com\/wp-content\/uploads\/2025\/07\/Wholesale-Multi-Funtion-Pressure-Cooker-1-660x660.webp 660w\" sizes=\"(max-width: 800px) 100vw, 800px\" \/><\/figure>\n<\/div>\n<\/div>\n\n\n\n<div class=\"wp-block-columns is-layout-flex wp-container-core-columns-is-layout-9d6595d7 wp-block-columns-is-layout-flex\">\n<div class=\"wp-block-column is-layout-flow wp-block-column-is-layout-flow\">\n<figure class=\"wp-block-image size-full\"><img decoding=\"async\" width=\"800\" height=\"800\" src=\"https:\/\/www.linktonkitchen.com\/wp-content\/uploads\/2025\/07\/Wholesale-Multi-Funtion-Pressure-Cooker-5.webp\" alt=\"Panela de press\u00e3o multifun\u00e7\u00f5es por atacado (5)\" class=\"wp-image-6094\" srcset=\"https:\/\/www.linktonkitchen.com\/wp-content\/uploads\/2025\/07\/Wholesale-Multi-Funtion-Pressure-Cooker-5.webp 800w, https:\/\/www.linktonkitchen.com\/wp-content\/uploads\/2025\/07\/Wholesale-Multi-Funtion-Pressure-Cooker-5-300x300.webp 300w, https:\/\/www.linktonkitchen.com\/wp-content\/uploads\/2025\/07\/Wholesale-Multi-Funtion-Pressure-Cooker-5-150x150.webp 150w, https:\/\/www.linktonkitchen.com\/wp-content\/uploads\/2025\/07\/Wholesale-Multi-Funtion-Pressure-Cooker-5-768x768.webp 768w, https:\/\/www.linktonkitchen.com\/wp-content\/uploads\/2025\/07\/Wholesale-Multi-Funtion-Pressure-Cooker-5-12x12.webp 12w, https:\/\/www.linktonkitchen.com\/wp-content\/uploads\/2025\/07\/Wholesale-Multi-Funtion-Pressure-Cooker-5-285x285.webp 285w, https:\/\/www.linktonkitchen.com\/wp-content\/uploads\/2025\/07\/Wholesale-Multi-Funtion-Pressure-Cooker-5-270x270.webp 270w, https:\/\/www.linktonkitchen.com\/wp-content\/uploads\/2025\/07\/Wholesale-Multi-Funtion-Pressure-Cooker-5-540x540.webp 540w, https:\/\/www.linktonkitchen.com\/wp-content\/uploads\/2025\/07\/Wholesale-Multi-Funtion-Pressure-Cooker-5-660x660.webp 660w\" sizes=\"(max-width: 800px) 100vw, 800px\" \/><\/figure>\n<\/div>\n\n\n\n<div class=\"wp-block-column is-layout-flow wp-block-column-is-layout-flow\">\n<figure class=\"wp-block-image size-full\"><img decoding=\"async\" width=\"800\" height=\"800\" src=\"https:\/\/www.linktonkitchen.com\/wp-content\/uploads\/2025\/07\/Wholesale-Multi-Funtion-Pressure-Cooker-3.webp\" alt=\"Panela de press\u00e3o multifun\u00e7\u00f5es por atacado (3)\" class=\"wp-image-6092\" srcset=\"https:\/\/www.linktonkitchen.com\/wp-content\/uploads\/2025\/07\/Wholesale-Multi-Funtion-Pressure-Cooker-3.webp 800w, https:\/\/www.linktonkitchen.com\/wp-content\/uploads\/2025\/07\/Wholesale-Multi-Funtion-Pressure-Cooker-3-300x300.webp 300w, https:\/\/www.linktonkitchen.com\/wp-content\/uploads\/2025\/07\/Wholesale-Multi-Funtion-Pressure-Cooker-3-150x150.webp 150w, https:\/\/www.linktonkitchen.com\/wp-content\/uploads\/2025\/07\/Wholesale-Multi-Funtion-Pressure-Cooker-3-768x768.webp 768w, https:\/\/www.linktonkitchen.com\/wp-content\/uploads\/2025\/07\/Wholesale-Multi-Funtion-Pressure-Cooker-3-12x12.webp 12w, https:\/\/www.linktonkitchen.com\/wp-content\/uploads\/2025\/07\/Wholesale-Multi-Funtion-Pressure-Cooker-3-285x285.webp 285w, https:\/\/www.linktonkitchen.com\/wp-content\/uploads\/2025\/07\/Wholesale-Multi-Funtion-Pressure-Cooker-3-270x270.webp 270w, https:\/\/www.linktonkitchen.com\/wp-content\/uploads\/2025\/07\/Wholesale-Multi-Funtion-Pressure-Cooker-3-540x540.webp 540w, https:\/\/www.linktonkitchen.com\/wp-content\/uploads\/2025\/07\/Wholesale-Multi-Funtion-Pressure-Cooker-3-660x660.webp 660w\" sizes=\"(max-width: 800px) 100vw, 800px\" \/><\/figure>\n<\/div>\n<\/div>\n\n\n\n<p><\/p>","protected":false},"excerpt":{"rendered":"<p>Panela de press\u00e3o multifun\u00e7\u00f5es por atacado, suporta v\u00e1rios m\u00e9todos de cozedura, com capacidade opcional de 5L\/6L\/8L para satisfazer diversas necessidades de cozedura. Tampa de alta veda\u00e7\u00e3o com sistema de controle de press\u00e3o preciso, economia de energia e sem preocupa\u00e7\u00f5es. Fornecimento direto da f\u00e1brica Linkton, pre\u00e7o por grosso. Contacte-nos para o inqu\u00e9rito!<\/p>\n<h2>Panela de press\u00e3o multifun\u00e7\u00f5es Especifica\u00e7\u00f5es:<\/h2>\n<table width=\"402\">\n<tbody>\n<tr>\n<td width=\"145\">Fabricante<\/td>\n<td width=\"257\">Linkton<\/td>\n<\/tr>\n<tr>\n<td>Material<\/td>\n<td>A\u00e7o inoxid\u00e1vel<\/td>\n<\/tr>\n<tr>\n<td>Configura\u00e7\u00e3o<\/td>\n<td width=\"257\">Manual\/V\u00e1lvula limitadora de press\u00e3o\/Bacia anti-derrame\/Agulha de limpeza<\/td>\n<\/tr>\n<tr>\n<td>Fog\u00e3o aplic\u00e1vel<\/td>\n<td>Fog\u00e3o\/ Fog\u00e3o de indu\u00e7\u00e3o\/ Fog\u00e3o a g\u00e1s\/ Fog\u00e3o el\u00e9trico\/ Fog\u00e3o de cer\u00e2mica\/ Fog\u00e3o de halog\u00e9neo<\/td>\n<\/tr>\n<tr>\n<td>Fun\u00e7\u00e3o<\/td>\n<td width=\"257\">\n<p>1. Com folha para vapor<br \/>2. Press\u00e3o de 80 kpa<br \/>3. V\u00e1lvula autom\u00e1tica de liberta\u00e7\u00e3o de press\u00e3o com ponto vermelho<br \/>4. Seguran\u00e7a \u00e0 prova de explos\u00e3o<br \/>5. Limpeza c\u00f3moda<\/p>\n<\/td>\n<\/tr>\n<tr>\n<td>OEM\/ODM<\/td>\n<td>Aceit\u00e1vel<\/td>\n<\/tr>\n<tr>\n<td>Amostra<\/td>\n<td>MOQ 1 pe\u00e7a<\/td>\n<\/tr>\n<\/tbody>\n<\/table>","protected":false},"featured_media":6091,"template":"","meta":{"_acf_changed":false},"product-application":[],"product-capacity":[],"product_brand":[],"product_cat":[55],"product_tag":[76,80,81],"class_list":{"0":"post-6089","1":"product","2":"type-product","3":"status-publish","4":"has-post-thumbnail","6":"product_cat-pressure-cooker-wholesale","7":"product_tag-wholesale-home-pressure-cooker","8":"product_tag-wholesale-small-pressure-cooker","9":"product_tag-wholesale-medium-pressure-cooker","11":"first","12":"instock","13":"shipping-taxable","14":"product-type-simple"},"acf":[],"_links":{"self":[{"href":"https:\/\/www.linktonkitchen.com\/pt\/wp-json\/wp\/v2\/product\/6089","targetHints":{"allow":["GET"]}}],"collection":[{"href":"https:\/\/www.linktonkitchen.com\/pt\/wp-json\/wp\/v2\/product"}],"about":[{"href":"https:\/\/www.linktonkitchen.com\/pt\/wp-json\/wp\/v2\/types\/product"}],"version-history":[{"count":4,"href":"https:\/\/www.linktonkitchen.com\/pt\/wp-json\/wp\/v2\/product\/6089\/revisions"}],"predecessor-version":[{"id":7347,"href":"https:\/\/www.linktonkitchen.com\/pt\/wp-json\/wp\/v2\/product\/6089\/revisions\/7347"}],"wp:featuredmedia":[{"embeddable":true,"href":"https:\/\/www.linktonkitchen.com\/pt\/wp-json\/wp\/v2\/media\/6091"}],"wp:attachment":[{"href":"https:\/\/www.linktonkitchen.com\/pt\/wp-json\/wp\/v2\/media?parent=6089"}],"wp:term":[{"taxonomy":"product-application","embeddable":true,"href":"https:\/\/www.linktonkitchen.com\/pt\/wp-json\/wp\/v2\/product-application?post=6089"},{"taxonomy":"product-capacity","embeddable":true,"href":"https:\/\/www.linktonkitchen.com\/pt\/wp-json\/wp\/v2\/product-capacity?post=6089"},{"taxonomy":"product_brand","embeddable":true,"href":"https:\/\/www.linktonkitchen.com\/pt\/wp-json\/wp\/v2\/product_brand?post=6089"},{"taxonomy":"product_cat","embeddable":true,"href":"https:\/\/www.linktonkitchen.com\/pt\/wp-json\/wp\/v2\/product_cat?post=6089"},{"taxonomy":"product_tag","embeddable":true,"href":"https:\/\/www.linktonkitchen.com\/pt\/wp-json\/wp\/v2\/product_tag?post=6089"}],"curies":[{"name":"wp","href":"https:\/\/api.w.org\/{rel}","templated":true}]}}