{"id":6100,"date":"2025-07-23T02:00:41","date_gmt":"2025-07-23T02:00:41","guid":{"rendered":"https:\/\/www.linktonkitchen.com\/?post_type=product&#038;p=6100"},"modified":"2026-02-04T07:10:09","modified_gmt":"2026-02-04T07:10:09","slug":"wholesale-adjustable-pressure-cooker","status":"publish","type":"product","link":"https:\/\/www.linktonkitchen.com\/pt\/product\/wholesale-adjustable-pressure-cooker\/","title":{"rendered":"Panela de Press\u00e3o Ajust\u00e1vel por Atacado, Panela de Press\u00e3o Moderna de A\u00e7o Inoxid\u00e1vel Fabricante"},"content":{"rendered":"<div class=\"wp-block-columns is-layout-flex wp-container-core-columns-is-layout-9d6595d7 wp-block-columns-is-layout-flex\">\n<div class=\"wp-block-column is-vertically-aligned-top is-layout-flow wp-block-column-is-layout-flow\">\n<h2 class=\"wp-block-heading\">Panela de press\u00e3o ajust\u00e1vel Par\u00e2metro:<\/h2>\n\n\n\n<figure class=\"wp-block-table\"><table><tbody><tr><td>Modelo n.<\/td><td>Capacidade<\/td><td>Di\u00e2metro da boca<\/td><td>Peso bruto (kg)<\/td><\/tr><tr><td rowspan=\"3\">LT-TY<\/td><td>4L<\/td><td>20 cm<\/td><td>2,2 kg<\/td><\/tr><tr><td>5L<\/td><td>22 cm<\/td><td>2,65 kg<\/td><\/tr><tr><td>6L<\/td><td>24 cm<\/td><td>3,2 kg<\/td><\/tr><\/tbody><\/table><\/figure>\n\n\n\n<h2 class=\"wp-block-heading\">Panela de press\u00e3o ajust\u00e1vel Carater\u00edsticas:<\/h2>\n\n\n\n<p><strong>Ajuste da press\u00e3o da engrenagem dupla: <\/strong>Esta panela de press\u00e3o em a\u00e7o inoxid\u00e1vel possui um bot\u00e3o rotativo com duas defini\u00e7\u00f5es de press\u00e3o (60KPA \/ 100KPA) para uma cozedura flex\u00edvel. Utilize a press\u00e3o alta para cozinhar carne rapidamente e a press\u00e3o baixa para estufar delicadamente legumes ou marisco. F\u00e1cil de utilizar e ideal para cozinheiros dom\u00e9sticos, principiantes e profissionais.<\/p>\n\n\n\n<p><strong>Corpo da panela em a\u00e7o inoxid\u00e1vel de alta resist\u00eancia<\/strong>: Feito de a\u00e7o inoxid\u00e1vel de alta qualidade, resistente a altas temperaturas e \u00e0 corros\u00e3o, o corpo da panela \u00e9 robusto e dur\u00e1vel, adequado para cen\u00e1rios de cozedura di\u00e1ria e de alta frequ\u00eancia.<\/p>\n\n\n\n<p><strong>M\u00faltiplas protec\u00e7\u00f5es de seguran\u00e7a:<\/strong> Equipado com uma v\u00e1lvula de seguran\u00e7a de al\u00edvio de press\u00e3o, um dispositivo de tampa de bloqueio e um design de anel de veda\u00e7\u00e3o, os m\u00faltiplos mecanismos de prote\u00e7\u00e3o previnem eficazmente a sobrepress\u00e3o, o funcionamento incorreto e outros riscos de utiliza\u00e7\u00e3o.<\/p>\n\n\n\n<p><strong>Experi\u00eancia de cozedura eficiente e economizadora de energia<\/strong>: Controlando com precis\u00e3o a press\u00e3o, encurtando o tempo total de aquecimento, reduzindo o consumo de energia e tendo em conta tanto a efici\u00eancia como a prote\u00e7\u00e3o ambiental.<\/p>\n\n\n\n<p><strong>M\u00faltiplas op\u00e7\u00f5es de capacidade<\/strong>: Fornecer uma variedade de op\u00e7\u00f5es de capacidade para satisfazer as diferentes necessidades das fam\u00edlias, pequenos restaurantes ou utiliza\u00e7\u00e3o comercial ligeira, e melhorar a efici\u00eancia do trabalho na cozinha.<\/p>\n\n\n\n<p><strong>Design autom\u00e1tico da v\u00e1lvula de ponto vermelho: <\/strong>equipado com uma v\u00e1lvula de escape autom\u00e1tica de ponto vermelho, visualiza\u00e7\u00e3o em tempo real da press\u00e3o na panela, liberta\u00e7\u00e3o autom\u00e1tica do escape e funcionamento mais seguro.<\/p>\n<\/div>\n\n\n\n<div class=\"wp-block-column is-vertically-aligned-top is-layout-flow wp-block-column-is-layout-flow\">\n<figure class=\"wp-block-image size-full\"><img fetchpriority=\"high\" decoding=\"async\" width=\"800\" height=\"800\" src=\"https:\/\/www.linktonkitchen.com\/wp-content\/uploads\/2024\/04\/Wholesale-Adjustable-Stainless-Steel-Pressure-Cooker-13.webp\" alt=\"Panela de press\u00e3o ajust\u00e1vel de a\u00e7o inoxid\u00e1vel por atacado\" class=\"wp-image-7306\" srcset=\"https:\/\/www.linktonkitchen.com\/wp-content\/uploads\/2024\/04\/Wholesale-Adjustable-Stainless-Steel-Pressure-Cooker-13.webp 800w, https:\/\/www.linktonkitchen.com\/wp-content\/uploads\/2024\/04\/Wholesale-Adjustable-Stainless-Steel-Pressure-Cooker-13-300x300.webp 300w, https:\/\/www.linktonkitchen.com\/wp-content\/uploads\/2024\/04\/Wholesale-Adjustable-Stainless-Steel-Pressure-Cooker-13-150x150.webp 150w, https:\/\/www.linktonkitchen.com\/wp-content\/uploads\/2024\/04\/Wholesale-Adjustable-Stainless-Steel-Pressure-Cooker-13-768x768.webp 768w, https:\/\/www.linktonkitchen.com\/wp-content\/uploads\/2024\/04\/Wholesale-Adjustable-Stainless-Steel-Pressure-Cooker-13-12x12.webp 12w, https:\/\/www.linktonkitchen.com\/wp-content\/uploads\/2024\/04\/Wholesale-Adjustable-Stainless-Steel-Pressure-Cooker-13-285x285.webp 285w, https:\/\/www.linktonkitchen.com\/wp-content\/uploads\/2024\/04\/Wholesale-Adjustable-Stainless-Steel-Pressure-Cooker-13-270x270.webp 270w, https:\/\/www.linktonkitchen.com\/wp-content\/uploads\/2024\/04\/Wholesale-Adjustable-Stainless-Steel-Pressure-Cooker-13-540x540.webp 540w, https:\/\/www.linktonkitchen.com\/wp-content\/uploads\/2024\/04\/Wholesale-Adjustable-Stainless-Steel-Pressure-Cooker-13-660x660.webp 660w\" sizes=\"(max-width: 800px) 100vw, 800px\" \/><\/figure>\n<\/div>\n<\/div>\n\n\n\n<div class=\"wp-block-columns is-layout-flex wp-container-core-columns-is-layout-9d6595d7 wp-block-columns-is-layout-flex\">\n<div class=\"wp-block-column is-layout-flow wp-block-column-is-layout-flow\">\n<figure class=\"wp-block-image size-full\"><img decoding=\"async\" width=\"785\" height=\"785\" src=\"https:\/\/www.linktonkitchen.com\/wp-content\/uploads\/2024\/04\/Wholesale-Adjustable-Stainless-Steel-Pressure-Cooker-10.webp\" alt=\"Panela de press\u00e3o ajust\u00e1vel de a\u00e7o inoxid\u00e1vel por atacado\" class=\"wp-image-7303\" style=\"object-fit:cover\" srcset=\"https:\/\/www.linktonkitchen.com\/wp-content\/uploads\/2024\/04\/Wholesale-Adjustable-Stainless-Steel-Pressure-Cooker-10.webp 785w, https:\/\/www.linktonkitchen.com\/wp-content\/uploads\/2024\/04\/Wholesale-Adjustable-Stainless-Steel-Pressure-Cooker-10-300x300.webp 300w, https:\/\/www.linktonkitchen.com\/wp-content\/uploads\/2024\/04\/Wholesale-Adjustable-Stainless-Steel-Pressure-Cooker-10-150x150.webp 150w, https:\/\/www.linktonkitchen.com\/wp-content\/uploads\/2024\/04\/Wholesale-Adjustable-Stainless-Steel-Pressure-Cooker-10-768x768.webp 768w, https:\/\/www.linktonkitchen.com\/wp-content\/uploads\/2024\/04\/Wholesale-Adjustable-Stainless-Steel-Pressure-Cooker-10-12x12.webp 12w, https:\/\/www.linktonkitchen.com\/wp-content\/uploads\/2024\/04\/Wholesale-Adjustable-Stainless-Steel-Pressure-Cooker-10-285x285.webp 285w, https:\/\/www.linktonkitchen.com\/wp-content\/uploads\/2024\/04\/Wholesale-Adjustable-Stainless-Steel-Pressure-Cooker-10-270x270.webp 270w, https:\/\/www.linktonkitchen.com\/wp-content\/uploads\/2024\/04\/Wholesale-Adjustable-Stainless-Steel-Pressure-Cooker-10-540x540.webp 540w, https:\/\/www.linktonkitchen.com\/wp-content\/uploads\/2024\/04\/Wholesale-Adjustable-Stainless-Steel-Pressure-Cooker-10-660x660.webp 660w\" sizes=\"(max-width: 785px) 100vw, 785px\" \/><\/figure>\n<\/div>\n\n\n\n<div class=\"wp-block-column is-layout-flow wp-block-column-is-layout-flow\">\n<figure class=\"wp-block-image size-full\"><img decoding=\"async\" width=\"790\" height=\"790\" src=\"https:\/\/www.linktonkitchen.com\/wp-content\/uploads\/2024\/04\/Wholesale-Adjustable-Stainless-Steel-Pressure-Cooker-6.webp\" alt=\"Panela de press\u00e3o ajust\u00e1vel de a\u00e7o inoxid\u00e1vel por atacado\" class=\"wp-image-7299\" srcset=\"https:\/\/www.linktonkitchen.com\/wp-content\/uploads\/2024\/04\/Wholesale-Adjustable-Stainless-Steel-Pressure-Cooker-6.webp 790w, https:\/\/www.linktonkitchen.com\/wp-content\/uploads\/2024\/04\/Wholesale-Adjustable-Stainless-Steel-Pressure-Cooker-6-300x300.webp 300w, https:\/\/www.linktonkitchen.com\/wp-content\/uploads\/2024\/04\/Wholesale-Adjustable-Stainless-Steel-Pressure-Cooker-6-150x150.webp 150w, https:\/\/www.linktonkitchen.com\/wp-content\/uploads\/2024\/04\/Wholesale-Adjustable-Stainless-Steel-Pressure-Cooker-6-768x768.webp 768w, https:\/\/www.linktonkitchen.com\/wp-content\/uploads\/2024\/04\/Wholesale-Adjustable-Stainless-Steel-Pressure-Cooker-6-12x12.webp 12w, https:\/\/www.linktonkitchen.com\/wp-content\/uploads\/2024\/04\/Wholesale-Adjustable-Stainless-Steel-Pressure-Cooker-6-285x285.webp 285w, https:\/\/www.linktonkitchen.com\/wp-content\/uploads\/2024\/04\/Wholesale-Adjustable-Stainless-Steel-Pressure-Cooker-6-270x270.webp 270w, https:\/\/www.linktonkitchen.com\/wp-content\/uploads\/2024\/04\/Wholesale-Adjustable-Stainless-Steel-Pressure-Cooker-6-540x540.webp 540w, https:\/\/www.linktonkitchen.com\/wp-content\/uploads\/2024\/04\/Wholesale-Adjustable-Stainless-Steel-Pressure-Cooker-6-660x660.webp 660w\" sizes=\"(max-width: 790px) 100vw, 790px\" \/><\/figure>\n<\/div>\n<\/div>\n\n\n\n<div class=\"wp-block-columns is-layout-flex wp-container-core-columns-is-layout-9d6595d7 wp-block-columns-is-layout-flex\">\n<div class=\"wp-block-column is-layout-flow wp-block-column-is-layout-flow\">\n<figure class=\"wp-block-image size-full\"><img loading=\"lazy\" decoding=\"async\" width=\"790\" height=\"790\" src=\"https:\/\/www.linktonkitchen.com\/wp-content\/uploads\/2024\/04\/Wholesale-Adjustable-Stainless-Steel-Pressure-Cooker-9.webp\" alt=\"Panela de press\u00e3o ajust\u00e1vel de a\u00e7o inoxid\u00e1vel por atacado\" class=\"wp-image-7302\" srcset=\"https:\/\/www.linktonkitchen.com\/wp-content\/uploads\/2024\/04\/Wholesale-Adjustable-Stainless-Steel-Pressure-Cooker-9.webp 790w, https:\/\/www.linktonkitchen.com\/wp-content\/uploads\/2024\/04\/Wholesale-Adjustable-Stainless-Steel-Pressure-Cooker-9-300x300.webp 300w, https:\/\/www.linktonkitchen.com\/wp-content\/uploads\/2024\/04\/Wholesale-Adjustable-Stainless-Steel-Pressure-Cooker-9-150x150.webp 150w, https:\/\/www.linktonkitchen.com\/wp-content\/uploads\/2024\/04\/Wholesale-Adjustable-Stainless-Steel-Pressure-Cooker-9-768x768.webp 768w, https:\/\/www.linktonkitchen.com\/wp-content\/uploads\/2024\/04\/Wholesale-Adjustable-Stainless-Steel-Pressure-Cooker-9-12x12.webp 12w, https:\/\/www.linktonkitchen.com\/wp-content\/uploads\/2024\/04\/Wholesale-Adjustable-Stainless-Steel-Pressure-Cooker-9-285x285.webp 285w, https:\/\/www.linktonkitchen.com\/wp-content\/uploads\/2024\/04\/Wholesale-Adjustable-Stainless-Steel-Pressure-Cooker-9-270x270.webp 270w, https:\/\/www.linktonkitchen.com\/wp-content\/uploads\/2024\/04\/Wholesale-Adjustable-Stainless-Steel-Pressure-Cooker-9-540x540.webp 540w, https:\/\/www.linktonkitchen.com\/wp-content\/uploads\/2024\/04\/Wholesale-Adjustable-Stainless-Steel-Pressure-Cooker-9-660x660.webp 660w\" sizes=\"(max-width: 790px) 100vw, 790px\" \/><\/figure>\n<\/div>\n\n\n\n<div class=\"wp-block-column is-layout-flow wp-block-column-is-layout-flow\">\n<h2 class=\"wp-block-heading\">Panela de press\u00e3o personalizada em a\u00e7o inoxid\u00e1vel:<\/h2>\n\n\n\n<p>A Linkton fornece&nbsp;<strong>Servi\u00e7os OEM\/ODM<\/strong>&nbsp;para se destacar no seu mercado local:<\/p>\n\n\n\n<p><strong>Gama de capacidades:&nbsp;<\/strong>Escolha entre 4L, 5L e 6L para satisfazer as necessidades de diferentes tamanhos de fam\u00edlia.<\/p>\n\n\n\n<p><strong>Acabamento da superf\u00edcie:&nbsp;<\/strong>Dispon\u00edvel em polimento espelhado (alto brilho), acabamento acetinado (aspeto escovado) ou revestimento de cor personalizado.<\/p>\n\n\n\n<p><strong>Marca e log\u00f3tipo:<\/strong><\/p>\n\n\n\n<ul class=\"wp-block-list\">\n<li>Grava\u00e7\u00e3o a laser no corpo do pote.<\/li>\n\n\n\n<li>Carimbo na parte inferior.<\/li>\n\n\n\n<li>Log\u00f3tipo personalizado nas pegas e v\u00e1lvulas de press\u00e3o.<\/li>\n<\/ul>\n\n\n\n<p><strong>Design de embalagens:&nbsp;<\/strong>Caixas de cor, manuais de instru\u00e7\u00f5es e caixas de envio totalmente personalizados com o ideal visual da sua marca<\/p>\n<\/div>\n<\/div>","protected":false},"excerpt":{"rendered":"<p>Panela de press\u00e3o ajust\u00e1vel por atacado, suporta ajuste de press\u00e3o de duas engrenagens (60KPA \/ 100KPA), melhora o sabor e a efici\u00eancia. O a\u00e7o inoxid\u00e1vel de alta qualidade com v\u00e1rios sistemas de seguran\u00e7a \u00e9 uma escolha inteligente e sem preocupa\u00e7\u00f5es para as cozinhas modernas. Fornecimento do fabricante Linkton. Bem-vindo a contactar-nos para obter um or\u00e7amento!<\/p>\n<h2>Panela de press\u00e3o ajust\u00e1vel Especifica\u00e7\u00f5es:<\/h2>\n<table width=\"402\">\n<tbody>\n<tr>\n<td width=\"145\">Fabricante<\/td>\n<td width=\"257\">Linkton<\/td>\n<\/tr>\n<tr>\n<td width=\"145\">Capacidade<\/td>\n<td width=\"257\">4L\/ 5L\/ 6L<\/td>\n<\/tr>\n<tr>\n<td>Material<\/td>\n<td>A\u00e7o inoxid\u00e1vel<\/td>\n<\/tr>\n<tr>\n<td>Fun\u00e7\u00e3o<\/td>\n<td width=\"257\">1. Controlo de press\u00e3o de duas engrenagens 60 kpa\/100 kpa<br \/>2. Tampa com fecho de press\u00e3o e design autom\u00e1tico da v\u00e1lvula de ponto vermelho<br \/>3. Seguran\u00e7a \u00e0 prova de explos\u00e3o<br \/>4. Limpeza c\u00f3moda<\/td>\n<\/tr>\n<tr>\n<td>Fog\u00e3o aplic\u00e1vel<\/td>\n<td>Fog\u00e3o de indu\u00e7\u00e3o\/ Fog\u00e3o a g\u00e1s\/ Fog\u00e3o el\u00e9trico\/ Fog\u00e3o de cer\u00e2mica\/ Fog\u00e3o de halog\u00e9neo<\/td>\n<\/tr>\n<tr>\n<td>Configura\u00e7\u00e3o<\/td>\n<td width=\"257\">Manual\/V\u00e1lvula limitadora de press\u00e3o\/Bacia anti-derrame\/Agulha de limpeza<\/td>\n<\/tr>\n<tr>\n<td>OEM\/ODM<\/td>\n<td>Aceit\u00e1vel<\/td>\n<\/tr>\n<tr>\n<td>Amostra<\/td>\n<td>MOQ 1 pe\u00e7a<\/td>\n<\/tr>\n<\/tbody>\n<\/table>","protected":false},"featured_media":6104,"template":"","meta":{"_acf_changed":false},"product-application":[],"product-capacity":[],"product_brand":[],"product_cat":[55],"product_tag":[76,80],"class_list":{"0":"post-6100","1":"product","2":"type-product","3":"status-publish","4":"has-post-thumbnail","6":"product_cat-pressure-cooker-wholesale","7":"product_tag-wholesale-home-pressure-cooker","8":"product_tag-wholesale-small-pressure-cooker","10":"first","11":"instock","12":"shipping-taxable","13":"product-type-simple"},"acf":[],"_links":{"self":[{"href":"https:\/\/www.linktonkitchen.com\/pt\/wp-json\/wp\/v2\/product\/6100","targetHints":{"allow":["GET"]}}],"collection":[{"href":"https:\/\/www.linktonkitchen.com\/pt\/wp-json\/wp\/v2\/product"}],"about":[{"href":"https:\/\/www.linktonkitchen.com\/pt\/wp-json\/wp\/v2\/types\/product"}],"version-history":[{"count":0,"href":"https:\/\/www.linktonkitchen.com\/pt\/wp-json\/wp\/v2\/product\/6100\/revisions"}],"wp:featuredmedia":[{"embeddable":true,"href":"https:\/\/www.linktonkitchen.com\/pt\/wp-json\/wp\/v2\/media\/6104"}],"wp:attachment":[{"href":"https:\/\/www.linktonkitchen.com\/pt\/wp-json\/wp\/v2\/media?parent=6100"}],"wp:term":[{"taxonomy":"product-application","embeddable":true,"href":"https:\/\/www.linktonkitchen.com\/pt\/wp-json\/wp\/v2\/product-application?post=6100"},{"taxonomy":"product-capacity","embeddable":true,"href":"https:\/\/www.linktonkitchen.com\/pt\/wp-json\/wp\/v2\/product-capacity?post=6100"},{"taxonomy":"product_brand","embeddable":true,"href":"https:\/\/www.linktonkitchen.com\/pt\/wp-json\/wp\/v2\/product_brand?post=6100"},{"taxonomy":"product_cat","embeddable":true,"href":"https:\/\/www.linktonkitchen.com\/pt\/wp-json\/wp\/v2\/product_cat?post=6100"},{"taxonomy":"product_tag","embeddable":true,"href":"https:\/\/www.linktonkitchen.com\/pt\/wp-json\/wp\/v2\/product_tag?post=6100"}],"curies":[{"name":"wp","href":"https:\/\/api.w.org\/{rel}","templated":true}]}}