{"id":6114,"date":"2025-07-23T02:31:28","date_gmt":"2025-07-23T02:31:28","guid":{"rendered":"https:\/\/www.linktonkitchen.com\/?post_type=product&#038;p=6114"},"modified":"2026-02-05T09:13:21","modified_gmt":"2026-02-05T09:13:21","slug":"wholesale-stove-top-pressure-cooker","status":"publish","type":"product","link":"https:\/\/www.linktonkitchen.com\/pt\/product\/wholesale-stove-top-pressure-cooker\/","title":{"rendered":"Panela de press\u00e3o de fog\u00e3o por atacado, fornecedor de panela de press\u00e3o de indu\u00e7\u00e3o de a\u00e7o inoxid\u00e1vel"},"content":{"rendered":"<div class=\"wp-block-columns is-layout-flex wp-container-core-columns-is-layout-9d6595d7 wp-block-columns-is-layout-flex\">\n<div class=\"wp-block-column is-vertically-aligned-top is-layout-flow wp-block-column-is-layout-flow\">\n<h2 class=\"wp-block-heading\">Panela de press\u00e3o de fog\u00e3o Par\u00e2metro:<\/h2>\n\n\n\n<figure class=\"wp-block-table\"><table><tbody><tr><td>Modelo n.<\/td><td>Capacidade<\/td><td>Di\u00e2metro da boca<\/td><td>Peso<\/td><\/tr><tr><td rowspan=\"5\">LT-CX<\/td><td>4L<\/td><td>20 cm<\/td><td>2,36 kg<\/td><\/tr><tr><td>6L<\/td><td>22 cm<\/td><td>2,78 kg<\/td><\/tr><tr><td>7L<\/td><td>24 cm<\/td><td>3,06 kg<\/td><\/tr><tr><td>9L<\/td><td>26 cm<\/td><td>3,78 kg<\/td><\/tr><tr><td>11L<\/td><td>28 cm<\/td><td>4,12 kg<\/td><\/tr><\/tbody><\/table><\/figure>\n\n\n\n<h2 class=\"wp-block-heading\">Panela de press\u00e3o de fog\u00e3o Carater\u00edsticas:<\/h2>\n\n\n\n<p><strong>Design \u00fanico em forma de C<\/strong>: O corpo da panela adopta uma estrutura inovadora de superf\u00edcie curva em forma de C, que se adapta \u00e0 superf\u00edcie de aquecimento do fog\u00e3o, conduz o calor de forma mais uniforme e encurta o tempo de cozedura.<\/p>\n\n\n\n<p><strong>Material em a\u00e7o inoxid\u00e1vel de qualidade comercial<\/strong>: \u00c9 selecionado a\u00e7o inoxid\u00e1vel de qualidade alimentar de alta resist\u00eancia, que \u00e9 resistente \u00e0 corros\u00e3o e \u00e0 alta press\u00e3o, adequado para cozinhas comerciais de alta frequ\u00eancia.<\/p>\n\n\n\n<p><strong>Estrutura de seguran\u00e7a resistente:<\/strong> Equipados com fechos refor\u00e7ados \u00e0 prova de explos\u00e3o, pegas resistentes ao calor e v\u00e1rios dispositivos de prote\u00e7\u00e3o contra o al\u00edvio da press\u00e3o para garantir a seguran\u00e7a geral do funcionamento.<\/p>\n\n\n\n<p><strong>Sistema eficiente de cozedura sob press\u00e3o<\/strong>: A tampa da panela est\u00e1 equipada com um anel de veda\u00e7\u00e3o elevado e uma v\u00e1lvula limitadora de press\u00e3o de alta sensibilidade para estabelecer rapidamente uma press\u00e3o elevada est\u00e1vel e manter o sabor e a nutri\u00e7\u00e3o originais dos ingredientes.<\/p>\n\n\n\n<p><strong>F\u00e1cil de utilizar e limpar<\/strong>: A estrutura \u00e9 simples, a tampa rotativa da panela abre e fecha suavemente, a superf\u00edcie \u00e9 lisa e n\u00e3o tem cantos mortos, \u00e9 f\u00e1cil de limpar e melhora a efici\u00eancia do trabalho na cozinha.<\/p>\n\n\n\n<p><strong>Aplic\u00e1vel a uma variedade de fog\u00f5es: <\/strong>Compat\u00edvel com uma grande variedade de fog\u00f5es, tais como fog\u00f5es a g\u00e1s, fog\u00f5es de indu\u00e7\u00e3o, fog\u00f5es de infravermelhos, etc., com uma forte compatibilidade com a cozinha e um grande car\u00e1cter pr\u00e1tico.<\/p>\n<\/div>\n\n\n\n<div class=\"wp-block-column is-vertically-aligned-top is-layout-flow wp-block-column-is-layout-flow\">\n<figure class=\"wp-block-image size-full\"><img fetchpriority=\"high\" decoding=\"async\" width=\"1000\" height=\"1000\" src=\"https:\/\/www.linktonkitchen.com\/wp-content\/uploads\/2025\/07\/wholesale-stove-top-pressure-cooker-3.webp\" alt=\"panela de press\u00e3o de fog\u00e3o por atacado (3)\" class=\"wp-image-6117\" style=\"object-fit:cover\" srcset=\"https:\/\/www.linktonkitchen.com\/wp-content\/uploads\/2025\/07\/wholesale-stove-top-pressure-cooker-3.webp 1000w, https:\/\/www.linktonkitchen.com\/wp-content\/uploads\/2025\/07\/wholesale-stove-top-pressure-cooker-3-300x300.webp 300w, https:\/\/www.linktonkitchen.com\/wp-content\/uploads\/2025\/07\/wholesale-stove-top-pressure-cooker-3-150x150.webp 150w, https:\/\/www.linktonkitchen.com\/wp-content\/uploads\/2025\/07\/wholesale-stove-top-pressure-cooker-3-768x768.webp 768w, https:\/\/www.linktonkitchen.com\/wp-content\/uploads\/2025\/07\/wholesale-stove-top-pressure-cooker-3-12x12.webp 12w, https:\/\/www.linktonkitchen.com\/wp-content\/uploads\/2025\/07\/wholesale-stove-top-pressure-cooker-3-285x285.webp 285w, https:\/\/www.linktonkitchen.com\/wp-content\/uploads\/2025\/07\/wholesale-stove-top-pressure-cooker-3-270x270.webp 270w, https:\/\/www.linktonkitchen.com\/wp-content\/uploads\/2025\/07\/wholesale-stove-top-pressure-cooker-3-540x540.webp 540w, https:\/\/www.linktonkitchen.com\/wp-content\/uploads\/2025\/07\/wholesale-stove-top-pressure-cooker-3-660x660.webp 660w\" sizes=\"(max-width: 1000px) 100vw, 1000px\" \/><\/figure>\n<\/div>\n<\/div>\n\n\n\n<div class=\"wp-block-columns is-layout-flex wp-container-core-columns-is-layout-9d6595d7 wp-block-columns-is-layout-flex\">\n<div class=\"wp-block-column is-layout-flow wp-block-column-is-layout-flow\">\n<figure class=\"wp-block-image size-full\"><img decoding=\"async\" width=\"800\" height=\"800\" src=\"https:\/\/www.linktonkitchen.com\/wp-content\/uploads\/2024\/04\/Wholesale-Stianless-Steel-Pressure-Cooker-Set.webp\" alt=\"Conjunto de panelas de press\u00e3o de a\u00e7o inoxid\u00e1vel por atacado\" class=\"wp-image-7403\" srcset=\"https:\/\/www.linktonkitchen.com\/wp-content\/uploads\/2024\/04\/Wholesale-Stianless-Steel-Pressure-Cooker-Set.webp 800w, https:\/\/www.linktonkitchen.com\/wp-content\/uploads\/2024\/04\/Wholesale-Stianless-Steel-Pressure-Cooker-Set-300x300.webp 300w, https:\/\/www.linktonkitchen.com\/wp-content\/uploads\/2024\/04\/Wholesale-Stianless-Steel-Pressure-Cooker-Set-150x150.webp 150w, https:\/\/www.linktonkitchen.com\/wp-content\/uploads\/2024\/04\/Wholesale-Stianless-Steel-Pressure-Cooker-Set-768x768.webp 768w, https:\/\/www.linktonkitchen.com\/wp-content\/uploads\/2024\/04\/Wholesale-Stianless-Steel-Pressure-Cooker-Set-12x12.webp 12w, https:\/\/www.linktonkitchen.com\/wp-content\/uploads\/2024\/04\/Wholesale-Stianless-Steel-Pressure-Cooker-Set-285x285.webp 285w, https:\/\/www.linktonkitchen.com\/wp-content\/uploads\/2024\/04\/Wholesale-Stianless-Steel-Pressure-Cooker-Set-270x270.webp 270w, https:\/\/www.linktonkitchen.com\/wp-content\/uploads\/2024\/04\/Wholesale-Stianless-Steel-Pressure-Cooker-Set-540x540.webp 540w, https:\/\/www.linktonkitchen.com\/wp-content\/uploads\/2024\/04\/Wholesale-Stianless-Steel-Pressure-Cooker-Set-660x660.webp 660w\" sizes=\"(max-width: 800px) 100vw, 800px\" \/><\/figure>\n<\/div>\n\n\n\n<div class=\"wp-block-column is-layout-flow wp-block-column-is-layout-flow\">\n<h2 class=\"wp-block-heading\">Panela de press\u00e3o personalizada em a\u00e7o inoxid\u00e1vel<\/h2>\n\n\n\n<p>A Linkton fornece servi\u00e7os flex\u00edveis de personaliza\u00e7\u00e3o OEM e ODM para atender a diferentes requisitos de mercado e posicionamento de marca.<\/p>\n\n\n\n<p><strong>Gama de capacidades:&nbsp;<\/strong>Escolha entre 4-11L para satisfazer as necessidades de diferentes tamanhos de fam\u00edlia.<\/p>\n\n\n\n<p><strong>Acabamento da superf\u00edcie:&nbsp;<\/strong>Dispon\u00edvel em Polimento Espelhado (alto brilho), Acabamento Acetinado (aspeto escovado) ou Revestimento de Cor personalizado.<\/p>\n\n\n\n<p><strong>Marca e log\u00f3tipo:<\/strong><\/p>\n\n\n\n<ul class=\"wp-block-list\">\n<li>Grava\u00e7\u00e3o a laser no corpo do pote.<\/li>\n\n\n\n<li>Carimbo na parte inferior.<\/li>\n\n\n\n<li>Log\u00f3tipo personalizado nas pegas e v\u00e1lvulas de press\u00e3o.<\/li>\n<\/ul>\n\n\n\n<p><strong>Design de embalagens:&nbsp;<\/strong>Caixas de cor totalmente personalizadas, manuais de instru\u00e7\u00f5es e envio<\/p>\n<\/div>\n<\/div>","protected":false},"excerpt":{"rendered":"<p>Panela de press\u00e3o de fog\u00e3o por atacado, com design em forma de C e m\u00faltiplas protec\u00e7\u00f5es de seguran\u00e7a, conduz o calor de forma mais uniforme e aquece de forma mais eficiente, adequada para todos os tipos de fog\u00f5es. 4-11 QT opcional, personaliza\u00e7\u00e3o de suporte, entre em contato conosco para uma cota\u00e7\u00e3o!<\/p>\n<h2>Conjunto de panelas de press\u00e3o para fog\u00e3o Especifica\u00e7\u00f5es:<\/h2>\n<table width=\"402\">\n<tbody>\n<tr>\n<td width=\"145\">Fabricante<\/td>\n<td width=\"257\">Linkton<\/td>\n<\/tr>\n<tr>\n<td width=\"145\">Capacidade<\/td>\n<td width=\"257\">\u00a04L\/ 6L\/ 7L\/ 9L\/ 11L<\/td>\n<\/tr>\n<tr>\n<td>Material<\/td>\n<td>A\u00e7o inoxid\u00e1vel<\/td>\n<\/tr>\n<tr>\n<td>Fun\u00e7\u00e3o<\/td>\n<td width=\"257\">\n<p>1. O conjunto inclui panelas de press\u00e3o, folha para vapor e tachos de cozinha<br \/>2. Press\u00e3o de 80 kpa<br \/>3. Seguran\u00e7a \u00e0 prova de explos\u00e3o<br \/>4. Limpeza c\u00f3moda<\/p>\n<\/td>\n<\/tr>\n<tr>\n<td>Fog\u00e3o aplic\u00e1vel<\/td>\n<td>Fog\u00e3o\/ Fog\u00e3o de indu\u00e7\u00e3o\/ Fog\u00e3o a g\u00e1s\/ Fog\u00e3o el\u00e9trico\/ Fog\u00e3o de cer\u00e2mica\/ Fog\u00e3o de halog\u00e9neo<\/td>\n<\/tr>\n<tr>\n<td>Configura\u00e7\u00e3o<\/td>\n<td width=\"257\">Manual\/V\u00e1lvula limitadora de press\u00e3o\/Bacia anti-derrame\/Agulha de limpeza<\/td>\n<\/tr>\n<tr>\n<td>OEM\/ODM<\/td>\n<td>Aceit\u00e1vel<\/td>\n<\/tr>\n<tr>\n<td>Amostra<\/td>\n<td>MOQ 1 pe\u00e7a<\/td>\n<\/tr>\n<\/tbody>\n<\/table>","protected":false},"featured_media":7426,"template":"","meta":{"_acf_changed":false},"product-application":[],"product-capacity":[],"product_brand":[],"product_cat":[55],"product_tag":[77,76,80,81,82],"class_list":{"0":"post-6114","1":"product","2":"type-product","3":"status-publish","4":"has-post-thumbnail","6":"product_cat-pressure-cooker-wholesale","7":"product_tag-wholesale-commercial-pressure-cooker","8":"product_tag-wholesale-home-pressure-cooker","9":"product_tag-wholesale-small-pressure-cooker","10":"product_tag-wholesale-medium-pressure-cooker","11":"product_tag-wholesale-large-pressure-cooker","13":"first","14":"instock","15":"shipping-taxable","16":"product-type-simple"},"acf":[],"_links":{"self":[{"href":"https:\/\/www.linktonkitchen.com\/pt\/wp-json\/wp\/v2\/product\/6114","targetHints":{"allow":["GET"]}}],"collection":[{"href":"https:\/\/www.linktonkitchen.com\/pt\/wp-json\/wp\/v2\/product"}],"about":[{"href":"https:\/\/www.linktonkitchen.com\/pt\/wp-json\/wp\/v2\/types\/product"}],"version-history":[{"count":0,"href":"https:\/\/www.linktonkitchen.com\/pt\/wp-json\/wp\/v2\/product\/6114\/revisions"}],"wp:featuredmedia":[{"embeddable":true,"href":"https:\/\/www.linktonkitchen.com\/pt\/wp-json\/wp\/v2\/media\/7426"}],"wp:attachment":[{"href":"https:\/\/www.linktonkitchen.com\/pt\/wp-json\/wp\/v2\/media?parent=6114"}],"wp:term":[{"taxonomy":"product-application","embeddable":true,"href":"https:\/\/www.linktonkitchen.com\/pt\/wp-json\/wp\/v2\/product-application?post=6114"},{"taxonomy":"product-capacity","embeddable":true,"href":"https:\/\/www.linktonkitchen.com\/pt\/wp-json\/wp\/v2\/product-capacity?post=6114"},{"taxonomy":"product_brand","embeddable":true,"href":"https:\/\/www.linktonkitchen.com\/pt\/wp-json\/wp\/v2\/product_brand?post=6114"},{"taxonomy":"product_cat","embeddable":true,"href":"https:\/\/www.linktonkitchen.com\/pt\/wp-json\/wp\/v2\/product_cat?post=6114"},{"taxonomy":"product_tag","embeddable":true,"href":"https:\/\/www.linktonkitchen.com\/pt\/wp-json\/wp\/v2\/product_tag?post=6114"}],"curies":[{"name":"wp","href":"https:\/\/api.w.org\/{rel}","templated":true}]}}