{"id":6150,"date":"2025-08-06T07:45:41","date_gmt":"2025-08-06T07:45:41","guid":{"rendered":"https:\/\/www.linktonkitchen.com\/?post_type=product&#038;p=6150"},"modified":"2026-02-04T01:37:09","modified_gmt":"2026-02-04T01:37:09","slug":"wholesale-commercial-pressure-cooker","status":"publish","type":"product","link":"https:\/\/www.linktonkitchen.com\/pt\/product\/wholesale-commercial-pressure-cooker\/","title":{"rendered":"Panela de press\u00e3o comercial por atacado, 7-15L China Panela de press\u00e3o fornecedor de a\u00e7o inoxid\u00e1vel"},"content":{"rendered":"<div class=\"wp-block-columns is-layout-flex wp-container-core-columns-is-layout-9d6595d7 wp-block-columns-is-layout-flex\">\n<div class=\"wp-block-column is-layout-flow wp-block-column-is-layout-flow\" style=\"flex-basis:30%\">\n<figure class=\"wp-block-embed is-type-video is-provider-youtube wp-block-embed-youtube wp-embed-aspect-9-16 wp-has-aspect-ratio\"><div class=\"wp-block-embed__wrapper\">\n<iframe title=\"Um pequeno v\u00eddeo que mostra os detalhes da panela de press\u00e3o anti-explos\u00e3o da marca Linkton.#kitchenware\" width=\"563\" height=\"1000\" src=\"https:\/\/www.youtube.com\/embed\/50BkkwC6OSI?feature=oembed\" frameborder=\"0\" allow=\"accelerometer; autoplay; clipboard-write; encrypted-media; gyroscope; picture-in-picture; web-share\" referrerpolicy=\"strict-origin-when-cross-origin\" allowfullscreen><\/iframe>\n<\/div><\/figure>\n<\/div>\n\n\n\n<div class=\"wp-block-column is-vertically-aligned-top is-layout-flow wp-block-column-is-layout-flow\" style=\"flex-basis:70%\">\n<h2 class=\"wp-block-heading\">Panela de press\u00e3o comercial Par\u00e2metro:<\/h2>\n\n\n\n<figure class=\"wp-block-table\"><table class=\"has-fixed-layout\"><tbody><tr><td>Modelo n.<\/td><td>Capacidade<\/td><td>Di\u00e2metro da boca<\/td><td>Peso<\/td><\/tr><tr><td rowspan=\"5\">LT-FB<\/td><td>7L<\/td><td>24 cm<\/td><td>3,53 kg<\/td><\/tr><tr><td>9L<\/td><td>26 cm<\/td><td>4,53 kg<\/td><\/tr><tr><td>11L<\/td><td>28 cm<\/td><td>4,82 kg<\/td><\/tr><tr><td>13L<\/td><td>30 cm<\/td><td>5,84 kg<\/td><\/tr><tr><td>15L<\/td><td>32 cm<\/td><td>6,04 kg<\/td><\/tr><\/tbody><\/table><\/figure>\n\n\n\n<h2 class=\"wp-block-heading\">Panela de press\u00e3o comercial Carater\u00edsticas:<\/h2>\n\n\n\n<p><strong>Seguran\u00e7a e prote\u00e7\u00e3o contra explos\u00f5es<\/strong>: Equipados com m\u00faltiplas carater\u00edsticas \u00e0 prova de explos\u00e3o e m\u00faltiplos dispositivos de prote\u00e7\u00e3o, incluindo uma v\u00e1lvula limitadora de press\u00e3o, uma v\u00e1lvula de seguran\u00e7a e um escudo anti-bloqueio, estes dispositivos previnem situa\u00e7\u00f5es perigosas como sobrepress\u00e3o e bloqueio, assegurando um processo de cozedura a alta press\u00e3o seguro e est\u00e1vel.<\/p>\n\n\n\n<p><strong>Cozinhar com efici\u00eancia energ\u00e9tica:<\/strong> O desempenho superior de veda\u00e7\u00e3o, a compress\u00e3o r\u00e1pida e o tempo de cozedura reduzido poupam energia e s\u00e3o adequados para a prepara\u00e7\u00e3o de alimentos de alta frequ\u00eancia.<\/p>\n\n\n\n<p><strong>Design de pega dupla<\/strong>: Os pontos duplos proporcionam uma for\u00e7a mais equilibrada, aumentam a estabilidade estrutural da panela e evitam a inclina\u00e7\u00e3o e os salpicos.<\/p>\n\n\n\n<p><strong>M\u00faltiplas op\u00e7\u00f5es de capacidade<\/strong>: Est\u00e3o dispon\u00edveis v\u00e1rias op\u00e7\u00f5es de capacidade para satisfazer as diversas necessidades de cozinha de restaurantes de todas as dimens\u00f5es, cafetarias e cozinhas centrais.<\/p>\n\n\n\n<p><strong>Adequado para v\u00e1rias utiliza\u00e7\u00f5es comerciais<\/strong>: Adequado para cozinhar grandes volumes em hot\u00e9is, restaurantes, cantinas escolares, cozinhas de empresas e cadeias de restaurantes, melhorando a efici\u00eancia da prepara\u00e7\u00e3o de alimentos.<\/p>\n<\/div>\n<\/div>\n\n\n\n<div class=\"wp-block-columns is-layout-flex wp-container-core-columns-is-layout-9d6595d7 wp-block-columns-is-layout-flex\">\n<div class=\"wp-block-column is-layout-flow wp-block-column-is-layout-flow\">\n<figure class=\"wp-block-image size-full\"><img fetchpriority=\"high\" decoding=\"async\" width=\"800\" height=\"800\" src=\"https:\/\/www.linktonkitchen.com\/wp-content\/uploads\/2025\/07\/Wholesale-Commercial-Pressure-Cooker-2.webp\" alt=\"Panela de press\u00e3o comercial por atacado (2)\" class=\"wp-image-6154\" srcset=\"https:\/\/www.linktonkitchen.com\/wp-content\/uploads\/2025\/07\/Wholesale-Commercial-Pressure-Cooker-2.webp 800w, https:\/\/www.linktonkitchen.com\/wp-content\/uploads\/2025\/07\/Wholesale-Commercial-Pressure-Cooker-2-300x300.webp 300w, https:\/\/www.linktonkitchen.com\/wp-content\/uploads\/2025\/07\/Wholesale-Commercial-Pressure-Cooker-2-150x150.webp 150w, https:\/\/www.linktonkitchen.com\/wp-content\/uploads\/2025\/07\/Wholesale-Commercial-Pressure-Cooker-2-768x768.webp 768w, https:\/\/www.linktonkitchen.com\/wp-content\/uploads\/2025\/07\/Wholesale-Commercial-Pressure-Cooker-2-12x12.webp 12w, https:\/\/www.linktonkitchen.com\/wp-content\/uploads\/2025\/07\/Wholesale-Commercial-Pressure-Cooker-2-285x285.webp 285w, https:\/\/www.linktonkitchen.com\/wp-content\/uploads\/2025\/07\/Wholesale-Commercial-Pressure-Cooker-2-270x270.webp 270w, https:\/\/www.linktonkitchen.com\/wp-content\/uploads\/2025\/07\/Wholesale-Commercial-Pressure-Cooker-2-540x540.webp 540w, https:\/\/www.linktonkitchen.com\/wp-content\/uploads\/2025\/07\/Wholesale-Commercial-Pressure-Cooker-2-660x660.webp 660w\" sizes=\"(max-width: 800px) 100vw, 800px\" \/><\/figure>\n<\/div>\n\n\n\n<div class=\"wp-block-column is-layout-flow wp-block-column-is-layout-flow\">\n<figure class=\"wp-block-image size-full\"><img decoding=\"async\" width=\"800\" height=\"800\" src=\"https:\/\/www.linktonkitchen.com\/wp-content\/uploads\/2025\/07\/Wholesale-Commercial-Pressure-Cooker-3.webp\" alt=\"Panela de press\u00e3o comercial por atacado (3)\" class=\"wp-image-6155\" srcset=\"https:\/\/www.linktonkitchen.com\/wp-content\/uploads\/2025\/07\/Wholesale-Commercial-Pressure-Cooker-3.webp 800w, https:\/\/www.linktonkitchen.com\/wp-content\/uploads\/2025\/07\/Wholesale-Commercial-Pressure-Cooker-3-300x300.webp 300w, https:\/\/www.linktonkitchen.com\/wp-content\/uploads\/2025\/07\/Wholesale-Commercial-Pressure-Cooker-3-150x150.webp 150w, https:\/\/www.linktonkitchen.com\/wp-content\/uploads\/2025\/07\/Wholesale-Commercial-Pressure-Cooker-3-768x768.webp 768w, https:\/\/www.linktonkitchen.com\/wp-content\/uploads\/2025\/07\/Wholesale-Commercial-Pressure-Cooker-3-12x12.webp 12w, https:\/\/www.linktonkitchen.com\/wp-content\/uploads\/2025\/07\/Wholesale-Commercial-Pressure-Cooker-3-285x285.webp 285w, https:\/\/www.linktonkitchen.com\/wp-content\/uploads\/2025\/07\/Wholesale-Commercial-Pressure-Cooker-3-270x270.webp 270w, https:\/\/www.linktonkitchen.com\/wp-content\/uploads\/2025\/07\/Wholesale-Commercial-Pressure-Cooker-3-540x540.webp 540w, https:\/\/www.linktonkitchen.com\/wp-content\/uploads\/2025\/07\/Wholesale-Commercial-Pressure-Cooker-3-660x660.webp 660w\" sizes=\"(max-width: 800px) 100vw, 800px\" \/><\/figure>\n<\/div>\n<\/div>\n\n\n\n<div class=\"wp-block-columns is-layout-flex wp-container-core-columns-is-layout-9d6595d7 wp-block-columns-is-layout-flex\">\n<div class=\"wp-block-column is-layout-flow wp-block-column-is-layout-flow\">\n<figure class=\"wp-block-image size-full\"><img decoding=\"async\" width=\"546\" height=\"462\" src=\"https:\/\/www.linktonkitchen.com\/wp-content\/uploads\/2025\/03\/custom-pressure-cooker-Color.webp\" alt=\"panela de press\u00e3o personalizada Cor\" class=\"wp-image-5270\" srcset=\"https:\/\/www.linktonkitchen.com\/wp-content\/uploads\/2025\/03\/custom-pressure-cooker-Color.webp 546w, https:\/\/www.linktonkitchen.com\/wp-content\/uploads\/2025\/03\/custom-pressure-cooker-Color-300x254.webp 300w, https:\/\/www.linktonkitchen.com\/wp-content\/uploads\/2025\/03\/custom-pressure-cooker-Color-14x12.webp 14w, https:\/\/www.linktonkitchen.com\/wp-content\/uploads\/2025\/03\/custom-pressure-cooker-Color-285x241.webp 285w, https:\/\/www.linktonkitchen.com\/wp-content\/uploads\/2025\/03\/custom-pressure-cooker-Color-150x127.webp 150w\" sizes=\"(max-width: 546px) 100vw, 546px\" \/><\/figure>\n<\/div>\n\n\n\n<div class=\"wp-block-column is-vertically-aligned-center is-layout-flow wp-block-column-is-layout-flow\">\n<h2 class=\"wp-block-heading\">Panela de press\u00e3o comercial personalizada<\/h2>\n\n\n\n<p>Fornecemos servi\u00e7os flex\u00edveis de personaliza\u00e7\u00e3o OEM e ODM para satisfazer diferentes requisitos de mercado e posicionamento de marca.<\/p>\n\n\n\n<p><strong>Gama de capacidades:&nbsp;<\/strong>Escolha entre 5-80L para satisfazer as necessidades de diferentes tamanhos de fam\u00edlia.<\/p>\n\n\n\n<p><strong>Acabamento da superf\u00edcie:&nbsp;<\/strong>Dispon\u00edvel em polimento espelhado (alto brilho), acabamento acetinado (aspeto escovado) ou revestimento de cor personalizado.<\/p>\n\n\n\n<p><strong>Marca e log\u00f3tipo:<\/strong><\/p>\n\n\n\n<ul class=\"wp-block-list\">\n<li>Grava\u00e7\u00e3o a laser no corpo do pote.<\/li>\n\n\n\n<li>Carimbo na parte inferior.<\/li>\n\n\n\n<li>Log\u00f3tipo personalizado nas pegas e v\u00e1lvulas de press\u00e3o.<\/li>\n<\/ul>\n\n\n\n<p><strong>Design de embalagens:\u00a0<\/strong>Caixas de cor, manuais de instru\u00e7\u00f5es e caixas de transporte totalmente personalizadas com a identidade visual da sua marca.<\/p>\n<\/div>\n<\/div>","protected":false},"excerpt":{"rendered":"<p>Panela de press\u00e3o comercial por atacado do fabricante da China. Com um design de al\u00e7a dupla e estruturas de seguran\u00e7a de v\u00e1rias camadas, essas panelas s\u00e3o projetadas para efici\u00eancia comercial pesada. Personaliza\u00e7\u00e3o OEM\/ODM suportada - contacte-nos para obter uma cota\u00e7\u00e3o de f\u00e1brica!<\/p>\n<h2>Especifica\u00e7\u00f5es da panela de press\u00e3o comercial:<\/h2>\n<table width=\"402\">\n<tbody>\n<tr>\n<td width=\"145\">Fabricante<\/td>\n<td width=\"257\">Linkton<\/td>\n<\/tr>\n<tr>\n<td>Capacidade<\/td>\n<td>7L\/ 9L\/ 11L\/13L\/ 15L<\/td>\n<\/tr>\n<tr>\n<td>Material<\/td>\n<td>A\u00e7o inoxid\u00e1vel<\/td>\n<\/tr>\n<tr>\n<td>Fun\u00e7\u00e3o<\/td>\n<td width=\"257\">1. Cozedura r\u00e1pida de 60kPa\u00a0<br \/>2. Sistema de seguran\u00e7a \u00e0 prova de explos\u00e3o<br \/>3. Bot\u00e3o rotativo em baquelite para uma abertura f\u00e1cil e segura<br \/>4. Limpeza c\u00f3moda<\/td>\n<\/tr>\n<tr>\n<td>Fog\u00e3o aplic\u00e1vel<\/td>\n<td>Fog\u00e3o\/ Fog\u00e3o de indu\u00e7\u00e3o\/ Fog\u00e3o a g\u00e1s\/ Fog\u00e3o el\u00e9trico\/ Fog\u00e3o de cer\u00e2mica\/ Fog\u00e3o de halog\u00e9neo<\/td>\n<\/tr>\n<tr>\n<td>Configura\u00e7\u00e3o<\/td>\n<td width=\"257\">Manual\/V\u00e1lvula limitadora de press\u00e3o\/Bacia anti-derrame\/Agulha de limpeza<\/td>\n<\/tr>\n<tr>\n<td>OEM\/ODM<\/td>\n<td>Aceit\u00e1vel<\/td>\n<\/tr>\n<tr>\n<td>Amostra<\/td>\n<td>MOQ 1 pe\u00e7a<\/td>\n<\/tr>\n<\/tbody>\n<\/table>","protected":false},"featured_media":6158,"template":"","meta":{"_acf_changed":false},"product-application":[],"product-capacity":[],"product_brand":[],"product_cat":[55],"product_tag":[77,81],"class_list":{"0":"post-6150","1":"product","2":"type-product","3":"status-publish","4":"has-post-thumbnail","6":"product_cat-pressure-cooker-wholesale","7":"product_tag-wholesale-commercial-pressure-cooker","8":"product_tag-wholesale-medium-pressure-cooker","10":"first","11":"instock","12":"shipping-taxable","13":"product-type-simple"},"acf":[],"_links":{"self":[{"href":"https:\/\/www.linktonkitchen.com\/pt\/wp-json\/wp\/v2\/product\/6150","targetHints":{"allow":["GET"]}}],"collection":[{"href":"https:\/\/www.linktonkitchen.com\/pt\/wp-json\/wp\/v2\/product"}],"about":[{"href":"https:\/\/www.linktonkitchen.com\/pt\/wp-json\/wp\/v2\/types\/product"}],"version-history":[{"count":0,"href":"https:\/\/www.linktonkitchen.com\/pt\/wp-json\/wp\/v2\/product\/6150\/revisions"}],"wp:featuredmedia":[{"embeddable":true,"href":"https:\/\/www.linktonkitchen.com\/pt\/wp-json\/wp\/v2\/media\/6158"}],"wp:attachment":[{"href":"https:\/\/www.linktonkitchen.com\/pt\/wp-json\/wp\/v2\/media?parent=6150"}],"wp:term":[{"taxonomy":"product-application","embeddable":true,"href":"https:\/\/www.linktonkitchen.com\/pt\/wp-json\/wp\/v2\/product-application?post=6150"},{"taxonomy":"product-capacity","embeddable":true,"href":"https:\/\/www.linktonkitchen.com\/pt\/wp-json\/wp\/v2\/product-capacity?post=6150"},{"taxonomy":"product_brand","embeddable":true,"href":"https:\/\/www.linktonkitchen.com\/pt\/wp-json\/wp\/v2\/product_brand?post=6150"},{"taxonomy":"product_cat","embeddable":true,"href":"https:\/\/www.linktonkitchen.com\/pt\/wp-json\/wp\/v2\/product_cat?post=6150"},{"taxonomy":"product_tag","embeddable":true,"href":"https:\/\/www.linktonkitchen.com\/pt\/wp-json\/wp\/v2\/product_tag?post=6150"}],"curies":[{"name":"wp","href":"https:\/\/api.w.org\/{rel}","templated":true}]}}