{"id":6164,"date":"2025-07-29T03:59:14","date_gmt":"2025-07-29T03:59:14","guid":{"rendered":"https:\/\/www.linktonkitchen.com\/?post_type=product&#038;p=6164"},"modified":"2026-02-05T03:21:31","modified_gmt":"2026-02-05T03:21:31","slug":"wholesale-big-pressure-cooker","status":"publish","type":"product","link":"https:\/\/www.linktonkitchen.com\/pt\/product\/wholesale-big-pressure-cooker\/","title":{"rendered":"Panela de Press\u00e3o Grande 16L A\u00e7o Inoxid\u00e1vel Atacado, Panela de Press\u00e3o Comercial Fabricante"},"content":{"rendered":"<div class=\"wp-block-columns is-layout-flex wp-container-core-columns-is-layout-9d6595d7 wp-block-columns-is-layout-flex\">\n<div class=\"wp-block-column is-layout-flow wp-block-column-is-layout-flow\" style=\"flex-basis:30%\">\n<figure class=\"wp-block-embed is-type-video is-provider-youtube wp-block-embed-youtube wp-embed-aspect-9-16 wp-has-aspect-ratio\"><div class=\"wp-block-embed__wrapper\">\n<iframe title=\"Carregamento da panela de press\u00e3o #utens\u00edlios de cozinha #cozinhar #alentos\" width=\"563\" height=\"1000\" src=\"https:\/\/www.youtube.com\/embed\/mP8mIsnGa_E?feature=oembed\" frameborder=\"0\" allow=\"accelerometer; autoplay; clipboard-write; encrypted-media; gyroscope; picture-in-picture; web-share\" referrerpolicy=\"strict-origin-when-cross-origin\" allowfullscreen><\/iframe>\n<\/div><\/figure>\n<\/div>\n\n\n\n<div class=\"wp-block-column is-layout-flow wp-block-column-is-layout-flow\">\n<h2 class=\"wp-block-heading\">Panela de press\u00e3o grande Par\u00e2metro:<\/h2>\n\n\n\n<figure class=\"wp-block-table\"><table class=\"has-fixed-layout\"><tbody><tr><td>Modelo n.<\/td><td>Capacidade<\/td><td>Di\u00e2metro da boca<\/td><td>Peso<\/td><\/tr><tr><td rowspan=\"5\">LT-UPC<\/td><td>16L<\/td><td>32 cm<\/td><td>5,61 kg<\/td><\/tr><\/tbody><\/table><\/figure>\n\n\n\n<h2 class=\"wp-block-heading\">Panela de press\u00e3o grande Carater\u00edsticas:<\/h2>\n\n\n\n<p><strong>Design de grande capacidade:<\/strong> 16L (qt), design de grande capacidade, adequado para refei\u00e7\u00f5es em grupo, o cozimento numa s\u00f3 panela poupa m\u00faltiplas opera\u00e7\u00f5es repetidas.<\/p>\n\n\n\n<p><strong>Corpo da panela em a\u00e7o inoxid\u00e1vel de alta resist\u00eancia:<\/strong> Fabricado em a\u00e7o inoxid\u00e1vel espessado de qualidade alimentar, \u00e9 resistente \u00e0 press\u00e3o e \u00e0 corros\u00e3o, e suporta uma utiliza\u00e7\u00e3o de alta frequ\u00eancia e de longa dura\u00e7\u00e3o.<\/p>\n\n\n\n<p><strong>Sistema de seguran\u00e7a triplo \u00e0 prova de explos\u00e3o<\/strong>V\u00e1lvula de seguran\u00e7a incorporada, v\u00e1lvula limitadora de press\u00e3o e tampa anti-bloqueio para garantir estabilidade e seguran\u00e7a operacional sob alta press\u00e3o.<\/p>\n\n\n\n<p><strong>Estrutura de veda\u00e7\u00e3o eficiente<\/strong>: A tampa da panela de veda\u00e7\u00e3o forte aumenta rapidamente a press\u00e3o, encurta o tempo de cozedura, poupa energia e g\u00e1s e \u00e9 adequada para necessidades de cozinha eficientes.<\/p>\n\n\n\n<p><strong>Pega humanizada anti-escaldante<\/strong>Pega dupla alargada e refor\u00e7ada, pega est\u00e1vel e antiderrapante, os ingredientes da panela cheia tamb\u00e9m podem ser transportados em seguran\u00e7a.<\/p>\n\n\n\n<p><strong>Aplica\u00e7\u00e3o comercial multifuncional<\/strong>O aparelho pode ser utilizado para estufar carne, fazer sopa, cozer feij\u00e3o a vapor, sopa de ossos, etc., adequado para uma variedade de tarefas de cozinha comercial.<\/p>\n\n\n\n<p><strong>Adapta-se a uma variedade de fog\u00f5es:<\/strong> compat\u00edvel com fog\u00f5es a g\u00e1s, fog\u00f5es de indu\u00e7\u00e3o, fog\u00f5es de cer\u00e2mica e outros m\u00e9todos de aquecimento, com forte adaptabilidade \u00e0 cozinha.<\/p>\n<\/div>\n<\/div>\n\n\n\n<div class=\"wp-block-columns is-layout-flex wp-container-core-columns-is-layout-9d6595d7 wp-block-columns-is-layout-flex\">\n<div class=\"wp-block-column is-vertically-aligned-top is-layout-flow wp-block-column-is-layout-flow\">\n<h2 class=\"wp-block-heading\">Panela de press\u00e3o grande personalizada:<\/h2>\n\n\n\n<p>Fornecemos servi\u00e7os flex\u00edveis de personaliza\u00e7\u00e3o OEM e ODM para satisfazer diferentes requisitos de mercado e posicionamento de marca.<\/p>\n\n\n\n<p><strong>Gama de capacidades:\u00a0<\/strong>Escolha entre 2-16L para satisfazer as necessidades de diferentes tamanhos de fam\u00edlia.<\/p>\n\n\n\n<p><strong>Acabamento da superf\u00edcie:\u00a0<\/strong>Dispon\u00edvel em polimento espelhado (alto brilho), acabamento acetinado (aspeto escovado) ou revestimento de cor personalizado.<\/p>\n\n\n\n<p><strong>Marca e log\u00f3tipo:<\/strong><\/p>\n\n\n\n<ul class=\"wp-block-list\">\n<li>Grava\u00e7\u00e3o a laser no corpo do pote.<\/li>\n\n\n\n<li>Carimbo na parte inferior.<\/li>\n\n\n\n<li>Log\u00f3tipo personalizado nas pegas e v\u00e1lvulas de press\u00e3o.<\/li>\n<\/ul>\n\n\n\n<p><strong>Design de embalagens:\u00a0<\/strong>Caixas de cor, manuais de instru\u00e7\u00f5es e cart\u00f5es de transporte totalmente personalizados com a identidade visual da sua marca.<\/p>\n<\/div>\n\n\n\n<div class=\"wp-block-column is-vertically-aligned-top is-layout-flow wp-block-column-is-layout-flow\"><div class=\"wp-block-image\">\n<figure class=\"aligncenter size-full\"><img fetchpriority=\"high\" decoding=\"async\" width=\"3522\" height=\"3522\" src=\"https:\/\/www.linktonkitchen.com\/wp-content\/uploads\/2025\/07\/wholesale-big-pressure-cooker-2.webp\" alt=\"panela de press\u00e3o grande por atacado (2)\" class=\"wp-image-6169\" style=\"object-fit:cover\" srcset=\"https:\/\/www.linktonkitchen.com\/wp-content\/uploads\/2025\/07\/wholesale-big-pressure-cooker-2.webp 3522w, https:\/\/www.linktonkitchen.com\/wp-content\/uploads\/2025\/07\/wholesale-big-pressure-cooker-2-300x300.webp 300w, https:\/\/www.linktonkitchen.com\/wp-content\/uploads\/2025\/07\/wholesale-big-pressure-cooker-2-150x150.webp 150w, https:\/\/www.linktonkitchen.com\/wp-content\/uploads\/2025\/07\/wholesale-big-pressure-cooker-2-768x768.webp 768w, https:\/\/www.linktonkitchen.com\/wp-content\/uploads\/2025\/07\/wholesale-big-pressure-cooker-2-12x12.webp 12w, https:\/\/www.linktonkitchen.com\/wp-content\/uploads\/2025\/07\/wholesale-big-pressure-cooker-2-285x285.webp 285w, https:\/\/www.linktonkitchen.com\/wp-content\/uploads\/2025\/07\/wholesale-big-pressure-cooker-2-1600x1600.webp 1600w, https:\/\/www.linktonkitchen.com\/wp-content\/uploads\/2025\/07\/wholesale-big-pressure-cooker-2-270x270.webp 270w, https:\/\/www.linktonkitchen.com\/wp-content\/uploads\/2025\/07\/wholesale-big-pressure-cooker-2-540x540.webp 540w, https:\/\/www.linktonkitchen.com\/wp-content\/uploads\/2025\/07\/wholesale-big-pressure-cooker-2-660x660.webp 660w\" sizes=\"(max-width: 3522px) 100vw, 3522px\" \/><\/figure>\n<\/div><\/div>\n<\/div>","protected":false},"excerpt":{"rendered":"<p>Panela de press\u00e3o grande por atacado, concebida especificamente para cozinhas comerciais, a capacidade de 16L garante uma elevada efici\u00eancia, seguran\u00e7a e fiabilidade. Diretamente do fabricante Linkton, suporta compras a granel e personaliza\u00e7\u00e3o. Contacte-nos hoje para obter um cat\u00e1logo e um or\u00e7amento!<\/p>\n<h2>Panela de press\u00e3o grande Especifica\u00e7\u00f5es:<\/h2>\n<table width=\"402\">\n<tbody>\n<tr>\n<td width=\"145\">Fabricante<\/td>\n<td width=\"257\">Linkton<\/td>\n<\/tr>\n<tr>\n<td width=\"145\">Capacidade<\/td>\n<td width=\"257\">16L<\/td>\n<\/tr>\n<tr>\n<td>Material<\/td>\n<td>A\u00e7o inoxid\u00e1vel<\/td>\n<\/tr>\n<tr>\n<td>Fun\u00e7\u00e3o<\/td>\n<td width=\"257\">1. Cozedura r\u00e1pida de 80kpa<br \/>2. V\u00e1lvula de fecho de seguran\u00e7a de ponto vermelho para utiliza\u00e7\u00e3o em sistemas de seguran\u00e7a<br \/>3. Sistema de seguran\u00e7a \u00e0 prova de explos\u00e3o<br \/>4. Limpeza c\u00f3moda<\/td>\n<\/tr>\n<tr>\n<td>Fog\u00e3o aplic\u00e1vel<\/td>\n<td>Fog\u00e3o\/ Fog\u00e3o de indu\u00e7\u00e3o\/ Fog\u00e3o a g\u00e1s\/ Fog\u00e3o el\u00e9trico\/ Fog\u00e3o de cer\u00e2mica\/ Fog\u00e3o de halog\u00e9neo<\/td>\n<\/tr>\n<tr>\n<td>Configura\u00e7\u00e3o<\/td>\n<td width=\"257\">Manual\/V\u00e1lvula limitadora de press\u00e3o\/Bacia anti-derrame\/Agulha de limpeza<\/td>\n<\/tr>\n<tr>\n<td>OEM\/ODM<\/td>\n<td>Aceit\u00e1vel<\/td>\n<\/tr>\n<tr>\n<td>Amostra<\/td>\n<td>MOQ 1 pe\u00e7a<\/td>\n<\/tr>\n<\/tbody>\n<\/table>","protected":false},"featured_media":6172,"template":"","meta":{"_acf_changed":false},"product-application":[],"product-capacity":[],"product_brand":[],"product_cat":[55],"product_tag":[77,82],"class_list":{"0":"post-6164","1":"product","2":"type-product","3":"status-publish","4":"has-post-thumbnail","6":"product_cat-pressure-cooker-wholesale","7":"product_tag-wholesale-commercial-pressure-cooker","8":"product_tag-wholesale-large-pressure-cooker","10":"first","11":"instock","12":"shipping-taxable","13":"product-type-simple"},"acf":[],"_links":{"self":[{"href":"https:\/\/www.linktonkitchen.com\/pt\/wp-json\/wp\/v2\/product\/6164","targetHints":{"allow":["GET"]}}],"collection":[{"href":"https:\/\/www.linktonkitchen.com\/pt\/wp-json\/wp\/v2\/product"}],"about":[{"href":"https:\/\/www.linktonkitchen.com\/pt\/wp-json\/wp\/v2\/types\/product"}],"version-history":[{"count":0,"href":"https:\/\/www.linktonkitchen.com\/pt\/wp-json\/wp\/v2\/product\/6164\/revisions"}],"wp:featuredmedia":[{"embeddable":true,"href":"https:\/\/www.linktonkitchen.com\/pt\/wp-json\/wp\/v2\/media\/6172"}],"wp:attachment":[{"href":"https:\/\/www.linktonkitchen.com\/pt\/wp-json\/wp\/v2\/media?parent=6164"}],"wp:term":[{"taxonomy":"product-application","embeddable":true,"href":"https:\/\/www.linktonkitchen.com\/pt\/wp-json\/wp\/v2\/product-application?post=6164"},{"taxonomy":"product-capacity","embeddable":true,"href":"https:\/\/www.linktonkitchen.com\/pt\/wp-json\/wp\/v2\/product-capacity?post=6164"},{"taxonomy":"product_brand","embeddable":true,"href":"https:\/\/www.linktonkitchen.com\/pt\/wp-json\/wp\/v2\/product_brand?post=6164"},{"taxonomy":"product_cat","embeddable":true,"href":"https:\/\/www.linktonkitchen.com\/pt\/wp-json\/wp\/v2\/product_cat?post=6164"},{"taxonomy":"product_tag","embeddable":true,"href":"https:\/\/www.linktonkitchen.com\/pt\/wp-json\/wp\/v2\/product_tag?post=6164"}],"curies":[{"name":"wp","href":"https:\/\/api.w.org\/{rel}","templated":true}]}}