{"id":6177,"date":"2025-07-29T07:06:49","date_gmt":"2025-07-29T07:06:49","guid":{"rendered":"https:\/\/www.linktonkitchen.com\/?post_type=product&#038;p=6177"},"modified":"2026-02-05T09:16:54","modified_gmt":"2026-02-05T09:16:54","slug":"wholesale-8-qt-pressure-cooker","status":"publish","type":"product","link":"https:\/\/www.linktonkitchen.com\/pt\/product\/wholesale-8-qt-pressure-cooker\/","title":{"rendered":"Panela de press\u00e3o de 8 qt por atacado, panela de press\u00e3o de a\u00e7o inoxid\u00e1vel com grelha para cozinhar a vapor"},"content":{"rendered":"<div class=\"wp-block-columns is-layout-flex wp-container-core-columns-is-layout-9d6595d7 wp-block-columns-is-layout-flex\">\n<div class=\"wp-block-column is-vertically-aligned-top is-layout-flow wp-block-column-is-layout-flow\">\n<h2 class=\"wp-block-heading\">Panela de press\u00e3o de a\u00e7o inoxid\u00e1vel Par\u00e2metro:<\/h2>\n\n\n\n<figure class=\"wp-block-table\"><table class=\"has-fixed-layout\"><tbody><tr><td>Modelo n.<\/td><td>Capacidade<\/td><td>Di\u00e2metro da boca<\/td><td>Peso<\/td><\/tr><tr><td rowspan=\"5\">LT-TJ<\/td><td>8L<\/td><td>26 cm<\/td><td>3,59 kg<\/td><\/tr><\/tbody><\/table><\/figure>\n\n\n\n<h2 class=\"wp-block-heading\">Panela de press\u00e3o em a\u00e7o inoxid\u00e1vel Carater\u00edsticas:<\/h2>\n\n\n\n<p><strong>A\u00e7o inoxid\u00e1vel de alta qualidade:<\/strong> Fabricado em a\u00e7o inoxid\u00e1vel de qualidade alimentar, \u00e9 resistente \u00e0 corros\u00e3o e ao calor, com uma superf\u00edcie lisa e f\u00e1cil de limpar e uma excelente durabilidade.<\/p>\n\n\n\n<p><strong>Punho refor\u00e7ado anti-calc\u00e1rio<\/strong>: Proporciona uma ader\u00eancia segura sem queimar, facilitando a eleva\u00e7\u00e3o e a desloca\u00e7\u00e3o com confian\u00e7a.<\/p>\n\n\n\n<p><strong>V\u00e1lvula autom\u00e1tica de ponto vermelho:<\/strong> Um ponto vermelho aparece automaticamente quando a press\u00e3o \u00e9 elevada dentro da panela e diminui automaticamente quando a press\u00e3o \u00e9 libertada, facilitando a determina\u00e7\u00e3o do momento de abrir a tampa e aumentando a seguran\u00e7a operacional.<\/p>\n\n\n\n<p><strong>80kPa Alta press\u00e3o de funcionamento<\/strong>: A press\u00e3o de funcionamento atinge 80kPa, permitindo que a carne, o feij\u00e3o e outros ingredientes sejam cozinhados at\u00e9 \u00e0 textura desejada num per\u00edodo de tempo mais curto, melhorando significativamente a efici\u00eancia do servi\u00e7o e poupando energia e tempo.<\/p>\n\n\n\n<p><strong>M\u00faltiplas protec\u00e7\u00f5es de seguran\u00e7a: <\/strong>Equipado com uma v\u00e1lvula limitadora de press\u00e3o, uma v\u00e1lvula de seguran\u00e7a e um escudo anti-bloqueio, os m\u00faltiplos sistemas de prote\u00e7\u00e3o garantem uma cozedura segura e est\u00e1vel durante todo o processo de cozedura.<\/p>\n\n\n\n<p><strong>Compatibilidade para uso dom\u00e9stico e comercial<\/strong>: A capacidade moderada satisfaz as necessidades das fam\u00edlias de m\u00e9dia dimens\u00e3o e dos pequenos restaurantes para a prepara\u00e7\u00e3o de refei\u00e7\u00f5es r\u00e1pidas.<\/p>\n<\/div>\n\n\n\n<div class=\"wp-block-column is-vertically-aligned-top is-layout-flow wp-block-column-is-layout-flow\"><div class=\"wp-block-image\">\n<figure class=\"aligncenter size-full\"><img fetchpriority=\"high\" decoding=\"async\" width=\"800\" height=\"800\" src=\"https:\/\/www.linktonkitchen.com\/wp-content\/uploads\/2024\/04\/wholesale-stainless-steel-pressure-cooker-7.webp\" alt=\"panela de press\u00e3o de a\u00e7o inoxid\u00e1vel por atacado\" class=\"wp-image-7330\" style=\"object-fit:cover\" srcset=\"https:\/\/www.linktonkitchen.com\/wp-content\/uploads\/2024\/04\/wholesale-stainless-steel-pressure-cooker-7.webp 800w, https:\/\/www.linktonkitchen.com\/wp-content\/uploads\/2024\/04\/wholesale-stainless-steel-pressure-cooker-7-300x300.webp 300w, https:\/\/www.linktonkitchen.com\/wp-content\/uploads\/2024\/04\/wholesale-stainless-steel-pressure-cooker-7-150x150.webp 150w, https:\/\/www.linktonkitchen.com\/wp-content\/uploads\/2024\/04\/wholesale-stainless-steel-pressure-cooker-7-768x768.webp 768w, https:\/\/www.linktonkitchen.com\/wp-content\/uploads\/2024\/04\/wholesale-stainless-steel-pressure-cooker-7-12x12.webp 12w, https:\/\/www.linktonkitchen.com\/wp-content\/uploads\/2024\/04\/wholesale-stainless-steel-pressure-cooker-7-285x285.webp 285w, https:\/\/www.linktonkitchen.com\/wp-content\/uploads\/2024\/04\/wholesale-stainless-steel-pressure-cooker-7-270x270.webp 270w, https:\/\/www.linktonkitchen.com\/wp-content\/uploads\/2024\/04\/wholesale-stainless-steel-pressure-cooker-7-540x540.webp 540w, https:\/\/www.linktonkitchen.com\/wp-content\/uploads\/2024\/04\/wholesale-stainless-steel-pressure-cooker-7-660x660.webp 660w\" sizes=\"(max-width: 800px) 100vw, 800px\" \/><\/figure>\n<\/div><\/div>\n<\/div>","protected":false},"excerpt":{"rendered":"<p>Panelas de press\u00e3o de 8 qt por atacado, com pega anti-escaldante e grelha de vaporiza\u00e7\u00e3o, feitas de a\u00e7o inoxid\u00e1vel de alta qualidade, garantindo um aquecimento uniforme e seguran\u00e7a. Servi\u00e7os OEM\/ODM dispon\u00edveis. Contacte-nos para obter um or\u00e7amento!<\/p>\n<h2>Panela de press\u00e3o de 8 qt Especifica\u00e7\u00f5es:<\/h2>\n<table width=\"402\">\n<tbody>\n<tr>\n<td width=\"145\">Fabricante<\/td>\n<td width=\"257\">Linkton<\/td>\n<\/tr>\n<tr>\n<td width=\"145\">Capacidade<\/td>\n<td width=\"257\">5L\/ 6L\/ 8L<\/td>\n<\/tr>\n<tr>\n<td>Material<\/td>\n<td>A\u00e7o inoxid\u00e1vel<\/td>\n<\/tr>\n<tr>\n<td>Fun\u00e7\u00e3o<\/td>\n<td width=\"257\">1. Com uma grelha para vapor e uma pega anti-escaldamento<br \/>2. Press\u00e3o de 80 kpa<br \/>3. V\u00e1lvula autom\u00e1tica de liberta\u00e7\u00e3o de press\u00e3o com ponto vermelho<br \/>4. Seguran\u00e7a \u00e0 prova de explos\u00e3o<br \/>5. Limpeza c\u00f3moda<\/td>\n<\/tr>\n<tr>\n<td>Configura\u00e7\u00e3o<\/td>\n<td width=\"257\">Manual\/V\u00e1lvula limitadora de press\u00e3o\/Bacia anti-derrame\/Agulha de limpeza<\/td>\n<\/tr>\n<tr>\n<td>Fog\u00e3o aplic\u00e1vel<\/td>\n<td>Fog\u00e3o\/ Fog\u00e3o de indu\u00e7\u00e3o\/ Fog\u00e3o a g\u00e1s\/ Fog\u00e3o el\u00e9trico\/ Fog\u00e3o de cer\u00e2mica\/ Fog\u00e3o de halog\u00e9neo<\/td>\n<\/tr>\n<tr>\n<td>OEM\/ODM<\/td>\n<td>Aceit\u00e1vel<\/td>\n<\/tr>\n<tr>\n<td>Amostra<\/td>\n<td>MOQ 1 pe\u00e7a<\/td>\n<\/tr>\n<\/tbody>\n<\/table>","protected":false},"featured_media":7335,"template":"","meta":{"_acf_changed":false},"product-application":[],"product-capacity":[],"product_brand":[],"product_cat":[55],"product_tag":[77,76,81],"class_list":{"0":"post-6177","1":"product","2":"type-product","3":"status-publish","4":"has-post-thumbnail","6":"product_cat-pressure-cooker-wholesale","7":"product_tag-wholesale-commercial-pressure-cooker","8":"product_tag-wholesale-home-pressure-cooker","9":"product_tag-wholesale-medium-pressure-cooker","11":"first","12":"instock","13":"shipping-taxable","14":"product-type-simple"},"acf":[],"_links":{"self":[{"href":"https:\/\/www.linktonkitchen.com\/pt\/wp-json\/wp\/v2\/product\/6177","targetHints":{"allow":["GET"]}}],"collection":[{"href":"https:\/\/www.linktonkitchen.com\/pt\/wp-json\/wp\/v2\/product"}],"about":[{"href":"https:\/\/www.linktonkitchen.com\/pt\/wp-json\/wp\/v2\/types\/product"}],"version-history":[{"count":0,"href":"https:\/\/www.linktonkitchen.com\/pt\/wp-json\/wp\/v2\/product\/6177\/revisions"}],"wp:featuredmedia":[{"embeddable":true,"href":"https:\/\/www.linktonkitchen.com\/pt\/wp-json\/wp\/v2\/media\/7335"}],"wp:attachment":[{"href":"https:\/\/www.linktonkitchen.com\/pt\/wp-json\/wp\/v2\/media?parent=6177"}],"wp:term":[{"taxonomy":"product-application","embeddable":true,"href":"https:\/\/www.linktonkitchen.com\/pt\/wp-json\/wp\/v2\/product-application?post=6177"},{"taxonomy":"product-capacity","embeddable":true,"href":"https:\/\/www.linktonkitchen.com\/pt\/wp-json\/wp\/v2\/product-capacity?post=6177"},{"taxonomy":"product_brand","embeddable":true,"href":"https:\/\/www.linktonkitchen.com\/pt\/wp-json\/wp\/v2\/product_brand?post=6177"},{"taxonomy":"product_cat","embeddable":true,"href":"https:\/\/www.linktonkitchen.com\/pt\/wp-json\/wp\/v2\/product_cat?post=6177"},{"taxonomy":"product_tag","embeddable":true,"href":"https:\/\/www.linktonkitchen.com\/pt\/wp-json\/wp\/v2\/product_tag?post=6177"}],"curies":[{"name":"wp","href":"https:\/\/api.w.org\/{rel}","templated":true}]}}