{"id":6198,"date":"2025-08-06T07:45:43","date_gmt":"2025-08-06T07:45:43","guid":{"rendered":"https:\/\/www.linktonkitchen.com\/?post_type=product&#038;p=6198"},"modified":"2026-02-04T03:42:53","modified_gmt":"2026-02-04T03:42:53","slug":"wholesale-8-quart-stainless-steel-pressure-cooker","status":"publish","type":"product","link":"https:\/\/www.linktonkitchen.com\/pt\/product\/wholesale-8-quart-stainless-steel-pressure-cooker\/","title":{"rendered":"Panela de press\u00e3o de a\u00e7o inoxid\u00e1vel de 8 quartos por atacado, panela de press\u00e3o de indu\u00e7\u00e3o para fog\u00e3o"},"content":{"rendered":"<div class=\"wp-block-columns is-layout-flex wp-container-core-columns-is-layout-9d6595d7 wp-block-columns-is-layout-flex\">\n<div class=\"wp-block-column is-layout-flow wp-block-column-is-layout-flow\" style=\"flex-basis:30%\">\n<figure class=\"wp-block-embed is-type-video is-provider-youtube wp-block-embed-youtube wp-embed-aspect-9-16 wp-has-aspect-ratio\"><div class=\"wp-block-embed__wrapper\">\n<iframe title=\"Sabe quais s\u00e3o as vantagens da panela de press\u00e3o com pega elevat\u00f3ria? 1TP5Fog\u00e3o de press\u00e3o 1TP5Fabrica\u00e7\u00e3o\" width=\"563\" height=\"1000\" src=\"https:\/\/www.youtube.com\/embed\/VXWKZJ6-ZI4?feature=oembed\" frameborder=\"0\" allow=\"accelerometer; autoplay; clipboard-write; encrypted-media; gyroscope; picture-in-picture; web-share\" referrerpolicy=\"strict-origin-when-cross-origin\" allowfullscreen><\/iframe>\n<\/div><\/figure>\n<\/div>\n\n\n\n<div class=\"wp-block-column is-layout-flow wp-block-column-is-layout-flow\">\n<h2 class=\"wp-block-heading\">Panela de press\u00e3o de a\u00e7o inoxid\u00e1vel Par\u00e2metro:<\/h2>\n\n\n\n<figure class=\"wp-block-table\"><table class=\"has-fixed-layout\"><tbody><tr><td>Modelo n.<\/td><td>Capacidade<\/td><td>Di\u00e2metro da boca<\/td><td>Peso<\/td><\/tr><tr><td rowspan=\"5\">LT-EJT<\/td><td>8L<\/td><td>24 cm<\/td><td>3,59 kg<\/td><\/tr><\/tbody><\/table><\/figure>\n\n\n\n<h2 class=\"wp-block-heading\">Panela de press\u00e3o em a\u00e7o inoxid\u00e1vel Carater\u00edsticas:<\/h2>\n\n\n\n<p><strong>Conce\u00e7\u00e3o pr\u00e1tica da capacidade<\/strong>: Satisfaz as necessidades culin\u00e1rias das fam\u00edlias e das pequenas e m\u00e9dias empresas, e prepara v\u00e1rios ingredientes de uma s\u00f3 vez.<\/p>\n\n\n\n<p><strong>Sistema de controlo de press\u00e3o ajust\u00e1vel<\/strong>: Satisfaz os requisitos de press\u00e3o de cozedura de diferentes ingredientes, desde o feij\u00e3o \u00e0 carne, e pode ser controlada com precis\u00e3o.<\/p>\n\n\n\n<p><strong>Pega f\u00e1cil de levantar<\/strong>: ergon\u00f3mico, melhora a facilidade de utiliza\u00e7\u00e3o e \u00e9 mais seguro e menos trabalhoso de deslocar.<\/p>\n\n\n\n<p><strong>Material de a\u00e7o inoxid\u00e1vel de alta qualidade<\/strong>: resistente \u00e0 corros\u00e3o, f\u00e1cil de limpar, dur\u00e1vel, adequado para utiliza\u00e7\u00e3o a longo prazo a altas temperaturas.<\/p>\n\n\n\n<p><strong>Dispositivo autom\u00e1tico de al\u00edvio de press\u00e3o e bloqueio de seguran\u00e7a<\/strong>: Melhorar a seguran\u00e7a de utiliza\u00e7\u00e3o e v\u00e1rios mecanismos de prote\u00e7\u00e3o para evitar erros de funcionamento.<\/p>\n\n\n\n<p><strong>Satisfazer as necessidades de v\u00e1rios cen\u00e1rios<\/strong>: Quer se trate da sopa e das papas cozinhadas diariamente em casa, ou da entrega r\u00e1pida de alimentos num pequeno restaurante, esta<\/p>\n<\/div>\n<\/div>\n\n\n\n<div class=\"wp-block-columns is-layout-flex wp-container-core-columns-is-layout-9d6595d7 wp-block-columns-is-layout-flex\">\n<div class=\"wp-block-column is-layout-flow wp-block-column-is-layout-flow\">\n<h2 class=\"wp-block-heading\">Panela de press\u00e3o personalizada em a\u00e7o inoxid\u00e1vel:<\/h2>\n\n\n\n<p>A Linkton fornece\u00a0<strong>Servi\u00e7os OEM\/ODM<\/strong>\u00a0para se destacar no seu mercado local:<\/p>\n\n\n\n<p><strong>Gama de capacidades:\u00a0<\/strong>Escolha entre 4L, 6,5L e 8L para satisfazer as necessidades de diferentes tamanhos de fam\u00edlia.<\/p>\n\n\n\n<p><strong>Acabamento da superf\u00edcie:&nbsp;<\/strong>Dispon\u00edvel em Polimento Espelhado (alto brilho), Acabamento Acetinado (aspeto escovado) ou Revestimento de Cor personalizado.<\/p>\n\n\n\n<p><strong>Marca e log\u00f3tipo:<\/strong><\/p>\n\n\n\n<ul class=\"wp-block-list\">\n<li>Grava\u00e7\u00e3o a laser no corpo do pote.<\/li>\n\n\n\n<li>Carimbo na parte inferior.<\/li>\n\n\n\n<li>Log\u00f3tipo personalizado nas pegas e v\u00e1lvulas de press\u00e3o.<\/li>\n<\/ul>\n\n\n\n<p><strong>Design de embalagens:&nbsp;<\/strong>Caixas de cor, manuais de instru\u00e7\u00f5es e caixas de transporte totalmente personalizadas com a identidade visual da sua marca.<\/p>\n<\/div>\n\n\n\n<div class=\"wp-block-column is-layout-flow wp-block-column-is-layout-flow\">\n<figure class=\"wp-block-image size-full\"><img fetchpriority=\"high\" decoding=\"async\" width=\"800\" height=\"450\" src=\"https:\/\/www.linktonkitchen.com\/wp-content\/uploads\/2024\/12\/Wholesale-One-Hand-Easy-Open-Pressure-Cooker-Stovetops-Induction-Stainless-Steel.webp\" alt=\"Panela de press\u00e3o de abertura f\u00e1cil com uma s\u00f3 m\u00e3o, a\u00e7o inoxid\u00e1vel para fog\u00f5es de indu\u00e7\u00e3o\" class=\"wp-image-7271\" srcset=\"https:\/\/www.linktonkitchen.com\/wp-content\/uploads\/2024\/12\/Wholesale-One-Hand-Easy-Open-Pressure-Cooker-Stovetops-Induction-Stainless-Steel.webp 800w, https:\/\/www.linktonkitchen.com\/wp-content\/uploads\/2024\/12\/Wholesale-One-Hand-Easy-Open-Pressure-Cooker-Stovetops-Induction-Stainless-Steel-300x169.webp 300w, https:\/\/www.linktonkitchen.com\/wp-content\/uploads\/2024\/12\/Wholesale-One-Hand-Easy-Open-Pressure-Cooker-Stovetops-Induction-Stainless-Steel-768x432.webp 768w, https:\/\/www.linktonkitchen.com\/wp-content\/uploads\/2024\/12\/Wholesale-One-Hand-Easy-Open-Pressure-Cooker-Stovetops-Induction-Stainless-Steel-18x10.webp 18w, https:\/\/www.linktonkitchen.com\/wp-content\/uploads\/2024\/12\/Wholesale-One-Hand-Easy-Open-Pressure-Cooker-Stovetops-Induction-Stainless-Steel-285x160.webp 285w, https:\/\/www.linktonkitchen.com\/wp-content\/uploads\/2024\/12\/Wholesale-One-Hand-Easy-Open-Pressure-Cooker-Stovetops-Induction-Stainless-Steel-660x371.webp 660w, https:\/\/www.linktonkitchen.com\/wp-content\/uploads\/2024\/12\/Wholesale-One-Hand-Easy-Open-Pressure-Cooker-Stovetops-Induction-Stainless-Steel-150x84.webp 150w\" sizes=\"(max-width: 800px) 100vw, 800px\" \/><\/figure>\n<\/div>\n<\/div>","protected":false},"excerpt":{"rendered":"<p>Panela de press\u00e3o de a\u00e7o inoxid\u00e1vel de 8 quartos por atacado da f\u00e1brica, a capacidade moderada \u00e9 perfeita para uso dom\u00e9stico e em restaurantes, e o sistema de press\u00e3o ajust\u00e1vel incorporado adapta-se a v\u00e1rias necessidades de cozedura. O OEM\/ODM \u00e9 suportado. Por favor, pergunte para obter mais informa\u00e7\u00f5es sobre o produto!<\/p>\n<h2>Panela de press\u00e3o em a\u00e7o inoxid\u00e1vel Especifica\u00e7\u00f5es:<\/h2>\n<table width=\"244\">\n<tbody>\n<tr>\n<td width=\"114\">Fabricante<\/td>\n<td width=\"130\">Linkton<\/td>\n<\/tr>\n<tr>\n<td width=\"114\">Capacidade<\/td>\n<td width=\"130\">4L\/ 6,5L\/ 8L<\/td>\n<\/tr>\n<tr>\n<td width=\"114\">Material<\/td>\n<td width=\"130\">\u00a0A\u00e7o inoxid\u00e1vel 304\u00a0<\/td>\n<\/tr>\n<tr>\n<td width=\"114\">Fun\u00e7\u00e3o<\/td>\n<td width=\"130\">1. Tampa rotativa com uma m\u00e3o, f\u00e1cil de abrir e bloquear<br \/>2. Press\u00e3o ajust\u00e1vel em 2 n\u00edveis<br \/>3. Cozedura r\u00e1pida a 100kPa<br \/>4. Seguran\u00e7a \u00e0 prova de explos\u00e3o<\/td>\n<\/tr>\n<tr>\n<td width=\"114\">Fog\u00e3o aplic\u00e1vel<\/td>\n<td width=\"130\">Fog\u00e3o\/ Fog\u00e3o de indu\u00e7\u00e3o\/ Fog\u00e3o a g\u00e1s\/ Fog\u00e3o el\u00e9trico\/ Fog\u00e3o de cer\u00e2mica\/ Fog\u00e3o de halog\u00e9neo<\/td>\n<\/tr>\n<tr>\n<td width=\"114\">Acess\u00f3rios<\/td>\n<td width=\"130\">Manual\/ V\u00e1lvula limitadora de press\u00e3o\/ Ta\u00e7a \u00e0 prova de derrame\/ Agulha de limpeza<\/td>\n<\/tr>\n<tr>\n<td width=\"114\">OEM \/ ODM<\/td>\n<td width=\"130\">Aceit\u00e1vel\u00a0<\/td>\n<\/tr>\n<tr>\n<td width=\"114\">Amostra<\/td>\n<td width=\"130\">MOQ 1 pe\u00e7a<\/td>\n<\/tr>\n<\/tbody>\n<\/table>\n<p>&nbsp;<\/p>","protected":false},"featured_media":6204,"template":"","meta":{"_acf_changed":false},"product-application":[],"product-capacity":[],"product_brand":[],"product_cat":[55],"product_tag":[76,81],"class_list":{"0":"post-6198","1":"product","2":"type-product","3":"status-publish","4":"has-post-thumbnail","6":"product_cat-pressure-cooker-wholesale","7":"product_tag-wholesale-home-pressure-cooker","8":"product_tag-wholesale-medium-pressure-cooker","10":"first","11":"instock","12":"shipping-taxable","13":"product-type-simple"},"acf":[],"_links":{"self":[{"href":"https:\/\/www.linktonkitchen.com\/pt\/wp-json\/wp\/v2\/product\/6198","targetHints":{"allow":["GET"]}}],"collection":[{"href":"https:\/\/www.linktonkitchen.com\/pt\/wp-json\/wp\/v2\/product"}],"about":[{"href":"https:\/\/www.linktonkitchen.com\/pt\/wp-json\/wp\/v2\/types\/product"}],"version-history":[{"count":6,"href":"https:\/\/www.linktonkitchen.com\/pt\/wp-json\/wp\/v2\/product\/6198\/revisions"}],"predecessor-version":[{"id":7293,"href":"https:\/\/www.linktonkitchen.com\/pt\/wp-json\/wp\/v2\/product\/6198\/revisions\/7293"}],"wp:featuredmedia":[{"embeddable":true,"href":"https:\/\/www.linktonkitchen.com\/pt\/wp-json\/wp\/v2\/media\/6204"}],"wp:attachment":[{"href":"https:\/\/www.linktonkitchen.com\/pt\/wp-json\/wp\/v2\/media?parent=6198"}],"wp:term":[{"taxonomy":"product-application","embeddable":true,"href":"https:\/\/www.linktonkitchen.com\/pt\/wp-json\/wp\/v2\/product-application?post=6198"},{"taxonomy":"product-capacity","embeddable":true,"href":"https:\/\/www.linktonkitchen.com\/pt\/wp-json\/wp\/v2\/product-capacity?post=6198"},{"taxonomy":"product_brand","embeddable":true,"href":"https:\/\/www.linktonkitchen.com\/pt\/wp-json\/wp\/v2\/product_brand?post=6198"},{"taxonomy":"product_cat","embeddable":true,"href":"https:\/\/www.linktonkitchen.com\/pt\/wp-json\/wp\/v2\/product_cat?post=6198"},{"taxonomy":"product_tag","embeddable":true,"href":"https:\/\/www.linktonkitchen.com\/pt\/wp-json\/wp\/v2\/product_tag?post=6198"}],"curies":[{"name":"wp","href":"https:\/\/api.w.org\/{rel}","templated":true}]}}