{"id":6228,"date":"2025-08-06T07:45:43","date_gmt":"2025-08-06T07:45:43","guid":{"rendered":"https:\/\/www.linktonkitchen.com\/?post_type=product&#038;p=6228"},"modified":"2026-02-05T07:24:01","modified_gmt":"2026-02-05T07:24:01","slug":"wholesale-pressure-cooker-pot","status":"publish","type":"product","link":"https:\/\/www.linktonkitchen.com\/pt\/produto\/wholesale-pressure-cooker-pot\/","title":{"rendered":"Panela de press\u00e3o por atacado, Panela de press\u00e3o de a\u00e7o inoxid\u00e1vel 6-11QT Fabricante"},"content":{"rendered":"<div class=\"wp-block-columns is-layout-flex wp-container-core-columns-is-layout-9d6595d7 wp-block-columns-is-layout-flex\">\n<div class=\"wp-block-column is-vertically-aligned-top is-layout-flow wp-block-column-is-layout-flow\">\n<h2 class=\"wp-block-heading\">Panela de press\u00e3o Par\u00e2metro da panela:<\/h2>\n\n\n\n<figure class=\"wp-block-table\"><table><tbody><tr><td>Modelo n.<\/td><td>Capacidade<\/td><td>Di\u00e2metro da boca<\/td><td>Peso bruto (kg)<\/td><\/tr><tr><td rowspan=\"4\">LT-OX<\/td><td>6L<\/td><td>22 cm<\/td><td>2,67 kg<\/td><\/tr><tr><td>7L<\/td><td>24 cm<\/td><td>3,25 kg<\/td><\/tr><tr><td>9L<\/td><td>26 cm<\/td><td>4.01kg<\/td><\/tr><tr><td>11L<\/td><td>28 cm<\/td><td>4,41 kg<\/td><\/tr><\/tbody><\/table><\/figure>\n\n\n\n<h2 class=\"wp-block-heading\">Panela de press\u00e3o Carater\u00edsticas:<\/h2>\n\n\n\n<p><strong>Cozinhar de forma eficiente<\/strong>: A panela de press\u00e3o possui uma estrutura de corpo de alta press\u00e3o duradoura capaz de suportar at\u00e9 80 KPA de press\u00e3o, reduzindo o tempo de cozedura e sendo simultaneamente eficiente em termos energ\u00e9ticos e adequada para uma utiliza\u00e7\u00e3o de alta intensidade em ambientes como restaurantes e cafetarias.<\/p>\n\n\n\n<p><strong>M\u00faltiplas op\u00e7\u00f5es de capacidade<\/strong>: Dispon\u00edvel nas capacidades de 6L, 7L, 9L e 11L, adequado para cozinhar em casa em pequena escala e para estufar em grande escala, satisfazendo as diferentes necessidades de diferentes clientes.<\/p>\n\n\n\n<p><strong>Equipado com m\u00faltiplas carater\u00edsticas de seguran\u00e7a:<\/strong> A v\u00e1lvula de descompress\u00e3o, a v\u00e1lvula de seguran\u00e7a e a tampa anti-entupimento t\u00eam um design que evita rigorosamente a sobrepress\u00e3o; as pegas vermelhas s\u00e3o resistentes ao calor e antiderrapantes, garantindo um funcionamento mais seguro.<\/p>\n\n\n\n<p><strong>A\u00e7o inoxid\u00e1vel de alta qualidade<\/strong>: Feito de material de a\u00e7o inoxid\u00e1vel espessado de qualidade alimentar, \u00e9 resistente ao calor e \u00e0 corros\u00e3o. O corpo da panela \u00e9 robusto e resistente \u00e0 deforma\u00e7\u00e3o, permanecendo brilhante e novo mesmo ap\u00f3s uma utiliza\u00e7\u00e3o prolongada, e \u00e9 f\u00e1cil de limpar e manter.<\/p>\n\n\n\n<p><strong>Ampla compatibilidade:<\/strong> Adequado para v\u00e1rias fontes de calor, como fog\u00f5es a g\u00e1s, fog\u00f5es de indu\u00e7\u00e3o e fog\u00f5es de cer\u00e2mica, satisfazendo as diversas necessidades das cozinhas dom\u00e9sticas e comerciais.<\/p>\n\n\n\n<p><strong>Tampa com design floral elegante<\/strong>: A tampa da panela \u00e9 adornada com padr\u00f5es florais tradicionais combinados com o brilho moderno do a\u00e7o inoxid\u00e1vel, oferecendo simultaneamente um aspeto est\u00e9tico e pr\u00e1tico, melhorando o ambiente geral da cozinha.<\/p>\n<\/div>\n\n\n\n<div class=\"wp-block-column is-vertically-aligned-top is-layout-flow wp-block-column-is-layout-flow\">\n<figure class=\"wp-block-image size-full\"><img fetchpriority=\"high\" decoding=\"async\" width=\"1188\" height=\"1188\" src=\"https:\/\/www.linktonkitchen.com\/wp-content\/uploads\/2025\/08\/wholesale-pressure-cooker-pot-4.webp\" alt=\"panela de press\u00e3o por atacado (4)\" class=\"wp-image-6232\" srcset=\"https:\/\/www.linktonkitchen.com\/wp-content\/uploads\/2025\/08\/wholesale-pressure-cooker-pot-4.webp 1188w, https:\/\/www.linktonkitchen.com\/wp-content\/uploads\/2025\/08\/wholesale-pressure-cooker-pot-4-300x300.webp 300w, https:\/\/www.linktonkitchen.com\/wp-content\/uploads\/2025\/08\/wholesale-pressure-cooker-pot-4-150x150.webp 150w, https:\/\/www.linktonkitchen.com\/wp-content\/uploads\/2025\/08\/wholesale-pressure-cooker-pot-4-768x768.webp 768w, https:\/\/www.linktonkitchen.com\/wp-content\/uploads\/2025\/08\/wholesale-pressure-cooker-pot-4-12x12.webp 12w, https:\/\/www.linktonkitchen.com\/wp-content\/uploads\/2025\/08\/wholesale-pressure-cooker-pot-4-285x285.webp 285w, https:\/\/www.linktonkitchen.com\/wp-content\/uploads\/2025\/08\/wholesale-pressure-cooker-pot-4-270x270.webp 270w, https:\/\/www.linktonkitchen.com\/wp-content\/uploads\/2025\/08\/wholesale-pressure-cooker-pot-4-540x540.webp 540w, https:\/\/www.linktonkitchen.com\/wp-content\/uploads\/2025\/08\/wholesale-pressure-cooker-pot-4-660x660.webp 660w\" sizes=\"(max-width: 1188px) 100vw, 1188px\" \/><\/figure>\n<\/div>\n<\/div>\n\n\n\n<div class=\"wp-block-columns is-layout-flex wp-container-core-columns-is-layout-9d6595d7 wp-block-columns-is-layout-flex\">\n<div class=\"wp-block-column is-layout-flow wp-block-column-is-layout-flow\">\n<figure class=\"wp-block-image size-full\"><img decoding=\"async\" width=\"3000\" height=\"3000\" src=\"https:\/\/www.linktonkitchen.com\/wp-content\/uploads\/2025\/08\/wholesale-pressure-cooker-pot-2.webp\" alt=\"panela de press\u00e3o por atacado (2)\" class=\"wp-image-6230\" srcset=\"https:\/\/www.linktonkitchen.com\/wp-content\/uploads\/2025\/08\/wholesale-pressure-cooker-pot-2.webp 3000w, https:\/\/www.linktonkitchen.com\/wp-content\/uploads\/2025\/08\/wholesale-pressure-cooker-pot-2-300x300.webp 300w, https:\/\/www.linktonkitchen.com\/wp-content\/uploads\/2025\/08\/wholesale-pressure-cooker-pot-2-150x150.webp 150w, https:\/\/www.linktonkitchen.com\/wp-content\/uploads\/2025\/08\/wholesale-pressure-cooker-pot-2-768x768.webp 768w, https:\/\/www.linktonkitchen.com\/wp-content\/uploads\/2025\/08\/wholesale-pressure-cooker-pot-2-12x12.webp 12w, https:\/\/www.linktonkitchen.com\/wp-content\/uploads\/2025\/08\/wholesale-pressure-cooker-pot-2-285x285.webp 285w, https:\/\/www.linktonkitchen.com\/wp-content\/uploads\/2025\/08\/wholesale-pressure-cooker-pot-2-1600x1600.webp 1600w, https:\/\/www.linktonkitchen.com\/wp-content\/uploads\/2025\/08\/wholesale-pressure-cooker-pot-2-270x270.webp 270w, https:\/\/www.linktonkitchen.com\/wp-content\/uploads\/2025\/08\/wholesale-pressure-cooker-pot-2-540x540.webp 540w, https:\/\/www.linktonkitchen.com\/wp-content\/uploads\/2025\/08\/wholesale-pressure-cooker-pot-2-660x660.webp 660w\" sizes=\"(max-width: 3000px) 100vw, 3000px\" \/><\/figure>\n<\/div>\n\n\n\n<div class=\"wp-block-column is-layout-flow wp-block-column-is-layout-flow\">\n<h2 class=\"wp-block-heading\">Panela de press\u00e3o personalizada:<\/h2>\n\n\n\n<p>A Linkton fornece servi\u00e7os flex\u00edveis de personaliza\u00e7\u00e3o OEM e ODM para atender a diferentes requisitos de mercado e posicionamento de marca.<\/p>\n\n\n\n<p><strong>Gama de capacidades:\u00a0<\/strong>Escolha entre 6-11L para satisfazer as necessidades de diferentes tamanhos de fam\u00edlia.<\/p>\n\n\n\n<p><strong>Acabamento da superf\u00edcie:&nbsp;<\/strong>Dispon\u00edvel em Polimento Espelhado (alto brilho), Acabamento Acetinado (aspeto escovado) ou Revestimento de Cor personalizado.<\/p>\n\n\n\n<p><strong>Marca e log\u00f3tipo:<\/strong><\/p>\n\n\n\n<ul class=\"wp-block-list\">\n<li>Grava\u00e7\u00e3o a laser no corpo do pote.<\/li>\n\n\n\n<li>Carimbo na parte inferior.<\/li>\n\n\n\n<li>Log\u00f3tipo personalizado nas pegas e v\u00e1lvulas de press\u00e3o.<\/li>\n<\/ul>\n\n\n\n<p><strong>Design de embalagens:&nbsp;<\/strong>Caixas de cor, manuais de instru\u00e7\u00f5es e caixas de transporte totalmente personalizadas com a identidade visual da sua marca.<\/p>\n<\/div>\n<\/div>","protected":false},"excerpt":{"rendered":"<p>Panela de press\u00e3o por atacado, v\u00e1rias capacidades dispon\u00edveis, material de a\u00e7o inoxid\u00e1vel de qualidade alimentar, design de alta press\u00e3o de 80KPA, adequado para uso dom\u00e9stico e comercial, seguro e conveniente. Contacte-nos para obter mais par\u00e2metros.<\/p>\n<h2><strong>Panela de press\u00e3o\u00a0<\/strong><span style=\"box-sizing: border-box; margin: 0px; padding: 0px;\"><strong>Panela\u00a0<\/strong>Especifica\u00e7\u00f5es<\/span>:<\/h2>\n<table width=\"402\">\n<tbody>\n<tr>\n<td width=\"145\">Fabricante<\/td>\n<td width=\"257\">Linkton<\/td>\n<\/tr>\n<tr>\n<td>Material<\/td>\n<td>A\u00e7o inoxid\u00e1vel<\/td>\n<\/tr>\n<tr>\n<td>Capacidade<\/td>\n<td>6L\/ 7L\/ 9L\/ 11L<\/td>\n<\/tr>\n<tr>\n<td>Fun\u00e7\u00e3o<\/td>\n<td width=\"257\">1. Tampa com fecho de press\u00e3o<br \/>2. Seis protec\u00e7\u00f5es pesadas<br \/>3. Press\u00e3o de 80 kpa<br \/>4. Seguran\u00e7a \u00e0 prova de explos\u00e3o<br \/>5. Limpeza c\u00f3moda<\/td>\n<\/tr>\n<tr>\n<td>Fog\u00e3o aplic\u00e1vel<\/td>\n<td>Fog\u00e3o\/ Fog\u00e3o de indu\u00e7\u00e3o\/ Fog\u00e3o a g\u00e1s\/ Fog\u00e3o el\u00e9trico\/ Fog\u00e3o de cer\u00e2mica\/ Fog\u00e3o de halog\u00e9neo<\/td>\n<\/tr>\n<tr>\n<td>Configura\u00e7\u00e3o<\/td>\n<td width=\"257\">Manual\/V\u00e1lvula limitadora de press\u00e3o\/Bacia anti-derrame\/Agulha de limpeza<\/td>\n<\/tr>\n<tr>\n<td>OEM\/ODM<\/td>\n<td>Aceit\u00e1vel<\/td>\n<\/tr>\n<tr>\n<td>Amostra<\/td>\n<td>MOQ 1 pe\u00e7a<\/td>\n<\/tr>\n<\/tbody>\n<\/table>","protected":false},"featured_media":6229,"template":"","meta":{"_acf_changed":false},"product-application":[],"product-capacity":[],"product_brand":[],"product_cat":[55],"product_tag":[77,76,80,81],"class_list":{"0":"post-6228","1":"product","2":"type-product","3":"status-publish","4":"has-post-thumbnail","6":"product_cat-pressure-cooker-wholesale","7":"product_tag-wholesale-commercial-pressure-cooker","8":"product_tag-wholesale-home-pressure-cooker","9":"product_tag-wholesale-small-pressure-cooker","10":"product_tag-wholesale-medium-pressure-cooker","12":"first","13":"instock","14":"shipping-taxable","15":"product-type-simple"},"acf":[],"_links":{"self":[{"href":"https:\/\/www.linktonkitchen.com\/pt\/wp-json\/wp\/v2\/product\/6228","targetHints":{"allow":["GET"]}}],"collection":[{"href":"https:\/\/www.linktonkitchen.com\/pt\/wp-json\/wp\/v2\/product"}],"about":[{"href":"https:\/\/www.linktonkitchen.com\/pt\/wp-json\/wp\/v2\/types\/product"}],"version-history":[{"count":4,"href":"https:\/\/www.linktonkitchen.com\/pt\/wp-json\/wp\/v2\/product\/6228\/revisions"}],"predecessor-version":[{"id":7425,"href":"https:\/\/www.linktonkitchen.com\/pt\/wp-json\/wp\/v2\/product\/6228\/revisions\/7425"}],"wp:featuredmedia":[{"embeddable":true,"href":"https:\/\/www.linktonkitchen.com\/pt\/wp-json\/wp\/v2\/media\/6229"}],"wp:attachment":[{"href":"https:\/\/www.linktonkitchen.com\/pt\/wp-json\/wp\/v2\/media?parent=6228"}],"wp:term":[{"taxonomy":"product-application","embeddable":true,"href":"https:\/\/www.linktonkitchen.com\/pt\/wp-json\/wp\/v2\/product-application?post=6228"},{"taxonomy":"product-capacity","embeddable":true,"href":"https:\/\/www.linktonkitchen.com\/pt\/wp-json\/wp\/v2\/product-capacity?post=6228"},{"taxonomy":"product_brand","embeddable":true,"href":"https:\/\/www.linktonkitchen.com\/pt\/wp-json\/wp\/v2\/product_brand?post=6228"},{"taxonomy":"product_cat","embeddable":true,"href":"https:\/\/www.linktonkitchen.com\/pt\/wp-json\/wp\/v2\/product_cat?post=6228"},{"taxonomy":"product_tag","embeddable":true,"href":"https:\/\/www.linktonkitchen.com\/pt\/wp-json\/wp\/v2\/product_tag?post=6228"}],"curies":[{"name":"wp","href":"https:\/\/api.w.org\/{rel}","templated":true}]}}