{"id":6235,"date":"2025-08-06T07:45:43","date_gmt":"2025-08-06T07:45:43","guid":{"rendered":"https:\/\/www.linktonkitchen.com\/?post_type=product&#038;p=6235"},"modified":"2026-02-05T03:52:02","modified_gmt":"2026-02-05T03:52:02","slug":"wholesale-12-quart-pressure-cooker","status":"publish","type":"product","link":"https:\/\/www.linktonkitchen.com\/pt\/produto\/wholesale-12-quart-pressure-cooker\/","title":{"rendered":"Panela de press\u00e3o de 12 quartos por atacado, Panela de a\u00e7o inoxid\u00e1vel comercial grande"},"content":{"rendered":"<div class=\"wp-block-columns is-layout-flex wp-container-core-columns-is-layout-9d6595d7 wp-block-columns-is-layout-flex\">\n<div class=\"wp-block-column is-vertically-aligned-top is-layout-flow wp-block-column-is-layout-flow\">\n<h2 class=\"wp-block-heading\">Panela de press\u00e3o de a\u00e7o inoxid\u00e1vel Par\u00e2metro:<\/h2>\n\n\n\n<figure class=\"wp-block-table\"><table><tbody><tr><td>Modelo n.<\/td><td>Di\u00e2metro da boca<\/td><td>Capacidade<\/td><td>Peso <\/td><\/tr><tr><td rowspan=\"3\">LT-SB<\/td><td>28 cm<\/td><td>10L<\/td><td>3,76 kg<\/td><\/tr><tr><td>30 cm<\/td><td>12L<\/td><td>4,69 kg<\/td><\/tr><tr><td>32 cm<\/td><td>16L<\/td><td>5,15 kg<\/td><\/tr><\/tbody><\/table><\/figure>\n\n\n\n<h2 class=\"wp-block-heading\">Panela de press\u00e3o em a\u00e7o inoxid\u00e1vel Carater\u00edsticas:<\/h2>\n\n\n\n<p><strong>Utiliza\u00e7\u00e3o comercial de grande capacidade<\/strong>: Oferece op\u00e7\u00f5es de 10L\/12L\/16L, permitindo-lhe cozinhar mais ingredientes de uma s\u00f3 vez e melhorar a efici\u00eancia de servir. Ideal para restaurantes, cantinas, cozinhas centrais, cadeias de fast food e outros cen\u00e1rios de cozedura de alta frequ\u00eancia.<\/p>\n\n\n\n<p><strong>Aquecimento por circula\u00e7\u00e3o a alta press\u00e3o<\/strong>: A panela cria uma circula\u00e7\u00e3o de vapor de alta press\u00e3o no interior, amolecendo rapidamente as fibras dos alimentos para garantir uma cozedura mais r\u00e1pida e uma melhor absor\u00e7\u00e3o do sabor do frango, pato, carne de vaca, feij\u00e3o e outros ingredientes, poupando tempo de cozedura significativo.<\/p>\n\n\n\n<p><strong>M\u00faltiplas carater\u00edsticas de seguran\u00e7a<\/strong>: Equipada com uma v\u00e1lvula de descompress\u00e3o, uma v\u00e1lvula de seguran\u00e7a e uma tampa anti-entupimento, a panela liberta automaticamente o excesso de press\u00e3o para evitar explos\u00f5es, tornando-a adequada para ambientes de cozinha de alta intensidade.<\/p>\n\n\n\n<p><strong>Materiais de alta qualidade<\/strong>: Fabricado em a\u00e7o inoxid\u00e1vel de qualidade alimentar espessado, \u00e9 resistente \u00e0 corros\u00e3o, n\u00e3o se deforma e n\u00e3o se cola ao fundo da panela, sendo adequado para uma utiliza\u00e7\u00e3o comercial a longo prazo. Tem um aspeto liso e \u00e9 f\u00e1cil de limpar.<\/p>\n\n\n\n<p><strong>Compatibilidade universal com fog\u00f5es<\/strong>: Compat\u00edvel com fog\u00f5es a g\u00e1s, fog\u00f5es de indu\u00e7\u00e3o, fog\u00f5es el\u00e9ctricos de cer\u00e2mica e outras fontes de calor, responde \u00e0s exig\u00eancias de diferentes configura\u00e7\u00f5es de cozinha sem necessidade de comprar fog\u00f5es adicionais.<\/p>\n<\/div>\n\n\n\n<div class=\"wp-block-column is-vertically-aligned-top is-layout-flow wp-block-column-is-layout-flow\">\n<figure class=\"wp-block-image size-full\"><img fetchpriority=\"high\" decoding=\"async\" width=\"800\" height=\"800\" src=\"https:\/\/www.linktonkitchen.com\/wp-content\/uploads\/2025\/08\/Wholesale-12-Quart-Pressure-Cooker-4.webp\" alt=\"Panela de press\u00e3o de 12 quartos por atacado (4)\" class=\"wp-image-6239\" srcset=\"https:\/\/www.linktonkitchen.com\/wp-content\/uploads\/2025\/08\/Wholesale-12-Quart-Pressure-Cooker-4.webp 800w, https:\/\/www.linktonkitchen.com\/wp-content\/uploads\/2025\/08\/Wholesale-12-Quart-Pressure-Cooker-4-300x300.webp 300w, https:\/\/www.linktonkitchen.com\/wp-content\/uploads\/2025\/08\/Wholesale-12-Quart-Pressure-Cooker-4-150x150.webp 150w, https:\/\/www.linktonkitchen.com\/wp-content\/uploads\/2025\/08\/Wholesale-12-Quart-Pressure-Cooker-4-768x768.webp 768w, https:\/\/www.linktonkitchen.com\/wp-content\/uploads\/2025\/08\/Wholesale-12-Quart-Pressure-Cooker-4-12x12.webp 12w, https:\/\/www.linktonkitchen.com\/wp-content\/uploads\/2025\/08\/Wholesale-12-Quart-Pressure-Cooker-4-285x285.webp 285w, https:\/\/www.linktonkitchen.com\/wp-content\/uploads\/2025\/08\/Wholesale-12-Quart-Pressure-Cooker-4-270x270.webp 270w, https:\/\/www.linktonkitchen.com\/wp-content\/uploads\/2025\/08\/Wholesale-12-Quart-Pressure-Cooker-4-540x540.webp 540w, https:\/\/www.linktonkitchen.com\/wp-content\/uploads\/2025\/08\/Wholesale-12-Quart-Pressure-Cooker-4-660x660.webp 660w\" sizes=\"(max-width: 800px) 100vw, 800px\" \/><\/figure>\n<\/div>\n<\/div>\n\n\n\n<div class=\"wp-block-columns is-layout-flex wp-container-core-columns-is-layout-9d6595d7 wp-block-columns-is-layout-flex\">\n<div class=\"wp-block-column is-layout-flow wp-block-column-is-layout-flow\">\n<figure class=\"wp-block-image size-full\"><img decoding=\"async\" width=\"748\" height=\"748\" src=\"https:\/\/www.linktonkitchen.com\/wp-content\/uploads\/2024\/04\/Wholesale-Stainless-Steel-Pressure-Cooker-with-Double-Handle-for-Home-Commercial-2-1.webp\" alt=\"Panela de press\u00e3o de a\u00e7o inoxid\u00e1vel por atacado com al\u00e7a dupla para uso dom\u00e9stico e comercial\" class=\"wp-image-7390\" srcset=\"https:\/\/www.linktonkitchen.com\/wp-content\/uploads\/2024\/04\/Wholesale-Stainless-Steel-Pressure-Cooker-with-Double-Handle-for-Home-Commercial-2-1.webp 748w, https:\/\/www.linktonkitchen.com\/wp-content\/uploads\/2024\/04\/Wholesale-Stainless-Steel-Pressure-Cooker-with-Double-Handle-for-Home-Commercial-2-1-300x300.webp 300w, https:\/\/www.linktonkitchen.com\/wp-content\/uploads\/2024\/04\/Wholesale-Stainless-Steel-Pressure-Cooker-with-Double-Handle-for-Home-Commercial-2-1-150x150.webp 150w, https:\/\/www.linktonkitchen.com\/wp-content\/uploads\/2024\/04\/Wholesale-Stainless-Steel-Pressure-Cooker-with-Double-Handle-for-Home-Commercial-2-1-12x12.webp 12w, https:\/\/www.linktonkitchen.com\/wp-content\/uploads\/2024\/04\/Wholesale-Stainless-Steel-Pressure-Cooker-with-Double-Handle-for-Home-Commercial-2-1-285x285.webp 285w, https:\/\/www.linktonkitchen.com\/wp-content\/uploads\/2024\/04\/Wholesale-Stainless-Steel-Pressure-Cooker-with-Double-Handle-for-Home-Commercial-2-1-270x270.webp 270w, https:\/\/www.linktonkitchen.com\/wp-content\/uploads\/2024\/04\/Wholesale-Stainless-Steel-Pressure-Cooker-with-Double-Handle-for-Home-Commercial-2-1-540x540.webp 540w, https:\/\/www.linktonkitchen.com\/wp-content\/uploads\/2024\/04\/Wholesale-Stainless-Steel-Pressure-Cooker-with-Double-Handle-for-Home-Commercial-2-1-660x660.webp 660w\" sizes=\"(max-width: 748px) 100vw, 748px\" \/><\/figure>\n<\/div>\n\n\n\n<div class=\"wp-block-column is-layout-flow wp-block-column-is-layout-flow\">\n<figure class=\"wp-block-image size-full\"><img decoding=\"async\" width=\"748\" height=\"748\" src=\"https:\/\/www.linktonkitchen.com\/wp-content\/uploads\/2024\/04\/Wholesale-Stainless-Steel-Pressure-Cooker-with-Double-Handle-for-Home-Commercial-1.webp\" alt=\"Panela de press\u00e3o de a\u00e7o inoxid\u00e1vel por atacado com al\u00e7a dupla para uso dom\u00e9stico e comercial\" class=\"wp-image-7389\" srcset=\"https:\/\/www.linktonkitchen.com\/wp-content\/uploads\/2024\/04\/Wholesale-Stainless-Steel-Pressure-Cooker-with-Double-Handle-for-Home-Commercial-1.webp 748w, https:\/\/www.linktonkitchen.com\/wp-content\/uploads\/2024\/04\/Wholesale-Stainless-Steel-Pressure-Cooker-with-Double-Handle-for-Home-Commercial-1-300x300.webp 300w, https:\/\/www.linktonkitchen.com\/wp-content\/uploads\/2024\/04\/Wholesale-Stainless-Steel-Pressure-Cooker-with-Double-Handle-for-Home-Commercial-1-150x150.webp 150w, https:\/\/www.linktonkitchen.com\/wp-content\/uploads\/2024\/04\/Wholesale-Stainless-Steel-Pressure-Cooker-with-Double-Handle-for-Home-Commercial-1-12x12.webp 12w, https:\/\/www.linktonkitchen.com\/wp-content\/uploads\/2024\/04\/Wholesale-Stainless-Steel-Pressure-Cooker-with-Double-Handle-for-Home-Commercial-1-285x285.webp 285w, https:\/\/www.linktonkitchen.com\/wp-content\/uploads\/2024\/04\/Wholesale-Stainless-Steel-Pressure-Cooker-with-Double-Handle-for-Home-Commercial-1-270x270.webp 270w, https:\/\/www.linktonkitchen.com\/wp-content\/uploads\/2024\/04\/Wholesale-Stainless-Steel-Pressure-Cooker-with-Double-Handle-for-Home-Commercial-1-540x540.webp 540w, https:\/\/www.linktonkitchen.com\/wp-content\/uploads\/2024\/04\/Wholesale-Stainless-Steel-Pressure-Cooker-with-Double-Handle-for-Home-Commercial-1-660x660.webp 660w\" sizes=\"(max-width: 748px) 100vw, 748px\" \/><\/figure>\n<\/div>\n<\/div>\n\n\n\n<div class=\"wp-block-columns is-layout-flex wp-container-core-columns-is-layout-9d6595d7 wp-block-columns-is-layout-flex\">\n<div class=\"wp-block-column is-layout-flow wp-block-column-is-layout-flow\">\n<figure class=\"wp-block-image size-full\"><img loading=\"lazy\" decoding=\"async\" width=\"800\" height=\"800\" src=\"https:\/\/www.linktonkitchen.com\/wp-content\/uploads\/2025\/08\/Wholesale-12-Quart-Pressure-Cooker-5.webp\" alt=\"Panela de press\u00e3o de 12 quartos por atacado (5)\" class=\"wp-image-6240\" srcset=\"https:\/\/www.linktonkitchen.com\/wp-content\/uploads\/2025\/08\/Wholesale-12-Quart-Pressure-Cooker-5.webp 800w, https:\/\/www.linktonkitchen.com\/wp-content\/uploads\/2025\/08\/Wholesale-12-Quart-Pressure-Cooker-5-300x300.webp 300w, https:\/\/www.linktonkitchen.com\/wp-content\/uploads\/2025\/08\/Wholesale-12-Quart-Pressure-Cooker-5-150x150.webp 150w, https:\/\/www.linktonkitchen.com\/wp-content\/uploads\/2025\/08\/Wholesale-12-Quart-Pressure-Cooker-5-768x768.webp 768w, https:\/\/www.linktonkitchen.com\/wp-content\/uploads\/2025\/08\/Wholesale-12-Quart-Pressure-Cooker-5-12x12.webp 12w, https:\/\/www.linktonkitchen.com\/wp-content\/uploads\/2025\/08\/Wholesale-12-Quart-Pressure-Cooker-5-285x285.webp 285w, https:\/\/www.linktonkitchen.com\/wp-content\/uploads\/2025\/08\/Wholesale-12-Quart-Pressure-Cooker-5-270x270.webp 270w, https:\/\/www.linktonkitchen.com\/wp-content\/uploads\/2025\/08\/Wholesale-12-Quart-Pressure-Cooker-5-540x540.webp 540w, https:\/\/www.linktonkitchen.com\/wp-content\/uploads\/2025\/08\/Wholesale-12-Quart-Pressure-Cooker-5-660x660.webp 660w\" sizes=\"(max-width: 800px) 100vw, 800px\" \/><\/figure>\n<\/div>\n\n\n\n<div class=\"wp-block-column is-layout-flow wp-block-column-is-layout-flow\">\n<h2 class=\"wp-block-heading\">Panela de press\u00e3o personalizada em a\u00e7o inoxid\u00e1vel:<\/h2>\n\n\n\n<p>Fornecemos servi\u00e7os flex\u00edveis de personaliza\u00e7\u00e3o OEM e ODM para satisfazer diferentes requisitos de mercado e posicionamento de marca.<\/p>\n\n\n\n<p><strong>Gama de capacidades:\u00a0<\/strong>Escolha entre 10-16L para satisfazer as necessidades de diferentes tamanhos de fam\u00edlia.<\/p>\n\n\n\n<p><strong>Acabamento da superf\u00edcie:&nbsp;<\/strong>Dispon\u00edvel em Polimento Espelhado (alto brilho), Acabamento Acetinado (aspeto escovado) ou Revestimento de Cor personalizado.<\/p>\n\n\n\n<p><strong>Marca e log\u00f3tipo:<\/strong><\/p>\n\n\n\n<ul class=\"wp-block-list\">\n<li>Grava\u00e7\u00e3o a laser no corpo do pote.<\/li>\n\n\n\n<li>Carimbo na parte inferior.<\/li>\n\n\n\n<li>Log\u00f3tipo personalizado nas pegas e v\u00e1lvulas de press\u00e3o.<\/li>\n<\/ul>\n\n\n\n<p><strong>Design de embalagens:&nbsp;<\/strong>Caixas de cor, manuais de instru\u00e7\u00f5es e caixas de transporte totalmente personalizadas com a identidade visual da sua marca.<\/p>\n<\/div>\n<\/div>","protected":false},"excerpt":{"rendered":"<p>Panela de press\u00e3o de 12 litros por atacado, panela de press\u00e3o de a\u00e7o inoxid\u00e1vel 10L\/12L\/16L, grande capacidade, alta press\u00e3o, cozimento r\u00e1pido, compat\u00edvel com v\u00e1rias fontes de calor, especialmente projetada para cozinhas comerciais. Bem-vindo ao inqu\u00e9rito hoje!<\/p>\n<h2>Panela de press\u00e3o de 12 quartos Especifica\u00e7\u00f5es:<\/h2>\n<table width=\"402\">\n<tbody>\n<tr>\n<td width=\"145\">Fabricante<\/td>\n<td width=\"257\">Linkton<\/td>\n<\/tr>\n<tr>\n<td>Material<\/td>\n<td>A\u00e7o inoxid\u00e1vel<\/td>\n<\/tr>\n<tr>\n<td>Fun\u00e7\u00e3o<\/td>\n<td width=\"257\">\n<p>1. Design de pega dupla<br \/>2. Indicador de press\u00e3o de ponto vermelho inteligente e bloqueio de seguran\u00e7a<br \/>3. Seis protec\u00e7\u00f5es pesadas<br \/>4. Press\u00e3o de 80 kpa<br \/>5. Seguran\u00e7a \u00e0 prova de explos\u00e3o<br \/>7. Limpeza c\u00f3moda<\/p>\n<\/td>\n<\/tr>\n<tr>\n<td>Fog\u00e3o aplic\u00e1vel<\/td>\n<td>Fog\u00e3o\/ Fog\u00e3o de indu\u00e7\u00e3o\/ Fog\u00e3o a g\u00e1s\/ Fog\u00e3o el\u00e9trico\/ Fog\u00e3o de cer\u00e2mica\/ Fog\u00e3o de halog\u00e9neo<\/td>\n<\/tr>\n<tr>\n<td>Configura\u00e7\u00e3o<\/td>\n<td width=\"257\">Manual\/V\u00e1lvula limitadora de press\u00e3o\/Bacia anti-derrame\/Agulha de limpeza<\/td>\n<\/tr>\n<tr>\n<td>OEM\/ODM<\/td>\n<td>Aceit\u00e1vel<\/td>\n<\/tr>\n<tr>\n<td>Amostra<\/td>\n<td>MOQ 1 pe\u00e7a<\/td>\n<\/tr>\n<\/tbody>\n<\/table>","protected":false},"featured_media":6238,"template":"","meta":{"_acf_changed":false},"product-application":[],"product-capacity":[],"product_brand":[],"product_cat":[55],"product_tag":[77,82],"class_list":{"0":"post-6235","1":"product","2":"type-product","3":"status-publish","4":"has-post-thumbnail","6":"product_cat-pressure-cooker-wholesale","7":"product_tag-wholesale-commercial-pressure-cooker","8":"product_tag-wholesale-large-pressure-cooker","10":"first","11":"instock","12":"shipping-taxable","13":"product-type-simple"},"acf":[],"_links":{"self":[{"href":"https:\/\/www.linktonkitchen.com\/pt\/wp-json\/wp\/v2\/product\/6235","targetHints":{"allow":["GET"]}}],"collection":[{"href":"https:\/\/www.linktonkitchen.com\/pt\/wp-json\/wp\/v2\/product"}],"about":[{"href":"https:\/\/www.linktonkitchen.com\/pt\/wp-json\/wp\/v2\/types\/product"}],"version-history":[{"count":4,"href":"https:\/\/www.linktonkitchen.com\/pt\/wp-json\/wp\/v2\/product\/6235\/revisions"}],"predecessor-version":[{"id":7399,"href":"https:\/\/www.linktonkitchen.com\/pt\/wp-json\/wp\/v2\/product\/6235\/revisions\/7399"}],"wp:featuredmedia":[{"embeddable":true,"href":"https:\/\/www.linktonkitchen.com\/pt\/wp-json\/wp\/v2\/media\/6238"}],"wp:attachment":[{"href":"https:\/\/www.linktonkitchen.com\/pt\/wp-json\/wp\/v2\/media?parent=6235"}],"wp:term":[{"taxonomy":"product-application","embeddable":true,"href":"https:\/\/www.linktonkitchen.com\/pt\/wp-json\/wp\/v2\/product-application?post=6235"},{"taxonomy":"product-capacity","embeddable":true,"href":"https:\/\/www.linktonkitchen.com\/pt\/wp-json\/wp\/v2\/product-capacity?post=6235"},{"taxonomy":"product_brand","embeddable":true,"href":"https:\/\/www.linktonkitchen.com\/pt\/wp-json\/wp\/v2\/product_brand?post=6235"},{"taxonomy":"product_cat","embeddable":true,"href":"https:\/\/www.linktonkitchen.com\/pt\/wp-json\/wp\/v2\/product_cat?post=6235"},{"taxonomy":"product_tag","embeddable":true,"href":"https:\/\/www.linktonkitchen.com\/pt\/wp-json\/wp\/v2\/product_tag?post=6235"}],"curies":[{"name":"wp","href":"https:\/\/api.w.org\/{rel}","templated":true}]}}