{"id":6245,"date":"2025-08-06T07:45:42","date_gmt":"2025-08-06T07:45:42","guid":{"rendered":"https:\/\/www.linktonkitchen.com\/?post_type=product&#038;p=6245"},"modified":"2026-02-04T03:36:56","modified_gmt":"2026-02-04T03:36:56","slug":"wholesale-6-qt-pressure-cooker","status":"publish","type":"product","link":"https:\/\/www.linktonkitchen.com\/pt\/product\/wholesale-6-qt-pressure-cooker\/","title":{"rendered":"Panela de press\u00e3o de 6 Qt por atacado, panelas de press\u00e3o de uma m\u00e3o em a\u00e7o inoxid\u00e1vel para uso dom\u00e9stico"},"content":{"rendered":"<div class=\"wp-block-columns is-layout-flex wp-container-core-columns-is-layout-9d6595d7 wp-block-columns-is-layout-flex\">\n<div class=\"wp-block-column is-layout-flow wp-block-column-is-layout-flow\" style=\"flex-basis:30%\">\n<figure class=\"wp-block-embed is-type-video is-provider-youtube wp-block-embed-youtube wp-embed-aspect-9-16 wp-has-aspect-ratio\"><div class=\"wp-block-embed__wrapper\">\n<iframe title=\"Sabe quais s\u00e3o as vantagens da panela de press\u00e3o com pega elevat\u00f3ria? 1TP5Fog\u00e3o de press\u00e3o 1TP5Fabrica\u00e7\u00e3o\" width=\"563\" height=\"1000\" src=\"https:\/\/www.youtube.com\/embed\/VXWKZJ6-ZI4?feature=oembed\" frameborder=\"0\" allow=\"accelerometer; autoplay; clipboard-write; encrypted-media; gyroscope; picture-in-picture; web-share\" referrerpolicy=\"strict-origin-when-cross-origin\" allowfullscreen><\/iframe>\n<\/div><\/figure>\n<\/div>\n\n\n\n<div class=\"wp-block-column is-layout-flow wp-block-column-is-layout-flow\" style=\"flex-basis:70%\">\n<h2 class=\"wp-block-heading\">Panela de press\u00e3o de a\u00e7o inoxid\u00e1vel Par\u00e2metro:<\/h2>\n\n\n\n<figure class=\"wp-block-table\"><table class=\"has-fixed-layout\"><tbody><tr><td>Modelo n.<\/td><td>Capacidade<\/td><td>Di\u00e2metro<\/td><\/tr><tr><td rowspan=\"4\">LT-EJT<\/td><td>4 L<\/td><td>24 cm<\/td><\/tr><tr><td>6.5 L<\/td><td>24 cm<\/td><\/tr><\/tbody><\/table><\/figure>\n\n\n\n<h2 class=\"wp-block-heading\">Panela de press\u00e3o em a\u00e7o inoxid\u00e1vel Carater\u00edsticas:<\/h2>\n\n\n\n<p><strong>A\u00e7o inoxid\u00e1vel dur\u00e1vel<\/strong>: Fabricado em a\u00e7o inoxid\u00e1vel de qualidade alimentar, resistente \u00e0 corros\u00e3o e \u00e0 alta press\u00e3o, assegura uma utiliza\u00e7\u00e3o duradoura sem deforma\u00e7\u00f5es e garante a seguran\u00e7a da cozedura.<\/p>\n\n\n\n<p><strong>Design de abertura e fecho com uma tecla<\/strong>: c\u00f3modo, f\u00e1cil de levantar a estrutura da tampa, funcionamento com uma s\u00f3 m\u00e3o, poupan\u00e7a de trabalho e mais seguro, aumentando a efici\u00eancia da cozinha.<\/p>\n\n\n\n<p><strong>Prote\u00e7\u00e3o de seguran\u00e7a m\u00faltipla:<\/strong> Equipado com uma v\u00e1lvula de seguran\u00e7a, uma v\u00e1lvula indicadora de press\u00e3o e outros dispositivos de seguran\u00e7a, al\u00edvio autom\u00e1tico da press\u00e3o e \u00e0 prova de explos\u00e3o, para proteger a seguran\u00e7a do processo de utiliza\u00e7\u00e3o.<\/p>\n\n\n\n<p><strong>Op\u00e7\u00f5es flex\u00edveis de capacidade:<\/strong> Op\u00e7\u00f5es de capacidade de 4L e 6,5L, adaptadas a diferentes necessidades, para satisfazer as necessidades da cozinha dom\u00e9stica quotidiana.<\/p>\n\n\n\n<p><strong>Utiliza\u00e7\u00e3o multifuncional<\/strong>: Adequado para estufar sopa, cozinhar carne, estufar legumes, feij\u00e3o e outros ingredientes, especialmente adequado para cozinhas chinesas, lojas de bento, cadeias de fast-food e outros locais de refei\u00e7\u00f5es eficientes.<\/p>\n<\/div>\n<\/div>\n\n\n\n<div class=\"wp-block-columns is-layout-flex wp-container-core-columns-is-layout-9d6595d7 wp-block-columns-is-layout-flex\">\n<div class=\"wp-block-column is-layout-flow wp-block-column-is-layout-flow\">\n<figure class=\"wp-block-image size-full\"><img fetchpriority=\"high\" decoding=\"async\" width=\"790\" height=\"790\" src=\"https:\/\/www.linktonkitchen.com\/wp-content\/uploads\/2024\/12\/Wholesale-One-Hand-Easy-Open-Pressure-Cooker-Stovetops-Induction-Stainless-Steel-4.webp\" alt=\"Panela de press\u00e3o de abertura f\u00e1cil com uma s\u00f3 m\u00e3o, a\u00e7o inoxid\u00e1vel para fog\u00f5es de indu\u00e7\u00e3o\" class=\"wp-image-7264\" srcset=\"https:\/\/www.linktonkitchen.com\/wp-content\/uploads\/2024\/12\/Wholesale-One-Hand-Easy-Open-Pressure-Cooker-Stovetops-Induction-Stainless-Steel-4.webp 790w, https:\/\/www.linktonkitchen.com\/wp-content\/uploads\/2024\/12\/Wholesale-One-Hand-Easy-Open-Pressure-Cooker-Stovetops-Induction-Stainless-Steel-4-300x300.webp 300w, https:\/\/www.linktonkitchen.com\/wp-content\/uploads\/2024\/12\/Wholesale-One-Hand-Easy-Open-Pressure-Cooker-Stovetops-Induction-Stainless-Steel-4-150x150.webp 150w, https:\/\/www.linktonkitchen.com\/wp-content\/uploads\/2024\/12\/Wholesale-One-Hand-Easy-Open-Pressure-Cooker-Stovetops-Induction-Stainless-Steel-4-768x768.webp 768w, https:\/\/www.linktonkitchen.com\/wp-content\/uploads\/2024\/12\/Wholesale-One-Hand-Easy-Open-Pressure-Cooker-Stovetops-Induction-Stainless-Steel-4-12x12.webp 12w, https:\/\/www.linktonkitchen.com\/wp-content\/uploads\/2024\/12\/Wholesale-One-Hand-Easy-Open-Pressure-Cooker-Stovetops-Induction-Stainless-Steel-4-285x285.webp 285w, https:\/\/www.linktonkitchen.com\/wp-content\/uploads\/2024\/12\/Wholesale-One-Hand-Easy-Open-Pressure-Cooker-Stovetops-Induction-Stainless-Steel-4-270x270.webp 270w, https:\/\/www.linktonkitchen.com\/wp-content\/uploads\/2024\/12\/Wholesale-One-Hand-Easy-Open-Pressure-Cooker-Stovetops-Induction-Stainless-Steel-4-540x540.webp 540w, https:\/\/www.linktonkitchen.com\/wp-content\/uploads\/2024\/12\/Wholesale-One-Hand-Easy-Open-Pressure-Cooker-Stovetops-Induction-Stainless-Steel-4-660x660.webp 660w\" sizes=\"(max-width: 790px) 100vw, 790px\" \/><\/figure>\n<\/div>\n\n\n\n<div class=\"wp-block-column is-layout-flow wp-block-column-is-layout-flow\">\n<figure class=\"wp-block-image size-full\"><img decoding=\"async\" width=\"800\" height=\"800\" src=\"https:\/\/www.linktonkitchen.com\/wp-content\/uploads\/2024\/12\/Wholesale-One-Hand-Easy-Open-Pressure-Cooker-Stovetops-Induction-Stainless-Steel-2.webp\" alt=\"Panela de press\u00e3o de abertura f\u00e1cil com uma s\u00f3 m\u00e3o, a\u00e7o inoxid\u00e1vel para fog\u00f5es de indu\u00e7\u00e3o\" class=\"wp-image-7262\" srcset=\"https:\/\/www.linktonkitchen.com\/wp-content\/uploads\/2024\/12\/Wholesale-One-Hand-Easy-Open-Pressure-Cooker-Stovetops-Induction-Stainless-Steel-2.webp 800w, https:\/\/www.linktonkitchen.com\/wp-content\/uploads\/2024\/12\/Wholesale-One-Hand-Easy-Open-Pressure-Cooker-Stovetops-Induction-Stainless-Steel-2-300x300.webp 300w, https:\/\/www.linktonkitchen.com\/wp-content\/uploads\/2024\/12\/Wholesale-One-Hand-Easy-Open-Pressure-Cooker-Stovetops-Induction-Stainless-Steel-2-150x150.webp 150w, https:\/\/www.linktonkitchen.com\/wp-content\/uploads\/2024\/12\/Wholesale-One-Hand-Easy-Open-Pressure-Cooker-Stovetops-Induction-Stainless-Steel-2-768x768.webp 768w, https:\/\/www.linktonkitchen.com\/wp-content\/uploads\/2024\/12\/Wholesale-One-Hand-Easy-Open-Pressure-Cooker-Stovetops-Induction-Stainless-Steel-2-12x12.webp 12w, https:\/\/www.linktonkitchen.com\/wp-content\/uploads\/2024\/12\/Wholesale-One-Hand-Easy-Open-Pressure-Cooker-Stovetops-Induction-Stainless-Steel-2-285x285.webp 285w, https:\/\/www.linktonkitchen.com\/wp-content\/uploads\/2024\/12\/Wholesale-One-Hand-Easy-Open-Pressure-Cooker-Stovetops-Induction-Stainless-Steel-2-270x270.webp 270w, https:\/\/www.linktonkitchen.com\/wp-content\/uploads\/2024\/12\/Wholesale-One-Hand-Easy-Open-Pressure-Cooker-Stovetops-Induction-Stainless-Steel-2-540x540.webp 540w, https:\/\/www.linktonkitchen.com\/wp-content\/uploads\/2024\/12\/Wholesale-One-Hand-Easy-Open-Pressure-Cooker-Stovetops-Induction-Stainless-Steel-2-660x660.webp 660w\" sizes=\"(max-width: 800px) 100vw, 800px\" \/><\/figure>\n<\/div>\n<\/div>\n\n\n\n<div class=\"wp-block-columns is-layout-flex wp-container-core-columns-is-layout-9d6595d7 wp-block-columns-is-layout-flex\">\n<div class=\"wp-block-column is-vertically-aligned-center is-layout-flow wp-block-column-is-layout-flow\">\n<h2 class=\"wp-block-heading\">Panela de press\u00e3o personalizada em a\u00e7o inoxid\u00e1vel:<\/h2>\n\n\n\n<p>A Linkton fornece\u00a0<strong>Servi\u00e7os OEM\/ODM<\/strong>\u00a0para se destacar no seu mercado local:<\/p>\n\n\n\n<p><strong>Gama de capacidades:\u00a0<\/strong>Escolha entre 4L, 6,5L e 8L para satisfazer as necessidades de diferentes tamanhos de fam\u00edlia.<\/p>\n\n\n\n<p><strong>Acabamento da superf\u00edcie:&nbsp;<\/strong>Dispon\u00edvel em Polimento Espelhado (alto brilho), Acabamento Acetinado (aspeto escovado) ou Revestimento de Cor personalizado.<\/p>\n\n\n\n<p><strong>Marca e log\u00f3tipo:<\/strong><\/p>\n\n\n\n<ul class=\"wp-block-list\">\n<li>Grava\u00e7\u00e3o a laser no corpo do pote.<\/li>\n\n\n\n<li>Carimbo na parte inferior.<\/li>\n\n\n\n<li>Log\u00f3tipo personalizado nas pegas e v\u00e1lvulas de press\u00e3o.<\/li>\n<\/ul>\n\n\n\n<p><strong>Design de embalagens:&nbsp;<\/strong>Caixas de cor, manuais de instru\u00e7\u00f5es e caixas de transporte totalmente personalizadas com a identidade visual da sua marca.<\/p>\n<\/div>\n\n\n\n<div class=\"wp-block-column is-layout-flow wp-block-column-is-layout-flow\">\n<figure class=\"wp-block-image size-full\"><img decoding=\"async\" width=\"800\" height=\"450\" src=\"https:\/\/www.linktonkitchen.com\/wp-content\/uploads\/2024\/12\/Wholesale-One-Hand-Easy-Open-Pressure-Cooker-Stovetops-Induction-Stainless-Steel.webp\" alt=\"Panela de press\u00e3o de abertura f\u00e1cil com uma s\u00f3 m\u00e3o, a\u00e7o inoxid\u00e1vel para fog\u00f5es de indu\u00e7\u00e3o\" class=\"wp-image-7271\" srcset=\"https:\/\/www.linktonkitchen.com\/wp-content\/uploads\/2024\/12\/Wholesale-One-Hand-Easy-Open-Pressure-Cooker-Stovetops-Induction-Stainless-Steel.webp 800w, https:\/\/www.linktonkitchen.com\/wp-content\/uploads\/2024\/12\/Wholesale-One-Hand-Easy-Open-Pressure-Cooker-Stovetops-Induction-Stainless-Steel-300x169.webp 300w, https:\/\/www.linktonkitchen.com\/wp-content\/uploads\/2024\/12\/Wholesale-One-Hand-Easy-Open-Pressure-Cooker-Stovetops-Induction-Stainless-Steel-768x432.webp 768w, https:\/\/www.linktonkitchen.com\/wp-content\/uploads\/2024\/12\/Wholesale-One-Hand-Easy-Open-Pressure-Cooker-Stovetops-Induction-Stainless-Steel-18x10.webp 18w, https:\/\/www.linktonkitchen.com\/wp-content\/uploads\/2024\/12\/Wholesale-One-Hand-Easy-Open-Pressure-Cooker-Stovetops-Induction-Stainless-Steel-285x160.webp 285w, https:\/\/www.linktonkitchen.com\/wp-content\/uploads\/2024\/12\/Wholesale-One-Hand-Easy-Open-Pressure-Cooker-Stovetops-Induction-Stainless-Steel-660x371.webp 660w, https:\/\/www.linktonkitchen.com\/wp-content\/uploads\/2024\/12\/Wholesale-One-Hand-Easy-Open-Pressure-Cooker-Stovetops-Induction-Stainless-Steel-150x84.webp 150w\" sizes=\"(max-width: 800px) 100vw, 800px\" \/><\/figure>\n<\/div>\n<\/div>","protected":false},"excerpt":{"rendered":"<p>Panela de press\u00e3o de 6 qt por atacado da f\u00e1brica, a\u00e7o inoxid\u00e1vel de alta qualidade, f\u00e1cil de abrir a tampa com uma m\u00e3o, suporta capacidade m\u00faltipla de 4L\/6,5L, perfeita para as necessidades culin\u00e1rias da fam\u00edlia. Bem-vindo a contactar-nos para compras a granel, suporte \u00e0 personaliza\u00e7\u00e3o OEM!<\/p>\n<h2>Especifica\u00e7\u00f5es da panela de press\u00e3o de 6 Qt:<\/h2>\n<table width=\"244\">\n<tbody>\n<tr>\n<td width=\"114\">Fabricante<\/td>\n<td width=\"130\">Linkton<\/td>\n<\/tr>\n<tr>\n<td width=\"114\">Capacidade<\/td>\n<td width=\"130\">4L\/ 6,5L\/ 8L<\/td>\n<\/tr>\n<tr>\n<td width=\"114\">Material<\/td>\n<td width=\"130\">\u00a0A\u00e7o inoxid\u00e1vel 304\u00a0<\/td>\n<\/tr>\n<tr>\n<td width=\"114\">Fun\u00e7\u00e3o<\/td>\n<td width=\"130\">1. Tampa rotativa com uma m\u00e3o, f\u00e1cil de abrir e bloquear<br \/>2. Press\u00e3o ajust\u00e1vel em 2 n\u00edveis<br \/>3. Cozedura r\u00e1pida a 100kPa<br \/>4. Seguran\u00e7a \u00e0 prova de explos\u00e3o<\/td>\n<\/tr>\n<tr>\n<td width=\"114\">Fog\u00e3o aplic\u00e1vel<\/td>\n<td width=\"130\">Fog\u00e3o\/ Fog\u00e3o de indu\u00e7\u00e3o\/ Fog\u00e3o a g\u00e1s\/ Fog\u00e3o el\u00e9trico\/ Fog\u00e3o de cer\u00e2mica\/ Fog\u00e3o de halog\u00e9neo<\/td>\n<\/tr>\n<tr>\n<td width=\"114\">Acess\u00f3rios<\/td>\n<td width=\"130\">Manual\/ V\u00e1lvula limitadora de press\u00e3o\/ Ta\u00e7a \u00e0 prova de derrame\/ Agulha de limpeza<\/td>\n<\/tr>\n<tr>\n<td width=\"114\">OEM \/ ODM<\/td>\n<td width=\"130\">Aceit\u00e1vel\u00a0<\/td>\n<\/tr>\n<tr>\n<td width=\"114\">Amostra<\/td>\n<td width=\"130\">MOQ 1 pe\u00e7a<\/td>\n<\/tr>\n<\/tbody>\n<\/table>\n<p>&nbsp;<\/p>","protected":false},"featured_media":6252,"template":"","meta":{"_acf_changed":false},"product-application":[],"product-capacity":[],"product_brand":[],"product_cat":[55],"product_tag":[76,80],"class_list":{"0":"post-6245","1":"product","2":"type-product","3":"status-publish","4":"has-post-thumbnail","6":"product_cat-pressure-cooker-wholesale","7":"product_tag-wholesale-home-pressure-cooker","8":"product_tag-wholesale-small-pressure-cooker","10":"first","11":"instock","12":"shipping-taxable","13":"product-type-simple"},"acf":[],"_links":{"self":[{"href":"https:\/\/www.linktonkitchen.com\/pt\/wp-json\/wp\/v2\/product\/6245","targetHints":{"allow":["GET"]}}],"collection":[{"href":"https:\/\/www.linktonkitchen.com\/pt\/wp-json\/wp\/v2\/product"}],"about":[{"href":"https:\/\/www.linktonkitchen.com\/pt\/wp-json\/wp\/v2\/types\/product"}],"version-history":[{"count":0,"href":"https:\/\/www.linktonkitchen.com\/pt\/wp-json\/wp\/v2\/product\/6245\/revisions"}],"wp:featuredmedia":[{"embeddable":true,"href":"https:\/\/www.linktonkitchen.com\/pt\/wp-json\/wp\/v2\/media\/6252"}],"wp:attachment":[{"href":"https:\/\/www.linktonkitchen.com\/pt\/wp-json\/wp\/v2\/media?parent=6245"}],"wp:term":[{"taxonomy":"product-application","embeddable":true,"href":"https:\/\/www.linktonkitchen.com\/pt\/wp-json\/wp\/v2\/product-application?post=6245"},{"taxonomy":"product-capacity","embeddable":true,"href":"https:\/\/www.linktonkitchen.com\/pt\/wp-json\/wp\/v2\/product-capacity?post=6245"},{"taxonomy":"product_brand","embeddable":true,"href":"https:\/\/www.linktonkitchen.com\/pt\/wp-json\/wp\/v2\/product_brand?post=6245"},{"taxonomy":"product_cat","embeddable":true,"href":"https:\/\/www.linktonkitchen.com\/pt\/wp-json\/wp\/v2\/product_cat?post=6245"},{"taxonomy":"product_tag","embeddable":true,"href":"https:\/\/www.linktonkitchen.com\/pt\/wp-json\/wp\/v2\/product_tag?post=6245"}],"curies":[{"name":"wp","href":"https:\/\/api.w.org\/{rel}","templated":true}]}}