{"id":6256,"date":"2025-08-06T07:45:42","date_gmt":"2025-08-06T07:45:42","guid":{"rendered":"https:\/\/www.linktonkitchen.com\/?post_type=product&#038;p=6256"},"modified":"2026-02-05T08:57:32","modified_gmt":"2026-02-05T08:57:32","slug":"wholesale-1-litre-pressure-cooker","status":"publish","type":"product","link":"https:\/\/www.linktonkitchen.com\/pt\/produto\/wholesale-1-litre-pressure-cooker\/","title":{"rendered":"Panela de press\u00e3o de 1 litro por atacado, melhor fabricante de panela de press\u00e3o de Linkton"},"content":{"rendered":"<div class=\"wp-block-columns is-layout-flex wp-container-core-columns-is-layout-9d6595d7 wp-block-columns-is-layout-flex\">\n<div class=\"wp-block-column is-vertically-aligned-top is-layout-flow wp-block-column-is-layout-flow\">\n<h2 class=\"wp-block-heading\">Panela de press\u00e3o de 1 litro Par\u00e2metro:<\/h2>\n\n\n\n<figure class=\"wp-block-table\"><table><tbody><tr><td>Modelo n.<\/td><td>Capacidade<\/td><td>Di\u00e2metro<\/td><\/tr><tr><td rowspan=\"4\">LT-XFKH<\/td><td>0.8 L<\/td><td>13cm\/15cm<\/td><\/tr><tr><td>1.2 L<\/td><td>13cm\/15cm<\/td><\/tr><tr><td>1.6 L<\/td><td>13cm\/15cm<\/td><\/tr><tr><td>2.0 L<\/td><td>13cm\/15cm<\/td><\/tr><\/tbody><\/table><\/figure>\n\n\n\n<h2 class=\"wp-block-heading\">Panela de press\u00e3o de 1 litro Carater\u00edsticas:<\/h2>\n\n\n\n<p><strong>Conce\u00e7\u00e3o de alta press\u00e3o de 80KPA:<\/strong> A press\u00e3o de trabalho est\u00e1vel de at\u00e9 80 kPa encurta eficazmente o tempo de cozedura, amolece rapidamente os ingredientes e ret\u00e9m os nutrientes e os sabores.<\/p>\n\n\n\n<p><strong>Estrutura do interrutor de press\u00e3o<\/strong>: um design \u00fanico de interrutor de aperto, o funcionamento \u00e9 mais econ\u00f3mico, abre e fecha a tampa com um punho que controla, melhora a veda\u00e7\u00e3o e a sensa\u00e7\u00e3o de seguran\u00e7a.<\/p>\n\n\n\n<p><strong>Material preferencialmente em a\u00e7o inoxid\u00e1vel:<\/strong> todo o corpo da panela \u00e9 feito de a\u00e7o inoxid\u00e1vel 304 de qualidade alimentar, saud\u00e1vel e dur\u00e1vel, com condu\u00e7\u00e3o de calor uniforme e f\u00e1cil de limpar.<\/p>\n\n\n\n<p><strong>Capacidade de 0,8L a 2L<\/strong>: Abrange uma vasta gama de necessidades, desde comida para beb\u00e9, pequenas refei\u00e7\u00f5es r\u00e1pidas, at\u00e9 refei\u00e7\u00f5es ligeiras e saud\u00e1veis para uma pessoa.<\/p>\n\n\n\n<p><strong>Aplic\u00e1vel a v\u00e1rios cen\u00e1rios<\/strong>Ideal para dormit\u00f3rios de estudantes, almo\u00e7os de escrit\u00f3rio, comida para beb\u00e9s, acampamentos e piqueniques e outros cen\u00e1rios de cozinha r\u00e1pida de pequena capacidade.<\/p>\n\n\n\n<p><strong>Cozedura r\u00e1pida<\/strong>: adequado para g\u00e1s, indu\u00e7\u00e3o e outras fontes de calor, pressuriza\u00e7\u00e3o r\u00e1pida, adequado para a utiliza\u00e7\u00e3o di\u00e1ria de ingredientes de cozedura r\u00e1pida.<\/p>\n<\/div>\n\n\n\n<div class=\"wp-block-column is-vertically-aligned-top is-layout-flow wp-block-column-is-layout-flow\">\n<figure class=\"wp-block-image size-full\"><img fetchpriority=\"high\" decoding=\"async\" width=\"4708\" height=\"4735\" src=\"https:\/\/www.linktonkitchen.com\/wp-content\/uploads\/2025\/08\/Wholesale-1-Litre-Pressure-Cooker-1-1.webp\" alt=\"Panela de press\u00e3o de 1 litro por atacado (1)\" class=\"wp-image-6282\" srcset=\"https:\/\/www.linktonkitchen.com\/wp-content\/uploads\/2025\/08\/Wholesale-1-Litre-Pressure-Cooker-1-1.webp 4708w, https:\/\/www.linktonkitchen.com\/wp-content\/uploads\/2025\/08\/Wholesale-1-Litre-Pressure-Cooker-1-1-298x300.webp 298w, https:\/\/www.linktonkitchen.com\/wp-content\/uploads\/2025\/08\/Wholesale-1-Litre-Pressure-Cooker-1-1-150x150.webp 150w, https:\/\/www.linktonkitchen.com\/wp-content\/uploads\/2025\/08\/Wholesale-1-Litre-Pressure-Cooker-1-1-768x772.webp 768w, https:\/\/www.linktonkitchen.com\/wp-content\/uploads\/2025\/08\/Wholesale-1-Litre-Pressure-Cooker-1-1-12x12.webp 12w, https:\/\/www.linktonkitchen.com\/wp-content\/uploads\/2025\/08\/Wholesale-1-Litre-Pressure-Cooker-1-1-285x287.webp 285w, https:\/\/www.linktonkitchen.com\/wp-content\/uploads\/2025\/08\/Wholesale-1-Litre-Pressure-Cooker-1-1-1600x1609.webp 1600w, https:\/\/www.linktonkitchen.com\/wp-content\/uploads\/2025\/08\/Wholesale-1-Litre-Pressure-Cooker-1-1-656x660.webp 656w\" sizes=\"(max-width: 4708px) 100vw, 4708px\" \/><\/figure>\n<\/div>\n<\/div>\n\n\n\n<div class=\"wp-block-columns is-layout-flex wp-container-core-columns-is-layout-9d6595d7 wp-block-columns-is-layout-flex\">\n<div class=\"wp-block-column is-layout-flow wp-block-column-is-layout-flow\">\n<figure class=\"wp-block-image size-full\"><img decoding=\"async\" width=\"800\" height=\"800\" src=\"https:\/\/www.linktonkitchen.com\/wp-content\/uploads\/2024\/07\/Wholesale-mini-triply-stainless-steel-pressure-cookers-6.webp\" alt=\"Mini panelas de press\u00e3o triplas de a\u00e7o inoxid\u00e1vel por atacado\" class=\"wp-image-7442\" srcset=\"https:\/\/www.linktonkitchen.com\/wp-content\/uploads\/2024\/07\/Wholesale-mini-triply-stainless-steel-pressure-cookers-6.webp 800w, https:\/\/www.linktonkitchen.com\/wp-content\/uploads\/2024\/07\/Wholesale-mini-triply-stainless-steel-pressure-cookers-6-300x300.webp 300w, https:\/\/www.linktonkitchen.com\/wp-content\/uploads\/2024\/07\/Wholesale-mini-triply-stainless-steel-pressure-cookers-6-150x150.webp 150w, https:\/\/www.linktonkitchen.com\/wp-content\/uploads\/2024\/07\/Wholesale-mini-triply-stainless-steel-pressure-cookers-6-768x768.webp 768w, https:\/\/www.linktonkitchen.com\/wp-content\/uploads\/2024\/07\/Wholesale-mini-triply-stainless-steel-pressure-cookers-6-12x12.webp 12w, https:\/\/www.linktonkitchen.com\/wp-content\/uploads\/2024\/07\/Wholesale-mini-triply-stainless-steel-pressure-cookers-6-285x285.webp 285w, https:\/\/www.linktonkitchen.com\/wp-content\/uploads\/2024\/07\/Wholesale-mini-triply-stainless-steel-pressure-cookers-6-270x270.webp 270w, https:\/\/www.linktonkitchen.com\/wp-content\/uploads\/2024\/07\/Wholesale-mini-triply-stainless-steel-pressure-cookers-6-540x540.webp 540w, https:\/\/www.linktonkitchen.com\/wp-content\/uploads\/2024\/07\/Wholesale-mini-triply-stainless-steel-pressure-cookers-6-660x660.webp 660w\" sizes=\"(max-width: 800px) 100vw, 800px\" \/><\/figure>\n<\/div>\n\n\n\n<div class=\"wp-block-column is-vertically-aligned-center is-layout-flow wp-block-column-is-layout-flow\">\n<h2 class=\"wp-block-heading\">Panela de press\u00e3o personalizada de 1 litro:<\/h2>\n\n\n\n<p>A Linkton fornece servi\u00e7os flex\u00edveis de personaliza\u00e7\u00e3o OEM e ODM para atender a diferentes requisitos de mercado e posicionamento de marca.<\/p>\n\n\n\n<p><strong>Gama de capacidades:&nbsp;<\/strong>Escolha entre 0,8-2L para satisfazer as necessidades de diferentes tamanhos de fam\u00edlia.<\/p>\n\n\n\n<p><strong>Acabamento da superf\u00edcie:&nbsp;<\/strong>Dispon\u00edvel em Polimento Espelhado (alto brilho), Acabamento Acetinado (aspeto escovado) ou Revestimento de Cor personalizado.<\/p>\n\n\n\n<p><strong>Marca e log\u00f3tipo:<\/strong><\/p>\n\n\n\n<ul class=\"wp-block-list\">\n<li>Grava\u00e7\u00e3o a laser no corpo do pote.<\/li>\n\n\n\n<li>Carimbo na parte inferior.<\/li>\n\n\n\n<li>Log\u00f3tipo personalizado nas pegas e v\u00e1lvulas de press\u00e3o.<\/li>\n<\/ul>\n\n\n\n<p><strong>Design de embalagens:&nbsp;<\/strong>Caixas de cor, manuais de instru\u00e7\u00f5es e caixas de transporte totalmente personalizadas com a identidade visual da sua marca.<\/p>\n<\/div>\n<\/div>","protected":false},"excerpt":{"rendered":"<p>Panela de press\u00e3o de 1 litro por atacado com tampa de fecho de aperto, compacta e conveniente, cozedura r\u00e1pida de alta press\u00e3o de 80KPA, a primeira escolha para cozedura r\u00e1pida de pequena capacidade! Bem-vindo a contactar-nos para um or\u00e7amento!<\/p>\n<h2>Panela de press\u00e3o de 1 litro Especifica\u00e7\u00f5es:<\/h2>\n<table width=\"402\">\n<tbody>\n<tr>\n<td width=\"145\">Fabricante<\/td>\n<td width=\"257\">Linkton<\/td>\n<\/tr>\n<tr>\n<td width=\"145\">Modelo n.<\/td>\n<td width=\"257\">LT-XFKH<\/td>\n<\/tr>\n<tr>\n<td width=\"145\">Capacidade<\/td>\n<td width=\"257\">0,8L\/ 1,2L\/ 1,6L\/ 2L<\/td>\n<\/tr>\n<tr>\n<td>Material<\/td>\n<td>A\u00e7o inoxid\u00e1vel triplo<\/td>\n<\/tr>\n<tr>\n<td>Fun\u00e7\u00e3o<\/td>\n<td width=\"257\">1. Design do bot\u00e3o de bloqueio de seguran\u00e7a<br \/>2. Cozedura r\u00e1pida<br \/>3. Seguran\u00e7a \u00e0 prova de explos\u00e3o<br \/>4. Limpeza c\u00f3moda<\/td>\n<\/tr>\n<tr>\n<td>Fog\u00e3o aplic\u00e1vel<\/td>\n<td>Fog\u00e3o de chama aberta\/ Fog\u00e3o de indu\u00e7\u00e3o\/ Fog\u00e3o a g\u00e1s<\/td>\n<\/tr>\n<tr>\n<td>OEM\/ODM<\/td>\n<td>Aceit\u00e1vel<\/td>\n<\/tr>\n<tr>\n<td>Amostra<\/td>\n<td>MOQ 1 pe\u00e7a<\/td>\n<\/tr>\n<\/tbody>\n<\/table>","protected":false},"featured_media":6614,"template":"","meta":{"_acf_changed":false},"product-application":[],"product-capacity":[],"product_brand":[],"product_cat":[55],"product_tag":[76,79],"class_list":{"0":"post-6256","1":"product","2":"type-product","3":"status-publish","4":"has-post-thumbnail","6":"product_cat-pressure-cooker-wholesale","7":"product_tag-wholesale-home-pressure-cooker","8":"product_tag-wholesale-mini-pressure-cooker","10":"first","11":"instock","12":"shipping-taxable","13":"product-type-simple"},"acf":[],"_links":{"self":[{"href":"https:\/\/www.linktonkitchen.com\/pt\/wp-json\/wp\/v2\/product\/6256","targetHints":{"allow":["GET"]}}],"collection":[{"href":"https:\/\/www.linktonkitchen.com\/pt\/wp-json\/wp\/v2\/product"}],"about":[{"href":"https:\/\/www.linktonkitchen.com\/pt\/wp-json\/wp\/v2\/types\/product"}],"version-history":[{"count":8,"href":"https:\/\/www.linktonkitchen.com\/pt\/wp-json\/wp\/v2\/product\/6256\/revisions"}],"predecessor-version":[{"id":7452,"href":"https:\/\/www.linktonkitchen.com\/pt\/wp-json\/wp\/v2\/product\/6256\/revisions\/7452"}],"wp:featuredmedia":[{"embeddable":true,"href":"https:\/\/www.linktonkitchen.com\/pt\/wp-json\/wp\/v2\/media\/6614"}],"wp:attachment":[{"href":"https:\/\/www.linktonkitchen.com\/pt\/wp-json\/wp\/v2\/media?parent=6256"}],"wp:term":[{"taxonomy":"product-application","embeddable":true,"href":"https:\/\/www.linktonkitchen.com\/pt\/wp-json\/wp\/v2\/product-application?post=6256"},{"taxonomy":"product-capacity","embeddable":true,"href":"https:\/\/www.linktonkitchen.com\/pt\/wp-json\/wp\/v2\/product-capacity?post=6256"},{"taxonomy":"product_brand","embeddable":true,"href":"https:\/\/www.linktonkitchen.com\/pt\/wp-json\/wp\/v2\/product_brand?post=6256"},{"taxonomy":"product_cat","embeddable":true,"href":"https:\/\/www.linktonkitchen.com\/pt\/wp-json\/wp\/v2\/product_cat?post=6256"},{"taxonomy":"product_tag","embeddable":true,"href":"https:\/\/www.linktonkitchen.com\/pt\/wp-json\/wp\/v2\/product_tag?post=6256"}],"curies":[{"name":"wp","href":"https:\/\/api.w.org\/{rel}","templated":true}]}}