{"id":6258,"date":"2025-08-06T07:45:42","date_gmt":"2025-08-06T07:45:42","guid":{"rendered":"https:\/\/www.linktonkitchen.com\/?post_type=product&#038;p=6258"},"modified":"2026-02-05T08:54:23","modified_gmt":"2026-02-05T08:54:23","slug":"wholesale-camping-pressure-cooker","status":"publish","type":"product","link":"https:\/\/www.linktonkitchen.com\/pt\/product\/wholesale-camping-pressure-cooker\/","title":{"rendered":"Panela de Press\u00e3o para Acampamento por Atacado, Fabricante de Mini Panela de Press\u00e3o na China"},"content":{"rendered":"<div class=\"wp-block-columns is-layout-flex wp-container-core-columns-is-layout-9d6595d7 wp-block-columns-is-layout-flex\">\n<div class=\"wp-block-column is-layout-flow wp-block-column-is-layout-flow\">\n<h2 class=\"wp-block-heading\">Panela de press\u00e3o para campismo Par\u00e2metro:<\/h2>\n\n\n\n<figure class=\"wp-block-table\"><table><tbody><tr><td><strong>Modelo n.<\/strong><\/td><td><strong>Capacidade<\/strong><\/td><td><strong>Di\u00e2metro<\/strong><\/td><\/tr><tr><td rowspan=\"4\">LT-XFKH<\/td><td>0.8 L<\/td><td>13cm\/15cm<\/td><\/tr><tr><td>1.2 L<\/td><td>13cm\/15cm<\/td><\/tr><tr><td>1.6 L<\/td><td>13cm\/15cm<\/td><\/tr><tr><td>2.0 L<\/td><td>13cm\/15cm<\/td><\/tr><\/tbody><\/table><\/figure>\n\n\n\n<h2 class=\"wp-block-heading\">Panela de press\u00e3o para campismo Carater\u00edsticas:<\/h2>\n\n\n\n<p><strong>Material de alta qualidade<\/strong>: Fabricado em a\u00e7o inoxid\u00e1vel 304 de qualidade alimentar, seguro e dur\u00e1vel, f\u00e1cil de limpar, longa vida \u00fatil.<\/p>\n\n\n\n<p><strong>Estrutura da tampa com fecho de rosca:<\/strong> f\u00e1cil de utilizar, rodar para bloquear, melhorar a veda\u00e7\u00e3o e aumentar a seguran\u00e7a.<\/p>\n\n\n\n<p><strong>Design compacto e port\u00e1til<\/strong>: Com a estrutura de aparafusar, a panela \u00e9 compacta e f\u00e1cil de guardar sem ocupar muito espa\u00e7o, o que \u00e9 adequado para pequenas cozinhas urbanas modernas.<\/p>\n\n\n\n<p><strong>Cozinhar de forma eficiente<\/strong>: Pote de pequena capacidade combinado com tecnologia de alta press\u00e3o, aquecimento mais r\u00e1pido, economia de energia e economia de tempo, f\u00e1cil de completar a comida de uma pessoa ou cozinhar suplementos para beb\u00e9s.<\/p>\n\n\n\n<p><strong>Op\u00e7\u00f5es de capacidade m\u00faltipla:<\/strong> fornecer 0,8L, 1,2L, 1,5L, 2L de capacidade, adaptar-se \u00e0s necessidades de diferentes pessoas, desde o dormit\u00f3rio de estudantes, apartamento individual at\u00e9 \u00e0 comida requintada de uma pessoa pode ser utilizada.<\/p>\n\n\n\n<p><strong>Aplic\u00e1vel a uma variedade de cen\u00e1rios<\/strong>: perfeito para papas, guisados, ovos cozidos a vapor, carne estufada e outros pratos r\u00e1pidos, especialmente adequado para suplementos para beb\u00e9s, pequenas por\u00e7\u00f5es de refei\u00e7\u00f5es nutritivas e cen\u00e1rios de cozinha de campismo.<\/p>\n<\/div>\n\n\n\n<div class=\"wp-block-column is-layout-flow wp-block-column-is-layout-flow\">\n<figure class=\"wp-block-image size-full\"><img fetchpriority=\"high\" decoding=\"async\" width=\"4180\" height=\"3864\" src=\"https:\/\/www.linktonkitchen.com\/wp-content\/uploads\/2025\/08\/camping-pressure-cooker-wholesale-6.webp\" alt=\"panela de press\u00e3o de campismo por atacado (6)\" class=\"wp-image-6265\" srcset=\"https:\/\/www.linktonkitchen.com\/wp-content\/uploads\/2025\/08\/camping-pressure-cooker-wholesale-6.webp 4180w, https:\/\/www.linktonkitchen.com\/wp-content\/uploads\/2025\/08\/camping-pressure-cooker-wholesale-6-300x277.webp 300w, https:\/\/www.linktonkitchen.com\/wp-content\/uploads\/2025\/08\/camping-pressure-cooker-wholesale-6-768x710.webp 768w, https:\/\/www.linktonkitchen.com\/wp-content\/uploads\/2025\/08\/camping-pressure-cooker-wholesale-6-13x12.webp 13w, https:\/\/www.linktonkitchen.com\/wp-content\/uploads\/2025\/08\/camping-pressure-cooker-wholesale-6-285x263.webp 285w, https:\/\/www.linktonkitchen.com\/wp-content\/uploads\/2025\/08\/camping-pressure-cooker-wholesale-6-1600x1479.webp 1600w, https:\/\/www.linktonkitchen.com\/wp-content\/uploads\/2025\/08\/camping-pressure-cooker-wholesale-6-660x610.webp 660w, https:\/\/www.linktonkitchen.com\/wp-content\/uploads\/2025\/08\/camping-pressure-cooker-wholesale-6-150x139.webp 150w\" sizes=\"(max-width: 4180px) 100vw, 4180px\" \/><\/figure>\n<\/div>\n<\/div>\n\n\n\n<div class=\"wp-block-columns is-layout-flex wp-container-core-columns-is-layout-9d6595d7 wp-block-columns-is-layout-flex\">\n<div class=\"wp-block-column is-layout-flow wp-block-column-is-layout-flow\">\n<figure class=\"wp-block-image size-full\"><img decoding=\"async\" width=\"3379\" height=\"3379\" src=\"https:\/\/www.linktonkitchen.com\/wp-content\/uploads\/2025\/08\/camping-pressure-cooker-wholesale-5.webp\" alt=\"panela de press\u00e3o de campismo por atacado (5)\" class=\"wp-image-6264\" srcset=\"https:\/\/www.linktonkitchen.com\/wp-content\/uploads\/2025\/08\/camping-pressure-cooker-wholesale-5.webp 3379w, https:\/\/www.linktonkitchen.com\/wp-content\/uploads\/2025\/08\/camping-pressure-cooker-wholesale-5-300x300.webp 300w, https:\/\/www.linktonkitchen.com\/wp-content\/uploads\/2025\/08\/camping-pressure-cooker-wholesale-5-150x150.webp 150w, https:\/\/www.linktonkitchen.com\/wp-content\/uploads\/2025\/08\/camping-pressure-cooker-wholesale-5-768x768.webp 768w, https:\/\/www.linktonkitchen.com\/wp-content\/uploads\/2025\/08\/camping-pressure-cooker-wholesale-5-12x12.webp 12w, https:\/\/www.linktonkitchen.com\/wp-content\/uploads\/2025\/08\/camping-pressure-cooker-wholesale-5-285x285.webp 285w, https:\/\/www.linktonkitchen.com\/wp-content\/uploads\/2025\/08\/camping-pressure-cooker-wholesale-5-1600x1600.webp 1600w, https:\/\/www.linktonkitchen.com\/wp-content\/uploads\/2025\/08\/camping-pressure-cooker-wholesale-5-270x270.webp 270w, https:\/\/www.linktonkitchen.com\/wp-content\/uploads\/2025\/08\/camping-pressure-cooker-wholesale-5-540x540.webp 540w, https:\/\/www.linktonkitchen.com\/wp-content\/uploads\/2025\/08\/camping-pressure-cooker-wholesale-5-660x660.webp 660w\" sizes=\"(max-width: 3379px) 100vw, 3379px\" \/><\/figure>\n<\/div>\n\n\n\n<div class=\"wp-block-column is-vertically-aligned-center is-layout-flow wp-block-column-is-layout-flow\">\n<h2 class=\"wp-block-heading\">Panela de press\u00e3o personalizada para campismo:<\/h2>\n\n\n\n<p>A Linkton fornece servi\u00e7os flex\u00edveis de personaliza\u00e7\u00e3o OEM e ODM para atender a diferentes requisitos de mercado e posicionamento de marca.<\/p>\n\n\n\n<p><strong>Gama de capacidades:&nbsp;<\/strong>Escolha entre 0,8-2L para satisfazer as necessidades de diferentes tamanhos de fam\u00edlia.<\/p>\n\n\n\n<p><strong>Acabamento da superf\u00edcie:&nbsp;<\/strong>Dispon\u00edvel em Polimento Espelhado (alto brilho), Acabamento Acetinado (aspeto escovado) ou Revestimento de Cor personalizado.<\/p>\n\n\n\n<p><strong>Marca e log\u00f3tipo:<\/strong><\/p>\n\n\n\n<ul class=\"wp-block-list\">\n<li>Grava\u00e7\u00e3o a laser no corpo do pote.<\/li>\n\n\n\n<li>Carimbo na parte inferior.<\/li>\n\n\n\n<li>Log\u00f3tipo personalizado nas pegas e v\u00e1lvulas de press\u00e3o.<\/li>\n<\/ul>\n\n\n\n<p><strong>Design de embalagens:&nbsp;<\/strong>Caixas de cor, manuais de instru\u00e7\u00f5es e caixas de transporte totalmente personalizadas com a identidade visual da sua marca.<\/p>\n<\/div>\n<\/div>","protected":false},"excerpt":{"rendered":"<p>Panela de press\u00e3o de acampamento por atacado, panela de press\u00e3o de pequena capacidade, design de tampa de bloqueio de tor\u00e7\u00e3o economiza mais energia, adequado para comida de uma pessoa, suplemento para beb\u00eas, cozinha conveniente para piquenique, especifica\u00e7\u00f5es m\u00faltiplas de 0,8L-2L podem ser selecionadas, bem-vindo \u00e0 personaliza\u00e7\u00e3o por atacado!<\/p>\n<h2>Panela de press\u00e3o para campismo Especifica\u00e7\u00f5es:<\/h2>\n<table width=\"402\">\n<tbody>\n<tr>\n<td width=\"145\">Fabricante<\/td>\n<td width=\"257\">Linkton<\/td>\n<\/tr>\n<tr>\n<td width=\"145\">Modelo n.<\/td>\n<td width=\"257\">LT-XFKH<\/td>\n<\/tr>\n<tr>\n<td width=\"145\">Capacidade<\/td>\n<td width=\"257\">0,8L\/ 1,2L\/ 1,6L\/ 2L<\/td>\n<\/tr>\n<tr>\n<td>Material<\/td>\n<td>A\u00e7o inoxid\u00e1vel triplo<\/td>\n<\/tr>\n<tr>\n<td>Fun\u00e7\u00e3o<\/td>\n<td width=\"257\">1. Design do bot\u00e3o de bloqueio de seguran\u00e7a<br \/>2. Cozedura r\u00e1pida<br \/>3. Seguran\u00e7a \u00e0 prova de explos\u00e3o<br \/>4. Limpeza c\u00f3moda<\/td>\n<\/tr>\n<tr>\n<td>Fog\u00e3o aplic\u00e1vel<\/td>\n<td>Fog\u00e3o de chama aberta\/ Fog\u00e3o de indu\u00e7\u00e3o\/ Fog\u00e3o a g\u00e1s<\/td>\n<\/tr>\n<tr>\n<td>OEM\/ODM<\/td>\n<td>Aceit\u00e1vel<\/td>\n<\/tr>\n<tr>\n<td>Amostra<\/td>\n<td>MOQ 1 pe\u00e7a<\/td>\n<\/tr>\n<\/tbody>\n<\/table>","protected":false},"featured_media":6262,"template":"","meta":{"_acf_changed":false},"product-application":[],"product-capacity":[],"product_brand":[],"product_cat":[55],"product_tag":[76,79],"class_list":{"0":"post-6258","1":"product","2":"type-product","3":"status-publish","4":"has-post-thumbnail","6":"product_cat-pressure-cooker-wholesale","7":"product_tag-wholesale-home-pressure-cooker","8":"product_tag-wholesale-mini-pressure-cooker","10":"first","11":"instock","12":"shipping-taxable","13":"product-type-simple"},"acf":[],"_links":{"self":[{"href":"https:\/\/www.linktonkitchen.com\/pt\/wp-json\/wp\/v2\/product\/6258","targetHints":{"allow":["GET"]}}],"collection":[{"href":"https:\/\/www.linktonkitchen.com\/pt\/wp-json\/wp\/v2\/product"}],"about":[{"href":"https:\/\/www.linktonkitchen.com\/pt\/wp-json\/wp\/v2\/types\/product"}],"version-history":[{"count":0,"href":"https:\/\/www.linktonkitchen.com\/pt\/wp-json\/wp\/v2\/product\/6258\/revisions"}],"wp:featuredmedia":[{"embeddable":true,"href":"https:\/\/www.linktonkitchen.com\/pt\/wp-json\/wp\/v2\/media\/6262"}],"wp:attachment":[{"href":"https:\/\/www.linktonkitchen.com\/pt\/wp-json\/wp\/v2\/media?parent=6258"}],"wp:term":[{"taxonomy":"product-application","embeddable":true,"href":"https:\/\/www.linktonkitchen.com\/pt\/wp-json\/wp\/v2\/product-application?post=6258"},{"taxonomy":"product-capacity","embeddable":true,"href":"https:\/\/www.linktonkitchen.com\/pt\/wp-json\/wp\/v2\/product-capacity?post=6258"},{"taxonomy":"product_brand","embeddable":true,"href":"https:\/\/www.linktonkitchen.com\/pt\/wp-json\/wp\/v2\/product_brand?post=6258"},{"taxonomy":"product_cat","embeddable":true,"href":"https:\/\/www.linktonkitchen.com\/pt\/wp-json\/wp\/v2\/product_cat?post=6258"},{"taxonomy":"product_tag","embeddable":true,"href":"https:\/\/www.linktonkitchen.com\/pt\/wp-json\/wp\/v2\/product_tag?post=6258"}],"curies":[{"name":"wp","href":"https:\/\/api.w.org\/{rel}","templated":true}]}}