{"id":6468,"date":"2025-08-09T04:00:15","date_gmt":"2025-08-09T04:00:15","guid":{"rendered":"https:\/\/www.linktonkitchen.com\/?post_type=product&#038;p=6468"},"modified":"2026-02-04T03:22:49","modified_gmt":"2026-02-04T03:22:49","slug":"wholesale-high-pressure-cooker","status":"publish","type":"product","link":"https:\/\/www.linktonkitchen.com\/pt\/produto\/wholesale-high-pressure-cooker\/","title":{"rendered":"Panela de alta press\u00e3o por atacado, fecho f\u00e1cil, panela de a\u00e7o inoxid\u00e1vel ajust\u00e1vel"},"content":{"rendered":"<h2 class=\"wp-block-heading\">Panela de alta press\u00e3o Carater\u00edsticas:<\/h2>\n\n\n\n<div class=\"wp-block-columns is-layout-flex wp-container-core-columns-is-layout-9d6595d7 wp-block-columns-is-layout-flex\">\n<div class=\"wp-block-column is-vertically-aligned-top is-layout-flow wp-block-column-is-layout-flow\">\n<h3 class=\"wp-block-heading\">Controlo de precis\u00e3o de dupla press\u00e3o<\/h3>\n\n\n\n<p>Domine todos os pratos com o nosso regulador de press\u00e3o de precis\u00e3o de 2 fases.<\/p>\n\n\n\n<p><strong>Alta press\u00e3o (100 kPa):<\/strong> Perfeito para carnes duras e legumes, reduzindo o tempo de cozedura at\u00e9 70% e mantendo os sabores e nutrientes ricos.<\/p>\n\n\n\n<p><strong>Baixa press\u00e3o (60 kPa):<\/strong> Ideal para alimentos delicados como legumes, marisco e cereais, preservando as vitaminas e as texturas.<\/p>\n\n\n\n<h3 class=\"wp-block-heading\">Sistema de seguran\u00e7a multin\u00edvel<\/h3>\n\n\n\n<p>Concebida para cozinhar com \"risco zero\" atrav\u00e9s de uma matriz de seguran\u00e7a abrangente:<\/p>\n\n\n\n<p><strong>Regulador ajust\u00e1vel:<\/strong> Dois modos de press\u00e3o e um <strong>Liberta\u00e7\u00e3o r\u00e1pida<\/strong> para uma evacua\u00e7\u00e3o r\u00e1pida do vapor.<\/p>\n\n\n\n<p><strong>V\u00e1lvula de seguran\u00e7a de reserva:<\/strong> Actua como uma liberta\u00e7\u00e3o de press\u00e3o secund\u00e1ria se a v\u00e1lvula principal estiver obstru\u00edda, mantendo a estabilidade interna.<\/p>\n\n\n\n<p><strong>Indicador de seguran\u00e7a inteligente de ponto vermelho:<\/strong> Possui um mecanismo de fecho autom\u00e1tico da tampa sob press\u00e3o. Impede a abertura at\u00e9 que a press\u00e3o interna tenha descido para um n\u00edvel seguro.<\/p>\n\n\n\n<p><strong>Tampa de bloqueio da pin\u00e7a refor\u00e7ada:<\/strong> O design da bra\u00e7adeira mais espessa garante que a tampa permanece hermeticamente fechada mesmo sob press\u00e3o extrema.<\/p>\n<\/div>\n\n\n\n<div class=\"wp-block-column is-vertically-aligned-top is-layout-flow wp-block-column-is-layout-flow\">\n<figure class=\"wp-block-image size-full\"><img fetchpriority=\"high\" decoding=\"async\" width=\"800\" height=\"800\" src=\"https:\/\/www.linktonkitchen.com\/wp-content\/uploads\/2025\/08\/wholesale-Chinese-pressure-cooker-2.webp\" alt=\"panela de alta press\u00e3o chinesa por atacado (2)\" class=\"wp-image-6475\" srcset=\"https:\/\/www.linktonkitchen.com\/wp-content\/uploads\/2025\/08\/wholesale-Chinese-pressure-cooker-2.webp 800w, https:\/\/www.linktonkitchen.com\/wp-content\/uploads\/2025\/08\/wholesale-Chinese-pressure-cooker-2-300x300.webp 300w, https:\/\/www.linktonkitchen.com\/wp-content\/uploads\/2025\/08\/wholesale-Chinese-pressure-cooker-2-150x150.webp 150w, https:\/\/www.linktonkitchen.com\/wp-content\/uploads\/2025\/08\/wholesale-Chinese-pressure-cooker-2-768x768.webp 768w, https:\/\/www.linktonkitchen.com\/wp-content\/uploads\/2025\/08\/wholesale-Chinese-pressure-cooker-2-12x12.webp 12w, https:\/\/www.linktonkitchen.com\/wp-content\/uploads\/2025\/08\/wholesale-Chinese-pressure-cooker-2-285x285.webp 285w, https:\/\/www.linktonkitchen.com\/wp-content\/uploads\/2025\/08\/wholesale-Chinese-pressure-cooker-2-270x270.webp 270w, https:\/\/www.linktonkitchen.com\/wp-content\/uploads\/2025\/08\/wholesale-Chinese-pressure-cooker-2-540x540.webp 540w, https:\/\/www.linktonkitchen.com\/wp-content\/uploads\/2025\/08\/wholesale-Chinese-pressure-cooker-2-660x660.webp 660w\" sizes=\"(max-width: 800px) 100vw, 800px\" \/><\/figure>\n<\/div>\n<\/div>\n\n\n\n<div class=\"wp-block-columns is-layout-flex wp-container-core-columns-is-layout-9d6595d7 wp-block-columns-is-layout-flex\">\n<div class=\"wp-block-column is-layout-flow wp-block-column-is-layout-flow\">\n<figure class=\"wp-block-image size-full\"><img decoding=\"async\" width=\"644\" height=\"644\" src=\"https:\/\/www.linktonkitchen.com\/wp-content\/uploads\/2025\/08\/wholesale-stainless-steel-pressure-cooker-with-dual-handle-2-stage-pressure-1.webp\" alt=\"panela de alta press\u00e3o por atacado com al\u00e7a dupla, press\u00e3o de 2 est\u00e1gios\" class=\"wp-image-7164\" srcset=\"https:\/\/www.linktonkitchen.com\/wp-content\/uploads\/2025\/08\/wholesale-stainless-steel-pressure-cooker-with-dual-handle-2-stage-pressure-1.webp 644w, https:\/\/www.linktonkitchen.com\/wp-content\/uploads\/2025\/08\/wholesale-stainless-steel-pressure-cooker-with-dual-handle-2-stage-pressure-1-300x300.webp 300w, https:\/\/www.linktonkitchen.com\/wp-content\/uploads\/2025\/08\/wholesale-stainless-steel-pressure-cooker-with-dual-handle-2-stage-pressure-1-150x150.webp 150w, https:\/\/www.linktonkitchen.com\/wp-content\/uploads\/2025\/08\/wholesale-stainless-steel-pressure-cooker-with-dual-handle-2-stage-pressure-1-12x12.webp 12w, https:\/\/www.linktonkitchen.com\/wp-content\/uploads\/2025\/08\/wholesale-stainless-steel-pressure-cooker-with-dual-handle-2-stage-pressure-1-285x285.webp 285w, https:\/\/www.linktonkitchen.com\/wp-content\/uploads\/2025\/08\/wholesale-stainless-steel-pressure-cooker-with-dual-handle-2-stage-pressure-1-270x270.webp 270w, https:\/\/www.linktonkitchen.com\/wp-content\/uploads\/2025\/08\/wholesale-stainless-steel-pressure-cooker-with-dual-handle-2-stage-pressure-1-540x540.webp 540w\" sizes=\"(max-width: 644px) 100vw, 644px\" \/><\/figure>\n<\/div>\n\n\n\n<div class=\"wp-block-column is-vertically-aligned-center is-layout-flow wp-block-column-is-layout-flow\">\n<h3 class=\"wp-block-heading\">Opera\u00e7\u00e3o revolucion\u00e1ria com uma s\u00f3 m\u00e3o<\/h3>\n\n\n\n<p>Diga adeus \u00e0 dificuldade das tampas tradicionais com fecho de rosca. A nossa inovadora <strong>sistema interno de transmiss\u00e3o por engrenagens<\/strong> permite uma abertura e um fecho suaves e sem esfor\u00e7o com uma s\u00f3 m\u00e3o. Sem encravamento, sem necessidade de for\u00e7a.<\/p>\n\n\n\n<h3 class=\"wp-block-heading\">Design ergon\u00f3mico de pega dupla<\/h3>\n\n\n\n<p>Equipado com pegas duplas ergon\u00f3micas e resistentes ao calor. Este design equilibrado permite levantar e verter de forma est\u00e1vel, reduzindo significativamente o risco de queimaduras e melhorando a manobrabilidade numa cozinha movimentada.<\/p>\n\n\n\n<h3 class=\"wp-block-heading\">M\u00faltiplas op\u00e7\u00f5es de capacidade<\/h3>\n\n\n\n<p>Dispon\u00edvel em <strong>4L \/ 6L \/ 8L<\/strong>adequado para agregados familiares de diferentes dimens\u00f5es e necessidades culin\u00e1rias.<\/p>\n<\/div>\n<\/div>\n\n\n\n<div class=\"wp-block-columns is-layout-flex wp-container-core-columns-is-layout-9d6595d7 wp-block-columns-is-layout-flex\">\n<div class=\"wp-block-column is-vertically-aligned-center is-layout-flow wp-block-column-is-layout-flow\">\n<h3 class=\"wp-block-heading\">Constru\u00e7\u00e3o Premium SUS304 de 3 camadas<\/h3>\n\n\n\n<p><strong>Material:<\/strong> Constru\u00eddo com alta qualidade <strong>A\u00e7o inoxid\u00e1vel SUS304 (qualidade alimentar)<\/strong>O seu design \u00e9 feito de forma a garantir que n\u00e3o cont\u00e9m BPA e \u00e9 seguro para beb\u00e9s e mulheres gr\u00e1vidas.<\/p>\n\n\n\n<p><strong>Sa\u00fade &amp; Longevidade:<\/strong> Resistente \u00e0 corros\u00e3o, resistente a \u00e1cidos e mant\u00e9m um acabamento de alto brilho mesmo ap\u00f3s anos de utiliza\u00e7\u00e3o comercial ou dom\u00e9stica intensiva.<\/p>\n\n\n\n<h3 class=\"wp-block-heading\">Compatibilidade universal com o calor<\/h3>\n\n\n\n<p>O <strong>Base de 3 camadas ligada ao impacto<\/strong> (SUS304 + Alum\u00ednio de alta condutividade + A\u00e7o magn\u00e9tico) assegura um aquecimento r\u00e1pido e uniforme.<\/p>\n\n\n\n<ul class=\"wp-block-list\">\n<li><strong>Compat\u00edvel com:<\/strong> Fog\u00f5es de indu\u00e7\u00e3o, a g\u00e1s, el\u00e9ctricos, de cer\u00e2mica e de halog\u00e9neo.<\/li>\n<\/ul>\n<\/div>\n\n\n\n<div class=\"wp-block-column is-layout-flow wp-block-column-is-layout-flow\">\n<figure class=\"wp-block-image size-full\"><img decoding=\"async\" width=\"750\" height=\"750\" src=\"https:\/\/www.linktonkitchen.com\/wp-content\/uploads\/2025\/08\/wholesale-stainless-steel-pressure-cooker-with-dual-handle-2-stage-pressure-2.webp\" alt=\"panela de alta press\u00e3o por atacado com al\u00e7a dupla, press\u00e3o de 2 est\u00e1gios\" class=\"wp-image-7165\" srcset=\"https:\/\/www.linktonkitchen.com\/wp-content\/uploads\/2025\/08\/wholesale-stainless-steel-pressure-cooker-with-dual-handle-2-stage-pressure-2.webp 750w, https:\/\/www.linktonkitchen.com\/wp-content\/uploads\/2025\/08\/wholesale-stainless-steel-pressure-cooker-with-dual-handle-2-stage-pressure-2-300x300.webp 300w, https:\/\/www.linktonkitchen.com\/wp-content\/uploads\/2025\/08\/wholesale-stainless-steel-pressure-cooker-with-dual-handle-2-stage-pressure-2-150x150.webp 150w, https:\/\/www.linktonkitchen.com\/wp-content\/uploads\/2025\/08\/wholesale-stainless-steel-pressure-cooker-with-dual-handle-2-stage-pressure-2-12x12.webp 12w, https:\/\/www.linktonkitchen.com\/wp-content\/uploads\/2025\/08\/wholesale-stainless-steel-pressure-cooker-with-dual-handle-2-stage-pressure-2-285x285.webp 285w, https:\/\/www.linktonkitchen.com\/wp-content\/uploads\/2025\/08\/wholesale-stainless-steel-pressure-cooker-with-dual-handle-2-stage-pressure-2-270x270.webp 270w, https:\/\/www.linktonkitchen.com\/wp-content\/uploads\/2025\/08\/wholesale-stainless-steel-pressure-cooker-with-dual-handle-2-stage-pressure-2-540x540.webp 540w, https:\/\/www.linktonkitchen.com\/wp-content\/uploads\/2025\/08\/wholesale-stainless-steel-pressure-cooker-with-dual-handle-2-stage-pressure-2-660x660.webp 660w\" sizes=\"(max-width: 750px) 100vw, 750px\" \/><\/figure>\n<\/div>\n<\/div>\n\n\n\n<div class=\"wp-block-columns is-layout-flex wp-container-core-columns-is-layout-9d6595d7 wp-block-columns-is-layout-flex\">\n<div class=\"wp-block-column is-layout-flow wp-block-column-is-layout-flow\">\n<figure class=\"wp-block-image size-full\"><img loading=\"lazy\" decoding=\"async\" width=\"717\" height=\"717\" src=\"https:\/\/www.linktonkitchen.com\/wp-content\/uploads\/2025\/08\/wholesale-stainless-steel-pressure-cooker-with-dual-handle-2-stage-pressure-3.webp\" alt=\"panela de alta press\u00e3o por atacado com al\u00e7a dupla, press\u00e3o de 2 est\u00e1gios\" class=\"wp-image-7166\" srcset=\"https:\/\/www.linktonkitchen.com\/wp-content\/uploads\/2025\/08\/wholesale-stainless-steel-pressure-cooker-with-dual-handle-2-stage-pressure-3.webp 717w, https:\/\/www.linktonkitchen.com\/wp-content\/uploads\/2025\/08\/wholesale-stainless-steel-pressure-cooker-with-dual-handle-2-stage-pressure-3-300x300.webp 300w, https:\/\/www.linktonkitchen.com\/wp-content\/uploads\/2025\/08\/wholesale-stainless-steel-pressure-cooker-with-dual-handle-2-stage-pressure-3-150x150.webp 150w, https:\/\/www.linktonkitchen.com\/wp-content\/uploads\/2025\/08\/wholesale-stainless-steel-pressure-cooker-with-dual-handle-2-stage-pressure-3-12x12.webp 12w, https:\/\/www.linktonkitchen.com\/wp-content\/uploads\/2025\/08\/wholesale-stainless-steel-pressure-cooker-with-dual-handle-2-stage-pressure-3-285x285.webp 285w, https:\/\/www.linktonkitchen.com\/wp-content\/uploads\/2025\/08\/wholesale-stainless-steel-pressure-cooker-with-dual-handle-2-stage-pressure-3-270x270.webp 270w, https:\/\/www.linktonkitchen.com\/wp-content\/uploads\/2025\/08\/wholesale-stainless-steel-pressure-cooker-with-dual-handle-2-stage-pressure-3-540x540.webp 540w, https:\/\/www.linktonkitchen.com\/wp-content\/uploads\/2025\/08\/wholesale-stainless-steel-pressure-cooker-with-dual-handle-2-stage-pressure-3-660x660.webp 660w\" sizes=\"(max-width: 717px) 100vw, 717px\" \/><\/figure>\n<\/div>\n\n\n\n<div class=\"wp-block-column is-layout-flow wp-block-column-is-layout-flow\">\n<figure class=\"wp-block-image size-full\"><img loading=\"lazy\" decoding=\"async\" width=\"750\" height=\"750\" src=\"https:\/\/www.linktonkitchen.com\/wp-content\/uploads\/2025\/08\/wholesale-stainless-steel-pressure-cooker-with-dual-handle-2-stage-pressure-4.webp\" alt=\"panela de alta press\u00e3o por atacado com al\u00e7a dupla, press\u00e3o de 2 est\u00e1gios\" class=\"wp-image-7167\" srcset=\"https:\/\/www.linktonkitchen.com\/wp-content\/uploads\/2025\/08\/wholesale-stainless-steel-pressure-cooker-with-dual-handle-2-stage-pressure-4.webp 750w, https:\/\/www.linktonkitchen.com\/wp-content\/uploads\/2025\/08\/wholesale-stainless-steel-pressure-cooker-with-dual-handle-2-stage-pressure-4-300x300.webp 300w, https:\/\/www.linktonkitchen.com\/wp-content\/uploads\/2025\/08\/wholesale-stainless-steel-pressure-cooker-with-dual-handle-2-stage-pressure-4-150x150.webp 150w, https:\/\/www.linktonkitchen.com\/wp-content\/uploads\/2025\/08\/wholesale-stainless-steel-pressure-cooker-with-dual-handle-2-stage-pressure-4-12x12.webp 12w, https:\/\/www.linktonkitchen.com\/wp-content\/uploads\/2025\/08\/wholesale-stainless-steel-pressure-cooker-with-dual-handle-2-stage-pressure-4-285x285.webp 285w, https:\/\/www.linktonkitchen.com\/wp-content\/uploads\/2025\/08\/wholesale-stainless-steel-pressure-cooker-with-dual-handle-2-stage-pressure-4-270x270.webp 270w, https:\/\/www.linktonkitchen.com\/wp-content\/uploads\/2025\/08\/wholesale-stainless-steel-pressure-cooker-with-dual-handle-2-stage-pressure-4-540x540.webp 540w, https:\/\/www.linktonkitchen.com\/wp-content\/uploads\/2025\/08\/wholesale-stainless-steel-pressure-cooker-with-dual-handle-2-stage-pressure-4-660x660.webp 660w\" sizes=\"(max-width: 750px) 100vw, 750px\" \/><\/figure>\n<\/div>\n<\/div>\n\n\n\n<div class=\"wp-block-columns is-layout-flex wp-container-core-columns-is-layout-9d6595d7 wp-block-columns-is-layout-flex\">\n<div class=\"wp-block-column is-layout-flow wp-block-column-is-layout-flow\" style=\"flex-basis:30%\">\n<figure class=\"wp-block-embed is-type-video is-provider-youtube wp-block-embed-youtube wp-embed-aspect-9-16 wp-has-aspect-ratio\"><div class=\"wp-block-embed__wrapper\">\n<iframe title=\"Um v\u00eddeo que mostra os detalhes do nosso novo produto: Panela de press\u00e3o de a\u00e7o triplo de opera\u00e7\u00e3o com uma m\u00e3o.\" width=\"563\" height=\"1000\" src=\"https:\/\/www.youtube.com\/embed\/D6ssejrqdms?feature=oembed\" frameborder=\"0\" allow=\"accelerometer; autoplay; clipboard-write; encrypted-media; gyroscope; picture-in-picture; web-share\" referrerpolicy=\"strict-origin-when-cross-origin\" allowfullscreen><\/iframe>\n<\/div><\/figure>\n<\/div>\n\n\n\n<div class=\"wp-block-column is-vertically-aligned-center is-layout-flow wp-block-column-is-layout-flow\" style=\"flex-basis:70%\">\n<h2 class=\"wp-block-heading\">Panela de alta press\u00e3o personalizada:<\/h2>\n\n\n\n<p>Para al\u00e9m do desempenho, fornecemos <strong>Servi\u00e7os OEM\/ODM<\/strong> para se destacar no seu mercado local:<\/p>\n\n\n\n<p><strong>Gama de capacidades: <\/strong>Escolha entre 4L, 6L, 8L ou 10L para satisfazer as necessidades de diferentes tamanhos de fam\u00edlia.<\/p>\n\n\n\n<p><strong>Acabamento da superf\u00edcie: <\/strong>Dispon\u00edvel em Polimento Espelhado (alto brilho), Acabamento Acetinado (aspeto escovado) ou Revestimento de Cor personalizado.<\/p>\n\n\n\n<p><strong>Marca e log\u00f3tipo:<\/strong><\/p>\n\n\n\n<ul class=\"wp-block-list\">\n<li>Grava\u00e7\u00e3o a laser no corpo do pote.<\/li>\n\n\n\n<li>Carimbo na parte inferior.<\/li>\n\n\n\n<li>Log\u00f3tipo personalizado nas pegas e v\u00e1lvulas de press\u00e3o.<\/li>\n<\/ul>\n\n\n\n<p><strong>Design de embalagens: <\/strong>Caixas de cor, manuais de instru\u00e7\u00f5es e caixas de transporte totalmente personalizadas com a identidade visual da sua marca.<\/p>\n<\/div>\n<\/div>","protected":false},"excerpt":{"rendered":"<p>Panelas de alta press\u00e3o de a\u00e7o inoxid\u00e1vel por grosso, design moderno e inovador com regula\u00e7\u00e3o de press\u00e3o dupla e de torcer para bloquear, abertura e bloqueio f\u00e1ceis da tampa com uma s\u00f3 m\u00e3o, adequadas para v\u00e1rios fog\u00f5es. \u00c9 ideal para cozinhas dom\u00e9sticas e comerciais. Fornecimento direto da f\u00e1brica, contacte-nos para um or\u00e7amento!<\/p>\n<h2>Panela de alta press\u00e3o Especifica\u00e7\u00f5es:<\/h2>\n<table width=\"402\">\n<tbody>\n<tr>\n<td width=\"145\">Fabricante<\/td>\n<td width=\"257\">Linkton<\/td>\n<\/tr>\n<tr>\n<td width=\"145\">Modelo n.<\/td>\n<td width=\"257\">LT-XN<\/td>\n<\/tr>\n<tr>\n<td width=\"145\">Capacidade<\/td>\n<td width=\"257\">4L\/6L\/8L (4,2\/6,3\/8,5 QT)<\/td>\n<\/tr>\n<tr>\n<td>Material<\/td>\n<td>\n<p>A\u00e7o inoxid\u00e1vel SUS304 (18\/10)<\/p>\n<\/td>\n<\/tr>\n<tr>\n<td>Fun\u00e7\u00e3o<\/td>\n<td width=\"257\">\n<p>1. Sistema de dupla press\u00e3o (60\/80kPa)<br \/>2. Fundo da c\u00e1psula de 3 camadas (a\u00e7o-\u00e1lcool-a\u00e7o)<br \/>3. Tampa rotativa acionada por engrenagem de uma m\u00e3o<br \/>4. Design de pega dupla<br \/>5. Prote\u00e7\u00e3o de seguran\u00e7a de cinco n\u00edveis<br \/>6. Limpeza c\u00f3moda<\/p>\n<\/td>\n<\/tr>\n<tr>\n<td>Fog\u00e3o aplic\u00e1vel<\/td>\n<td>Fog\u00e3o\/ Fog\u00e3o de indu\u00e7\u00e3o\/ Fog\u00e3o a g\u00e1s\/ Fog\u00e3o el\u00e9trico\/ Fog\u00e3o de cer\u00e2mica\/ Fog\u00e3o de halog\u00e9neo<\/td>\n<\/tr>\n<tr>\n<td>Configura\u00e7\u00e3o<\/td>\n<td width=\"257\">Manual\/V\u00e1lvula limitadora de press\u00e3o\/Bacia anti-derrame\/Agulha de limpeza<\/td>\n<\/tr>\n<tr>\n<td>OEM\/ODM<\/td>\n<td>Aceit\u00e1vel<\/td>\n<\/tr>\n<tr>\n<td>Amostra<\/td>\n<td>MOQ 1 pe\u00e7a<\/td>\n<\/tr>\n<\/tbody>\n<\/table>","protected":false},"featured_media":6671,"template":"","meta":{"_acf_changed":false},"product-application":[],"product-capacity":[],"product_brand":[],"product_cat":[55],"product_tag":[85],"class_list":{"0":"post-6468","1":"product","2":"type-product","3":"status-publish","4":"has-post-thumbnail","6":"product_cat-pressure-cooker-wholesale","7":"product_tag-stainless-steel-pressure-cooker-wholesale","9":"first","10":"instock","11":"shipping-taxable","12":"product-type-simple"},"acf":[],"_links":{"self":[{"href":"https:\/\/www.linktonkitchen.com\/pt\/wp-json\/wp\/v2\/product\/6468","targetHints":{"allow":["GET"]}}],"collection":[{"href":"https:\/\/www.linktonkitchen.com\/pt\/wp-json\/wp\/v2\/product"}],"about":[{"href":"https:\/\/www.linktonkitchen.com\/pt\/wp-json\/wp\/v2\/types\/product"}],"version-history":[{"count":27,"href":"https:\/\/www.linktonkitchen.com\/pt\/wp-json\/wp\/v2\/product\/6468\/revisions"}],"predecessor-version":[{"id":7281,"href":"https:\/\/www.linktonkitchen.com\/pt\/wp-json\/wp\/v2\/product\/6468\/revisions\/7281"}],"wp:featuredmedia":[{"embeddable":true,"href":"https:\/\/www.linktonkitchen.com\/pt\/wp-json\/wp\/v2\/media\/6671"}],"wp:attachment":[{"href":"https:\/\/www.linktonkitchen.com\/pt\/wp-json\/wp\/v2\/media?parent=6468"}],"wp:term":[{"taxonomy":"product-application","embeddable":true,"href":"https:\/\/www.linktonkitchen.com\/pt\/wp-json\/wp\/v2\/product-application?post=6468"},{"taxonomy":"product-capacity","embeddable":true,"href":"https:\/\/www.linktonkitchen.com\/pt\/wp-json\/wp\/v2\/product-capacity?post=6468"},{"taxonomy":"product_brand","embeddable":true,"href":"https:\/\/www.linktonkitchen.com\/pt\/wp-json\/wp\/v2\/product_brand?post=6468"},{"taxonomy":"product_cat","embeddable":true,"href":"https:\/\/www.linktonkitchen.com\/pt\/wp-json\/wp\/v2\/product_cat?post=6468"},{"taxonomy":"product_tag","embeddable":true,"href":"https:\/\/www.linktonkitchen.com\/pt\/wp-json\/wp\/v2\/product_tag?post=6468"}],"curies":[{"name":"wp","href":"https:\/\/api.w.org\/{rel}","templated":true}]}}