{"id":6538,"date":"2025-08-15T01:42:39","date_gmt":"2025-08-15T01:42:39","guid":{"rendered":"https:\/\/www.linktonkitchen.com\/?post_type=product&#038;p=6538"},"modified":"2025-08-15T07:52:23","modified_gmt":"2025-08-15T07:52:23","slug":"custom-catering-chafing-dishes","status":"publish","type":"product","link":"https:\/\/www.linktonkitchen.com\/pt\/product\/custom-catering-chafing-dishes\/","title":{"rendered":"Pratos de Chafing personalizados para catering, Conjunto de Buffet El\u00e9trico em A\u00e7o Inoxid\u00e1vel por atacado"},"content":{"rendered":"<div class=\"wp-block-columns is-layout-flex wp-container-core-columns-is-layout-9d6595d7 wp-block-columns-is-layout-flex\">\n<div class=\"wp-block-column is-vertically-aligned-center is-layout-flow wp-block-column-is-layout-flow\">\n<h3 class=\"wp-block-heading\">Pratos para catering Carater\u00edsticas:<\/h3>\n\n\n\n<p><strong>A\u00e7o inoxid\u00e1vel de qualidade alimentar<\/strong>: O a\u00e7o inoxid\u00e1vel de alta qualidade selecionado \u00e9 seguro, dur\u00e1vel, resistente \u00e0 corros\u00e3o e \u00e0 ferrugem, o que o torna adequado para uma utiliza\u00e7\u00e3o prolongada em jantares.<\/p>\n\n\n\n<p><strong>Tampa de vidro com abertura hidr\u00e1ulica<\/strong>: O design transparente permite ver facilmente os pratos sem abrir a tampa. A tampa com controlo hidr\u00e1ulico baixa a tampa para evitar ru\u00eddos e colis\u00f5es, garantindo seguran\u00e7a e desempenho de topo.<\/p>\n\n\n\n<p><strong>Interior com dois compartimentos<\/strong>: Acomoda v\u00e1rios pratos em simult\u00e2neo, reduzindo a transfer\u00eancia de odores e melhorando a experi\u00eancia gastron\u00f3mica. Adequado para buffets, hot\u00e9is, banquetes e outros ambientes.<\/p>\n\n\n\n<p><strong>Pernas est\u00e1veis e elevadas<\/strong>: Assegurar uma coloca\u00e7\u00e3o est\u00e1vel sobre a mesa, garantindo uma superf\u00edcie duradoura e esteticamente agrad\u00e1vel.<\/p>\n\n\n\n<p><strong>Constru\u00e7\u00e3o de f\u00e1cil limpeza<\/strong>: O interior e a tampa amov\u00edveis permitem uma limpeza r\u00e1pida e f\u00e1cil, poupando custos de m\u00e3o de obra.<\/p>\n\n\n\n<p><strong>Adequado para v\u00e1rios cen\u00e1rios<\/strong>: restaurantes, buffets, banquetes em hot\u00e9is, casamentos, reuni\u00f5es de empresas e muito mais.<\/p>\n\n\n\n<p><strong>Suporte OEM\/ODM<\/strong>: Est\u00e3o dispon\u00edveis log\u00f3tipos, tamanhos, estilos e materiais personaliz\u00e1veis para satisfazer as suas necessidades de marca.<\/p>\n<\/div>\n\n\n\n<div class=\"wp-block-column is-vertically-aligned-center is-layout-flow wp-block-column-is-layout-flow\"><div class=\"wp-block-image\">\n<figure class=\"aligncenter size-full\"><img fetchpriority=\"high\" decoding=\"async\" width=\"800\" height=\"800\" src=\"https:\/\/www.linktonkitchen.com\/wp-content\/uploads\/2025\/08\/custom-catering-chafing-dishes.webp\" alt=\"pratos para assar personalizados para catering\" class=\"wp-image-6542\" style=\"object-fit:cover\" srcset=\"https:\/\/www.linktonkitchen.com\/wp-content\/uploads\/2025\/08\/custom-catering-chafing-dishes.webp 800w, https:\/\/www.linktonkitchen.com\/wp-content\/uploads\/2025\/08\/custom-catering-chafing-dishes-300x300.webp 300w, https:\/\/www.linktonkitchen.com\/wp-content\/uploads\/2025\/08\/custom-catering-chafing-dishes-150x150.webp 150w, https:\/\/www.linktonkitchen.com\/wp-content\/uploads\/2025\/08\/custom-catering-chafing-dishes-768x768.webp 768w, https:\/\/www.linktonkitchen.com\/wp-content\/uploads\/2025\/08\/custom-catering-chafing-dishes-12x12.webp 12w, https:\/\/www.linktonkitchen.com\/wp-content\/uploads\/2025\/08\/custom-catering-chafing-dishes-285x285.webp 285w, https:\/\/www.linktonkitchen.com\/wp-content\/uploads\/2025\/08\/custom-catering-chafing-dishes-270x270.webp 270w, https:\/\/www.linktonkitchen.com\/wp-content\/uploads\/2025\/08\/custom-catering-chafing-dishes-540x540.webp 540w, https:\/\/www.linktonkitchen.com\/wp-content\/uploads\/2025\/08\/custom-catering-chafing-dishes-660x660.webp 660w\" sizes=\"(max-width: 800px) 100vw, 800px\" \/><\/figure>\n<\/div><\/div>\n<\/div>\n\n\n\n<div class=\"wp-block-columns is-layout-flex wp-container-core-columns-is-layout-9d6595d7 wp-block-columns-is-layout-flex\">\n<div class=\"wp-block-column is-vertically-aligned-center is-layout-flow wp-block-column-is-layout-flow\">\n<h3 class=\"wp-block-heading\">Restaura\u00e7\u00e3o personalizada <strong><strong>Chafing Dishes<\/strong><\/strong><\/h3>\n\n\n\n<p>Oferecemos servi\u00e7os ODM e OEM, permitindo a personaliza\u00e7\u00e3o de log\u00f3tipos e embalagens de produtos. Apoiamos v\u00e1rias op\u00e7\u00f5es de embalagem, incluindo sacos, caixas de cart\u00e3o ou embalagens personalizadas com base nas suas prefer\u00eancias. Para al\u00e9m disso, oferecemos op\u00e7\u00f5es de cores flex\u00edveis, incluindo revestimento em prata, ouro ou semi-ouro.<\/p>\n<\/div>\n<\/div>","protected":false},"excerpt":{"rendered":"<p>Pratos de chafing para catering personalizados, a\u00e7o inoxid\u00e1vel de qualidade alimentar, design hidr\u00e1ulico, equipados com uma tampa de vidro transparente e um tanque interior dividido, topo de gama e dur\u00e1vel. Personaliza\u00e7\u00e3o OEM e prefer\u00eancia por atacado, entre em contacto connosco para uma cota\u00e7\u00e3o!<\/p>\n<h2>Especifica\u00e7\u00f5es de Pratos de Chafing para catering:<\/h2>\n<table width=\"402\">\n<tbody>\n<tr>\n<td width=\"145\">Fabricante<\/td>\n<td width=\"257\">Linkton<\/td>\n<\/tr>\n<tr>\n<td>Material<\/td>\n<td>A\u00e7o inoxid\u00e1vel<\/td>\n<\/tr>\n<tr>\n<td>Configura\u00e7\u00e3o<\/td>\n<td width=\"257\">Tabuleiro para alimentos\/tabuleiro para \u00e1gua<\/td>\n<\/tr>\n<tr>\n<td>Aquecimento<\/td>\n<td>\n<p>Aquecimento el\u00e9trico<\/p>\n<\/td>\n<\/tr>\n<tr>\n<td>Tampa<\/td>\n<td width=\"257\">Tampa de vidro hidr\u00e1ulica<\/td>\n<\/tr>\n<tr>\n<td>OEM\/ODM<\/td>\n<td>Aceit\u00e1vel<\/td>\n<\/tr>\n<tr>\n<td>Amostra<\/td>\n<td>MOQ 1 pe\u00e7a<\/td>\n<\/tr>\n<\/tbody>\n<\/table>","protected":false},"featured_media":6542,"template":"","meta":{"_acf_changed":false},"product-application":[],"product-capacity":[],"product_brand":[],"product_cat":[58],"product_tag":[],"class_list":{"0":"post-6538","1":"product","2":"type-product","3":"status-publish","4":"has-post-thumbnail","6":"product_cat-wholesale-chafing-dishes","8":"first","9":"instock","10":"shipping-taxable","11":"product-type-simple"},"acf":[],"_links":{"self":[{"href":"https:\/\/www.linktonkitchen.com\/pt\/wp-json\/wp\/v2\/product\/6538","targetHints":{"allow":["GET"]}}],"collection":[{"href":"https:\/\/www.linktonkitchen.com\/pt\/wp-json\/wp\/v2\/product"}],"about":[{"href":"https:\/\/www.linktonkitchen.com\/pt\/wp-json\/wp\/v2\/types\/product"}],"version-history":[{"count":0,"href":"https:\/\/www.linktonkitchen.com\/pt\/wp-json\/wp\/v2\/product\/6538\/revisions"}],"wp:featuredmedia":[{"embeddable":true,"href":"https:\/\/www.linktonkitchen.com\/pt\/wp-json\/wp\/v2\/media\/6542"}],"wp:attachment":[{"href":"https:\/\/www.linktonkitchen.com\/pt\/wp-json\/wp\/v2\/media?parent=6538"}],"wp:term":[{"taxonomy":"product-application","embeddable":true,"href":"https:\/\/www.linktonkitchen.com\/pt\/wp-json\/wp\/v2\/product-application?post=6538"},{"taxonomy":"product-capacity","embeddable":true,"href":"https:\/\/www.linktonkitchen.com\/pt\/wp-json\/wp\/v2\/product-capacity?post=6538"},{"taxonomy":"product_brand","embeddable":true,"href":"https:\/\/www.linktonkitchen.com\/pt\/wp-json\/wp\/v2\/product_brand?post=6538"},{"taxonomy":"product_cat","embeddable":true,"href":"https:\/\/www.linktonkitchen.com\/pt\/wp-json\/wp\/v2\/product_cat?post=6538"},{"taxonomy":"product_tag","embeddable":true,"href":"https:\/\/www.linktonkitchen.com\/pt\/wp-json\/wp\/v2\/product_tag?post=6538"}],"curies":[{"name":"wp","href":"https:\/\/api.w.org\/{rel}","templated":true}]}}