{"id":6547,"date":"2025-08-15T02:31:01","date_gmt":"2025-08-15T02:13:23","guid":{"rendered":"https:\/\/www.linktonkitchen.com\/?post_type=product&#038;p=6547"},"modified":"2025-08-15T07:53:24","modified_gmt":"2025-08-15T07:53:24","slug":"wholesale-round-chafing-dishes","status":"publish","type":"product","link":"https:\/\/www.linktonkitchen.com\/pt\/product\/wholesale-round-chafing-dishes\/","title":{"rendered":"Atacado de pratos redondos de a\u00e7o inoxid\u00e1vel, fornecedor de pratos el\u00e9tricos"},"content":{"rendered":"<div class=\"wp-block-columns is-layout-flex wp-container-core-columns-is-layout-9d6595d7 wp-block-columns-is-layout-flex\">\n<div class=\"wp-block-column is-vertically-aligned-center is-layout-flow wp-block-column-is-layout-flow\">\n<h3 class=\"wp-block-heading\">Pratos redondos para chafing Carater\u00edsticas:<\/h3>\n\n\n\n<p><strong>Aspeto redondo<\/strong>: Com um design bonito e uma localiza\u00e7\u00e3o conveniente, \u00e9 adequado para uma variedade de ambientes de refei\u00e7\u00f5es, incluindo buffets, hot\u00e9is e banquetes.<\/p>\n\n\n\n<p><strong>Tampa de vidro com controlo hidr\u00e1ulico:<\/strong> A visualiza\u00e7\u00e3o transparente permite uma abertura e um fecho suaves, evitando que a tampa se parta e provoque pancadas e ru\u00eddos.<\/p>\n\n\n\n<p><strong>Sistema de aquecimento el\u00e9trico de precis\u00e3o<\/strong>: O controlo digital da temperatura assegura um controlo preciso da temperatura, garantindo que os alimentos est\u00e3o sempre \u00e0 temperatura ideal.<\/p>\n\n\n\n<p><strong>Pernas est\u00e1veis:<\/strong> Robusto, dur\u00e1vel e antiderrapante, o que o torna adequado para ambientes de refei\u00e7\u00f5es de utiliza\u00e7\u00e3o intensiva.<\/p>\n\n\n\n<p><strong>Design f\u00e1cil de limpar<\/strong>: O recipiente interior e a tampa amov\u00edveis permitem uma limpeza e manuten\u00e7\u00e3o r\u00e1pidas.<\/p>\n\n\n\n<p><strong>A\u00e7o inoxid\u00e1vel de qualidade alimentar<\/strong>: Fabricado em a\u00e7o inoxid\u00e1vel de alta qualidade, \u00e9 seguro, inodoro, resistente \u00e0 corros\u00e3o e concebido para durar anos sem deforma\u00e7\u00e3o.<\/p>\n\n\n\n<p><strong>Fornecimento direto da f\u00e1brica:<\/strong> Fornecimento est\u00e1vel e em grande escala, fornecendo servi\u00e7os personalizados, eliminando os elos interm\u00e9dios e oferecendo pre\u00e7os mais competitivos.<\/p>\n<\/div>\n\n\n\n<div class=\"wp-block-column is-vertically-aligned-center is-layout-flow wp-block-column-is-layout-flow\"><div class=\"wp-block-image\">\n<figure class=\"aligncenter size-full\"><img fetchpriority=\"high\" decoding=\"async\" width=\"800\" height=\"800\" src=\"https:\/\/www.linktonkitchen.com\/wp-content\/uploads\/2025\/08\/wholesale-round-chafing-dishes.webp\" alt=\"pratos para assar redondos por atacado\" class=\"wp-image-6541\" style=\"object-fit:cover\" srcset=\"https:\/\/www.linktonkitchen.com\/wp-content\/uploads\/2025\/08\/wholesale-round-chafing-dishes.webp 800w, https:\/\/www.linktonkitchen.com\/wp-content\/uploads\/2025\/08\/wholesale-round-chafing-dishes-300x300.webp 300w, https:\/\/www.linktonkitchen.com\/wp-content\/uploads\/2025\/08\/wholesale-round-chafing-dishes-150x150.webp 150w, https:\/\/www.linktonkitchen.com\/wp-content\/uploads\/2025\/08\/wholesale-round-chafing-dishes-768x768.webp 768w, https:\/\/www.linktonkitchen.com\/wp-content\/uploads\/2025\/08\/wholesale-round-chafing-dishes-12x12.webp 12w, https:\/\/www.linktonkitchen.com\/wp-content\/uploads\/2025\/08\/wholesale-round-chafing-dishes-285x285.webp 285w, https:\/\/www.linktonkitchen.com\/wp-content\/uploads\/2025\/08\/wholesale-round-chafing-dishes-270x270.webp 270w, https:\/\/www.linktonkitchen.com\/wp-content\/uploads\/2025\/08\/wholesale-round-chafing-dishes-540x540.webp 540w, https:\/\/www.linktonkitchen.com\/wp-content\/uploads\/2025\/08\/wholesale-round-chafing-dishes-660x660.webp 660w\" sizes=\"(max-width: 800px) 100vw, 800px\" \/><\/figure>\n<\/div><\/div>\n<\/div>\n\n\n\n<div class=\"wp-block-columns is-layout-flex wp-container-core-columns-is-layout-9d6595d7 wp-block-columns-is-layout-flex\">\n<div class=\"wp-block-column is-vertically-aligned-center is-layout-flow wp-block-column-is-layout-flow\">\n<h3 class=\"wp-block-heading\">Personalizado Redondo <strong><strong>Chafing Dishes<\/strong><\/strong><\/h3>\n\n\n\n<p>Oferecemos servi\u00e7os ODM e OEM, permitindo a personaliza\u00e7\u00e3o de log\u00f3tipos e embalagens de produtos. Apoiamos v\u00e1rias op\u00e7\u00f5es de embalagem, incluindo sacos, caixas de cart\u00e3o ou embalagens personalizadas com base nas suas prefer\u00eancias. Para al\u00e9m disso, oferecemos op\u00e7\u00f5es de cores flex\u00edveis, incluindo revestimento em prata, ouro ou semi-ouro.<\/p>\n<\/div>\n<\/div>","protected":false},"excerpt":{"rendered":"<p>Pratos redondos para assar por atacado, a tampa de vidro prensado \u00e9 esteticamente agrad\u00e1vel e segura. O aquecimento el\u00e9trico proporciona um controlo preciso da temperatura, garantindo alimentos frescos e deliciosos. Dispon\u00edvel numa variedade de tamanhos e estilos, com op\u00e7\u00f5es de personaliza\u00e7\u00e3o OEM\/ODM dispon\u00edveis. Diretamente da f\u00e1brica, contacte-nos.<\/p>\n<h2>Especifica\u00e7\u00f5es de Pratos redondos para assar:<\/h2>\n<table width=\"402\">\n<tbody>\n<tr>\n<td width=\"145\">Fabricante<\/td>\n<td width=\"257\">Linkton<\/td>\n<\/tr>\n<tr>\n<td>Material<\/td>\n<td>A\u00e7o inoxid\u00e1vel<\/td>\n<\/tr>\n<tr>\n<td>Configura\u00e7\u00e3o<\/td>\n<td width=\"257\">Tabuleiro para alimentos\/tabuleiro para \u00e1gua<\/td>\n<\/tr>\n<tr>\n<td>Aquecimento<\/td>\n<td>\n<p>Aquecimento el\u00e9trico<\/p>\n<\/td>\n<\/tr>\n<tr>\n<td>Tampa<\/td>\n<td width=\"257\">Tampa de vidro hidr\u00e1ulica<\/td>\n<\/tr>\n<tr>\n<td>OEM\/ODM<\/td>\n<td>Aceit\u00e1vel<\/td>\n<\/tr>\n<tr>\n<td>Amostra<\/td>\n<td>MOQ 1 pe\u00e7a<\/td>\n<\/tr>\n<\/tbody>\n<\/table>","protected":false},"featured_media":6541,"template":"","meta":{"_acf_changed":false},"product-application":[],"product-capacity":[],"product_brand":[],"product_cat":[58],"product_tag":[],"class_list":{"0":"post-6547","1":"product","2":"type-product","3":"status-publish","4":"has-post-thumbnail","6":"product_cat-wholesale-chafing-dishes","8":"first","9":"instock","10":"shipping-taxable","11":"product-type-simple"},"acf":[],"_links":{"self":[{"href":"https:\/\/www.linktonkitchen.com\/pt\/wp-json\/wp\/v2\/product\/6547","targetHints":{"allow":["GET"]}}],"collection":[{"href":"https:\/\/www.linktonkitchen.com\/pt\/wp-json\/wp\/v2\/product"}],"about":[{"href":"https:\/\/www.linktonkitchen.com\/pt\/wp-json\/wp\/v2\/types\/product"}],"version-history":[{"count":0,"href":"https:\/\/www.linktonkitchen.com\/pt\/wp-json\/wp\/v2\/product\/6547\/revisions"}],"wp:featuredmedia":[{"embeddable":true,"href":"https:\/\/www.linktonkitchen.com\/pt\/wp-json\/wp\/v2\/media\/6541"}],"wp:attachment":[{"href":"https:\/\/www.linktonkitchen.com\/pt\/wp-json\/wp\/v2\/media?parent=6547"}],"wp:term":[{"taxonomy":"product-application","embeddable":true,"href":"https:\/\/www.linktonkitchen.com\/pt\/wp-json\/wp\/v2\/product-application?post=6547"},{"taxonomy":"product-capacity","embeddable":true,"href":"https:\/\/www.linktonkitchen.com\/pt\/wp-json\/wp\/v2\/product-capacity?post=6547"},{"taxonomy":"product_brand","embeddable":true,"href":"https:\/\/www.linktonkitchen.com\/pt\/wp-json\/wp\/v2\/product_brand?post=6547"},{"taxonomy":"product_cat","embeddable":true,"href":"https:\/\/www.linktonkitchen.com\/pt\/wp-json\/wp\/v2\/product_cat?post=6547"},{"taxonomy":"product_tag","embeddable":true,"href":"https:\/\/www.linktonkitchen.com\/pt\/wp-json\/wp\/v2\/product_tag?post=6547"}],"curies":[{"name":"wp","href":"https:\/\/api.w.org\/{rel}","templated":true}]}}