{"id":6552,"date":"2025-08-15T02:35:21","date_gmt":"2025-08-15T02:35:21","guid":{"rendered":"https:\/\/www.linktonkitchen.com\/?post_type=product&#038;p=6552"},"modified":"2025-08-15T07:55:22","modified_gmt":"2025-08-15T07:55:22","slug":"custom-electric-chafing-dish-set","status":"publish","type":"product","link":"https:\/\/www.linktonkitchen.com\/pt\/product\/custom-electric-chafing-dish-set\/","title":{"rendered":"Conjunto de pratos para chafing el\u00e9trico personalizado com perna elevada, conjunto de buffet retangular em a\u00e7o inoxid\u00e1vel a granel"},"content":{"rendered":"<div class=\"wp-block-columns is-layout-flex wp-container-core-columns-is-layout-9d6595d7 wp-block-columns-is-layout-flex\">\n<div class=\"wp-block-column is-vertically-aligned-center is-layout-flow wp-block-column-is-layout-flow\">\n<h3 class=\"wp-block-heading\">Conjunto de pratos para chafing el\u00e9trico Carater\u00edsticas:<\/h3>\n\n\n\n<p><strong>Estrutura de base elevada<\/strong>: O aumento do espa\u00e7o inferior permite uma coloca\u00e7\u00e3o mais f\u00e1cil dos dispositivos de dissipa\u00e7\u00e3o de calor e de aquecimento, melhorando o funcionamento da mesa.<\/p>\n\n\n\n<p><strong>Cantos moldados numa s\u00f3 pe\u00e7a<\/strong>: Os rebordos lisos e sem costuras evitam a acumula\u00e7\u00e3o de sujidade e fuligem, melhorando a efic\u00e1cia da limpeza em 30%.<\/p>\n\n\n\n<p><strong>Tampa de vidro resistente a impactos<\/strong>: A elevada transpar\u00eancia permite a visualiza\u00e7\u00e3o em tempo real do estado dos pratos, reduzindo as aberturas e fechos frequentes para preservar a qualidade dos alimentos.<\/p>\n\n\n\n<p><strong>Sistema de fecho suave<\/strong>: A tampa desce de forma suave e silenciosa, o que a torna ideal para restaurantes de luxo e ambientes silenciosos, reduzindo os n\u00edveis de ru\u00eddo.<\/p>\n\n\n\n<p><strong>Aquecimento el\u00e9trico<\/strong>: N\u00e3o h\u00e1 chama aberta, reduzindo o risco de inc\u00eandio; n\u00e3o \u00e9 produzido fumo, o que \u00e9 mais amigo do ambiente e adequado para utiliza\u00e7\u00e3o em espa\u00e7os interiores e confinados.<\/p>\n\n\n\n<p><strong>Servi\u00e7o OEM<\/strong>: O design, as fun\u00e7\u00f5es e as especifica\u00e7\u00f5es podem ser ajustados de acordo com as necessidades espec\u00edficas do mercado ou do cliente, de modo a garantir que o produto corresponde perfeitamente \u00e0s expectativas.<\/p>\n<\/div>\n\n\n\n<div class=\"wp-block-column is-vertically-aligned-center is-layout-flow wp-block-column-is-layout-flow\"><div class=\"wp-block-image\">\n<figure class=\"aligncenter size-full\"><img fetchpriority=\"high\" decoding=\"async\" width=\"800\" height=\"800\" src=\"https:\/\/www.linktonkitchen.com\/wp-content\/uploads\/2025\/08\/custom-electric-chafing-dish-set.webp\" alt=\"conjunto de chafing dish el\u00e9trico personalizado\" class=\"wp-image-6539\" style=\"object-fit:cover\" srcset=\"https:\/\/www.linktonkitchen.com\/wp-content\/uploads\/2025\/08\/custom-electric-chafing-dish-set.webp 800w, https:\/\/www.linktonkitchen.com\/wp-content\/uploads\/2025\/08\/custom-electric-chafing-dish-set-300x300.webp 300w, https:\/\/www.linktonkitchen.com\/wp-content\/uploads\/2025\/08\/custom-electric-chafing-dish-set-150x150.webp 150w, https:\/\/www.linktonkitchen.com\/wp-content\/uploads\/2025\/08\/custom-electric-chafing-dish-set-768x768.webp 768w, https:\/\/www.linktonkitchen.com\/wp-content\/uploads\/2025\/08\/custom-electric-chafing-dish-set-12x12.webp 12w, https:\/\/www.linktonkitchen.com\/wp-content\/uploads\/2025\/08\/custom-electric-chafing-dish-set-285x285.webp 285w, https:\/\/www.linktonkitchen.com\/wp-content\/uploads\/2025\/08\/custom-electric-chafing-dish-set-270x270.webp 270w, https:\/\/www.linktonkitchen.com\/wp-content\/uploads\/2025\/08\/custom-electric-chafing-dish-set-540x540.webp 540w, https:\/\/www.linktonkitchen.com\/wp-content\/uploads\/2025\/08\/custom-electric-chafing-dish-set-660x660.webp 660w\" sizes=\"(max-width: 800px) 100vw, 800px\" \/><\/figure>\n<\/div><\/div>\n<\/div>\n\n\n\n<div class=\"wp-block-columns is-layout-flex wp-container-core-columns-is-layout-9d6595d7 wp-block-columns-is-layout-flex\">\n<div class=\"wp-block-column is-vertically-aligned-center is-layout-flow wp-block-column-is-layout-flow\">\n<h3 class=\"wp-block-heading\">Conjunto de pratos para assar el\u00e9ctricos personalizados<\/h3>\n\n\n\n<p>Oferecemos servi\u00e7os ODM e OEM, permitindo a personaliza\u00e7\u00e3o de log\u00f3tipos e embalagens de produtos. Apoiamos v\u00e1rias op\u00e7\u00f5es de embalagem, incluindo sacos, caixas de cart\u00e3o ou embalagens personalizadas com base nas suas prefer\u00eancias. Para al\u00e9m disso, oferecemos op\u00e7\u00f5es de cores flex\u00edveis, incluindo revestimento em prata, ouro ou semi-ouro.<\/p>\n<\/div>\n<\/div>","protected":false},"excerpt":{"rendered":"<p>Conjunto de pratos de chafing el\u00e9trico personalizado, feito de material de qualidade alimentar, com p\u00e9s altos e est\u00e1veis e equipado com tampa de vidro hidr\u00e1ulico, \u00e9 seguro, pr\u00e1tico e bonito, tornando-o uma escolha ideal para buffets de hotel, banquetes e catering por atacado. Suporte OEM\/ODM. Bem-vindo a contactar-nos para um or\u00e7amento!<\/p>\n<h2>Especifica\u00e7\u00f5es do Conjunto de pratos el\u00e9ctricos para assar:<\/h2>\n<table width=\"402\">\n<tbody>\n<tr>\n<td width=\"145\">Fabricante<\/td>\n<td width=\"257\">Linkton<\/td>\n<\/tr>\n<tr>\n<td>Material<\/td>\n<td>A\u00e7o inoxid\u00e1vel<\/td>\n<\/tr>\n<tr>\n<td>Configura\u00e7\u00e3o<\/td>\n<td width=\"257\">Tabuleiro para alimentos\/tabuleiro para \u00e1gua<\/td>\n<\/tr>\n<tr>\n<td>Aquecimento<\/td>\n<td>\n<p>Aquecimento el\u00e9trico<\/p>\n<\/td>\n<\/tr>\n<tr>\n<td>Tampa<\/td>\n<td width=\"257\">Tampa de vidro hidr\u00e1ulica<\/td>\n<\/tr>\n<tr>\n<td>OEM\/ODM<\/td>\n<td>Aceit\u00e1vel<\/td>\n<\/tr>\n<tr>\n<td>Amostra<\/td>\n<td>MOQ 1 pe\u00e7a<\/td>\n<\/tr>\n<\/tbody>\n<\/table>","protected":false},"featured_media":6539,"template":"","meta":{"_acf_changed":false},"product-application":[],"product-capacity":[],"product_brand":[],"product_cat":[58],"product_tag":[],"class_list":{"0":"post-6552","1":"product","2":"type-product","3":"status-publish","4":"has-post-thumbnail","6":"product_cat-wholesale-chafing-dishes","8":"first","9":"instock","10":"shipping-taxable","11":"product-type-simple"},"acf":[],"_links":{"self":[{"href":"https:\/\/www.linktonkitchen.com\/pt\/wp-json\/wp\/v2\/product\/6552","targetHints":{"allow":["GET"]}}],"collection":[{"href":"https:\/\/www.linktonkitchen.com\/pt\/wp-json\/wp\/v2\/product"}],"about":[{"href":"https:\/\/www.linktonkitchen.com\/pt\/wp-json\/wp\/v2\/types\/product"}],"version-history":[{"count":0,"href":"https:\/\/www.linktonkitchen.com\/pt\/wp-json\/wp\/v2\/product\/6552\/revisions"}],"wp:featuredmedia":[{"embeddable":true,"href":"https:\/\/www.linktonkitchen.com\/pt\/wp-json\/wp\/v2\/media\/6539"}],"wp:attachment":[{"href":"https:\/\/www.linktonkitchen.com\/pt\/wp-json\/wp\/v2\/media?parent=6552"}],"wp:term":[{"taxonomy":"product-application","embeddable":true,"href":"https:\/\/www.linktonkitchen.com\/pt\/wp-json\/wp\/v2\/product-application?post=6552"},{"taxonomy":"product-capacity","embeddable":true,"href":"https:\/\/www.linktonkitchen.com\/pt\/wp-json\/wp\/v2\/product-capacity?post=6552"},{"taxonomy":"product_brand","embeddable":true,"href":"https:\/\/www.linktonkitchen.com\/pt\/wp-json\/wp\/v2\/product_brand?post=6552"},{"taxonomy":"product_cat","embeddable":true,"href":"https:\/\/www.linktonkitchen.com\/pt\/wp-json\/wp\/v2\/product_cat?post=6552"},{"taxonomy":"product_tag","embeddable":true,"href":"https:\/\/www.linktonkitchen.com\/pt\/wp-json\/wp\/v2\/product_tag?post=6552"}],"curies":[{"name":"wp","href":"https:\/\/api.w.org\/{rel}","templated":true}]}}