{"id":6565,"date":"2025-08-29T03:16:51","date_gmt":"2025-08-19T02:16:05","guid":{"rendered":"https:\/\/www.linktonkitchen.com\/?post_type=product&#038;p=6565"},"modified":"2025-08-29T03:17:08","modified_gmt":"2025-08-29T03:17:08","slug":"wholesale-best-electric-chafing-dish","status":"publish","type":"product","link":"https:\/\/www.linktonkitchen.com\/pt\/product\/wholesale-best-electric-chafing-dish\/","title":{"rendered":"Melhor Prato de Chafing El\u00e9trico por atacado, Conjunto de Buffet de Aquecimento de Alimentos Comercial de A\u00e7o Inoxid\u00e1vel Redondo Personalizado"},"content":{"rendered":"<div class=\"wp-block-columns is-layout-flex wp-container-core-columns-is-layout-9d6595d7 wp-block-columns-is-layout-flex\">\n<div class=\"wp-block-column is-vertically-aligned-center is-layout-flow wp-block-column-is-layout-flow\">\n<h2 class=\"wp-block-heading\">Carater\u00edsticas do melhor prato el\u00e9trico para chafing:<\/h2>\n\n\n\n<p><strong>Material de a\u00e7o inoxid\u00e1vel de alta qualidade<\/strong>: Fabricado em a\u00e7o inoxid\u00e1vel de qualidade alimentar, resistente \u00e0 corros\u00e3o, \u00e0 prova de ferrugem e brilhante, garantindo seguran\u00e7a e durabilidade a longo prazo.<\/p>\n\n\n\n<p><strong>Aquecimento el\u00e9trico<\/strong>: N\u00e3o necessita de combust\u00edvel, f\u00e1cil de utilizar, disposi\u00e7\u00e3o flex\u00edvel, aquecimento a temperatura constante, garantindo que os alimentos mant\u00eam o melhor sabor e temperatura em buffets ou banquetes.<\/p>\n\n\n\n<p><strong>Design circular de grande capacidade<\/strong>: Amplo espa\u00e7o, pode acomodar uma variedade de pratos, satisfazendo as necessidades de hot\u00e9is, restaurantes buffet e grandes banquetes.<\/p>\n\n\n\n<p><strong>Tampa de vidro transparente<\/strong>: O design visual permite que os clientes vejam os alimentos, reduzindo a necessidade de abrir a tampa com frequ\u00eancia e mantendo a temperatura e a frescura.<\/p>\n\n\n\n<p><strong>Estrutura de suporte robusta<\/strong>: As pernas de apoio elevadas e refor\u00e7adas garantem estabilidade e durabilidade, proporcionando uma coloca\u00e7\u00e3o segura e fi\u00e1vel.<\/p>\n\n\n\n<p><strong>F\u00e1cil de limpar e manter<\/strong>: A superf\u00edcie lisa e a estrutura amov\u00edvel tornam a limpeza simples, melhorando a experi\u00eancia do utilizador.<\/p>\n<\/div>\n\n\n\n<div class=\"wp-block-column is-vertically-aligned-center is-layout-flow wp-block-column-is-layout-flow\"><div class=\"wp-block-image\">\n<figure class=\"aligncenter size-full\"><img fetchpriority=\"high\" decoding=\"async\" width=\"800\" height=\"800\" src=\"https:\/\/www.linktonkitchen.com\/wp-content\/uploads\/2025\/08\/Wholesale-Best-Electric-Chafing-Dish.webp\" alt=\"Prato para assar el\u00e9trico por atacado\" class=\"wp-image-6566\" style=\"object-fit:cover\" srcset=\"https:\/\/www.linktonkitchen.com\/wp-content\/uploads\/2025\/08\/Wholesale-Best-Electric-Chafing-Dish.webp 800w, https:\/\/www.linktonkitchen.com\/wp-content\/uploads\/2025\/08\/Wholesale-Best-Electric-Chafing-Dish-300x300.webp 300w, https:\/\/www.linktonkitchen.com\/wp-content\/uploads\/2025\/08\/Wholesale-Best-Electric-Chafing-Dish-150x150.webp 150w, https:\/\/www.linktonkitchen.com\/wp-content\/uploads\/2025\/08\/Wholesale-Best-Electric-Chafing-Dish-768x768.webp 768w, https:\/\/www.linktonkitchen.com\/wp-content\/uploads\/2025\/08\/Wholesale-Best-Electric-Chafing-Dish-12x12.webp 12w, https:\/\/www.linktonkitchen.com\/wp-content\/uploads\/2025\/08\/Wholesale-Best-Electric-Chafing-Dish-285x285.webp 285w, https:\/\/www.linktonkitchen.com\/wp-content\/uploads\/2025\/08\/Wholesale-Best-Electric-Chafing-Dish-270x270.webp 270w, https:\/\/www.linktonkitchen.com\/wp-content\/uploads\/2025\/08\/Wholesale-Best-Electric-Chafing-Dish-540x540.webp 540w, https:\/\/www.linktonkitchen.com\/wp-content\/uploads\/2025\/08\/Wholesale-Best-Electric-Chafing-Dish-660x660.webp 660w\" sizes=\"(max-width: 800px) 100vw, 800px\" \/><\/figure>\n<\/div><\/div>\n<\/div>\n\n\n\n<div class=\"wp-block-columns is-layout-flex wp-container-core-columns-is-layout-9d6595d7 wp-block-columns-is-layout-flex\">\n<div class=\"wp-block-column is-vertically-aligned-center is-layout-flow wp-block-column-is-layout-flow\">\n<h2 class=\"wp-block-heading\">Prato para assar el\u00e9trico personalizado<\/h2>\n\n\n\n<p>Oferecemos servi\u00e7os ODM e OEM, permitindo a personaliza\u00e7\u00e3o de log\u00f3tipos e embalagens de produtos. Apoiamos v\u00e1rias op\u00e7\u00f5es de embalagem, incluindo sacos, caixas de cart\u00e3o ou embalagens personalizadas com base nas suas prefer\u00eancias. Para al\u00e9m disso, oferecemos op\u00e7\u00f5es de cores flex\u00edveis, incluindo revestimento em prata, ouro ou semi-ouro.<\/p>\n<\/div>\n<\/div>","protected":false},"excerpt":{"rendered":"<p>O melhor prato de chafing el\u00e9trico por atacado, design de isolamento de temperatura constante de aquecimento el\u00e9trico, equipado com uma tampa de vidro e um suporte est\u00e1vel elevado, amplamente aplic\u00e1vel a hot\u00e9is, restaurantes de autoatendimento e ocasi\u00f5es de banquete. F\u00e1brica por atacado, suporte OEM\/ODM, bem-vindo a contactar-nos para amostras e solu\u00e7\u00f5es personalizadas!<\/p>\n<h2>Especifica\u00e7\u00f5es do Melhor Chafing Dish el\u00e9trico:<\/h2>\n<table width=\"402\">\n<tbody>\n<tr>\n<td width=\"145\">Fabricante<\/td>\n<td width=\"257\">Linkton<\/td>\n<\/tr>\n<tr>\n<td>Material<\/td>\n<td>A\u00e7o inoxid\u00e1vel<\/td>\n<\/tr>\n<tr>\n<td>Configura\u00e7\u00e3o<\/td>\n<td width=\"257\">Tabuleiro para alimentos\/tabuleiro para \u00e1gua<\/td>\n<\/tr>\n<tr>\n<td>Aquecimento<\/td>\n<td>\n<p>Aquecimento el\u00e9trico<\/p>\n<\/td>\n<\/tr>\n<tr>\n<td>Tampa<\/td>\n<td width=\"257\">Tampa de vidro hidr\u00e1ulica<\/td>\n<\/tr>\n<tr>\n<td>OEM\/ODM<\/td>\n<td>Aceit\u00e1vel<\/td>\n<\/tr>\n<tr>\n<td>Amostra<\/td>\n<td>MOQ 1 pe\u00e7a<\/td>\n<\/tr>\n<\/tbody>\n<\/table>","protected":false},"featured_media":6566,"template":"","meta":{"_acf_changed":false},"product-application":[],"product-capacity":[],"product_brand":[],"product_cat":[58],"product_tag":[],"class_list":{"0":"post-6565","1":"product","2":"type-product","3":"status-publish","4":"has-post-thumbnail","6":"product_cat-wholesale-chafing-dishes","8":"first","9":"instock","10":"shipping-taxable","11":"product-type-simple"},"acf":[],"_links":{"self":[{"href":"https:\/\/www.linktonkitchen.com\/pt\/wp-json\/wp\/v2\/product\/6565","targetHints":{"allow":["GET"]}}],"collection":[{"href":"https:\/\/www.linktonkitchen.com\/pt\/wp-json\/wp\/v2\/product"}],"about":[{"href":"https:\/\/www.linktonkitchen.com\/pt\/wp-json\/wp\/v2\/types\/product"}],"version-history":[{"count":0,"href":"https:\/\/www.linktonkitchen.com\/pt\/wp-json\/wp\/v2\/product\/6565\/revisions"}],"wp:featuredmedia":[{"embeddable":true,"href":"https:\/\/www.linktonkitchen.com\/pt\/wp-json\/wp\/v2\/media\/6566"}],"wp:attachment":[{"href":"https:\/\/www.linktonkitchen.com\/pt\/wp-json\/wp\/v2\/media?parent=6565"}],"wp:term":[{"taxonomy":"product-application","embeddable":true,"href":"https:\/\/www.linktonkitchen.com\/pt\/wp-json\/wp\/v2\/product-application?post=6565"},{"taxonomy":"product-capacity","embeddable":true,"href":"https:\/\/www.linktonkitchen.com\/pt\/wp-json\/wp\/v2\/product-capacity?post=6565"},{"taxonomy":"product_brand","embeddable":true,"href":"https:\/\/www.linktonkitchen.com\/pt\/wp-json\/wp\/v2\/product_brand?post=6565"},{"taxonomy":"product_cat","embeddable":true,"href":"https:\/\/www.linktonkitchen.com\/pt\/wp-json\/wp\/v2\/product_cat?post=6565"},{"taxonomy":"product_tag","embeddable":true,"href":"https:\/\/www.linktonkitchen.com\/pt\/wp-json\/wp\/v2\/product_tag?post=6565"}],"curies":[{"name":"wp","href":"https:\/\/api.w.org\/{rel}","templated":true}]}}