{"id":6570,"date":"2025-08-29T03:21:30","date_gmt":"2025-08-19T02:37:01","guid":{"rendered":"https:\/\/www.linktonkitchen.com\/?post_type=product&#038;p=6570"},"modified":"2025-08-29T03:23:02","modified_gmt":"2025-08-29T03:23:02","slug":"wholesale-round-chafing-dish-buffet-set","status":"publish","type":"product","link":"https:\/\/www.linktonkitchen.com\/pt\/product\/wholesale-round-chafing-dish-buffet-set\/","title":{"rendered":"Conjunto de buffet de pratos redondos por atacado, aquecedor de buffet el\u00e9trico com tampa de vidro em a\u00e7o inoxid\u00e1vel personalizado"},"content":{"rendered":"<div class=\"wp-block-columns is-layout-flex wp-container-core-columns-is-layout-9d6595d7 wp-block-columns-is-layout-flex\">\n<div class=\"wp-block-column is-vertically-aligned-center is-layout-flow wp-block-column-is-layout-flow\">\n<div class=\"wp-block-columns is-layout-flex wp-container-core-columns-is-layout-9d6595d7 wp-block-columns-is-layout-flex\">\n<div class=\"wp-block-column is-layout-flow wp-block-column-is-layout-flow\">\n<figure class=\"wp-block-image size-full\"><img fetchpriority=\"high\" decoding=\"async\" width=\"800\" height=\"800\" src=\"https:\/\/www.linktonkitchen.com\/wp-content\/uploads\/2025\/08\/wholesale-round-chafing-dish-buffet-set-2.webp\" alt=\"conjunto de bufete de pratos redondos por atacado (2)\" class=\"wp-image-6574\" srcset=\"https:\/\/www.linktonkitchen.com\/wp-content\/uploads\/2025\/08\/wholesale-round-chafing-dish-buffet-set-2.webp 800w, https:\/\/www.linktonkitchen.com\/wp-content\/uploads\/2025\/08\/wholesale-round-chafing-dish-buffet-set-2-300x300.webp 300w, https:\/\/www.linktonkitchen.com\/wp-content\/uploads\/2025\/08\/wholesale-round-chafing-dish-buffet-set-2-150x150.webp 150w, https:\/\/www.linktonkitchen.com\/wp-content\/uploads\/2025\/08\/wholesale-round-chafing-dish-buffet-set-2-768x768.webp 768w, https:\/\/www.linktonkitchen.com\/wp-content\/uploads\/2025\/08\/wholesale-round-chafing-dish-buffet-set-2-12x12.webp 12w, https:\/\/www.linktonkitchen.com\/wp-content\/uploads\/2025\/08\/wholesale-round-chafing-dish-buffet-set-2-285x285.webp 285w, https:\/\/www.linktonkitchen.com\/wp-content\/uploads\/2025\/08\/wholesale-round-chafing-dish-buffet-set-2-270x270.webp 270w, https:\/\/www.linktonkitchen.com\/wp-content\/uploads\/2025\/08\/wholesale-round-chafing-dish-buffet-set-2-540x540.webp 540w, https:\/\/www.linktonkitchen.com\/wp-content\/uploads\/2025\/08\/wholesale-round-chafing-dish-buffet-set-2-660x660.webp 660w\" sizes=\"(max-width: 800px) 100vw, 800px\" \/><\/figure>\n<\/div>\n\n\n\n<div class=\"wp-block-column is-layout-flow wp-block-column-is-layout-flow\">\n<figure class=\"wp-block-image size-full\"><img decoding=\"async\" width=\"800\" height=\"800\" src=\"https:\/\/www.linktonkitchen.com\/wp-content\/uploads\/2025\/08\/wholesale-round-chafing-dish-buffet-set-1.webp\" alt=\"conjunto de buffet de pratos redondos por atacado (1)\" class=\"wp-image-6573\" srcset=\"https:\/\/www.linktonkitchen.com\/wp-content\/uploads\/2025\/08\/wholesale-round-chafing-dish-buffet-set-1.webp 800w, https:\/\/www.linktonkitchen.com\/wp-content\/uploads\/2025\/08\/wholesale-round-chafing-dish-buffet-set-1-300x300.webp 300w, https:\/\/www.linktonkitchen.com\/wp-content\/uploads\/2025\/08\/wholesale-round-chafing-dish-buffet-set-1-150x150.webp 150w, https:\/\/www.linktonkitchen.com\/wp-content\/uploads\/2025\/08\/wholesale-round-chafing-dish-buffet-set-1-768x768.webp 768w, https:\/\/www.linktonkitchen.com\/wp-content\/uploads\/2025\/08\/wholesale-round-chafing-dish-buffet-set-1-12x12.webp 12w, https:\/\/www.linktonkitchen.com\/wp-content\/uploads\/2025\/08\/wholesale-round-chafing-dish-buffet-set-1-285x285.webp 285w, https:\/\/www.linktonkitchen.com\/wp-content\/uploads\/2025\/08\/wholesale-round-chafing-dish-buffet-set-1-270x270.webp 270w, https:\/\/www.linktonkitchen.com\/wp-content\/uploads\/2025\/08\/wholesale-round-chafing-dish-buffet-set-1-540x540.webp 540w, https:\/\/www.linktonkitchen.com\/wp-content\/uploads\/2025\/08\/wholesale-round-chafing-dish-buffet-set-1-660x660.webp 660w\" sizes=\"(max-width: 800px) 100vw, 800px\" \/><\/figure>\n<\/div>\n<\/div>\n\n\n\n<h2 class=\"wp-block-heading\">Conjunto de buffet de pratos redondos Chafing Set Carater\u00edsticas:<\/h2>\n\n\n\n<p><strong>Conce\u00e7\u00e3o optimizada do aquecimento el\u00e9trico:<\/strong> Reduz o consumo de energia e promove a prote\u00e7\u00e3o ambiental e a conserva\u00e7\u00e3o de energia.<\/p>\n\n\n\n<p><strong>Sistema de controlo de temperatura de precis\u00e3o<\/strong>: A tecnologia de aquecimento CNC assegura a preserva\u00e7\u00e3o constante da temperatura dos pratos, melhorando a experi\u00eancia gastron\u00f3mica dos clientes.<\/p>\n\n\n\n<p><strong>Tabuleiros multimateriais para alimentos<\/strong>: As ta\u00e7as de cer\u00e2mica oferecem uma excelente reten\u00e7\u00e3o de calor, ideal para sopas e pratos de alta qualidade; os revestimentos de a\u00e7o inoxid\u00e1vel s\u00e3o duradouros e f\u00e1ceis de limpar, adequados para uma utiliza\u00e7\u00e3o di\u00e1ria em grande escala.<\/p>\n\n\n\n<p><strong>Desenho redondo:<\/strong> Adequado para hot\u00e9is, buffets, banquetes e outros ambientes, combinando praticidade e est\u00e9tica.<\/p>\n\n\n\n<p><strong>Efeito de apresenta\u00e7\u00e3o premium<\/strong>: As tampas de vidro combinadas com acabamentos brilhantes em a\u00e7o inoxid\u00e1vel real\u00e7am os padr\u00f5es culin\u00e1rios profissionais.<\/p>\n\n\n\n<p><strong>Diversas op\u00e7\u00f5es de apar\u00eancia:<\/strong> Suporta a personaliza\u00e7\u00e3o de log\u00f3tipos, cores, estilos de tampa, materiais de pega e alturas de suporte de acordo com requisitos espec\u00edficos.<\/p>\n<\/div>\n<\/div>\n\n\n\n<div class=\"wp-block-columns is-layout-flex wp-container-core-columns-is-layout-9d6595d7 wp-block-columns-is-layout-flex\">\n<div class=\"wp-block-column is-vertically-aligned-center is-layout-flow wp-block-column-is-layout-flow\">\n<h2 class=\"wp-block-heading\">Conjunto de buffet de pratos redondos personalizados\uff1a<\/h2>\n\n\n\n<p>Oferecemos servi\u00e7os ODM e OEM, permitindo a personaliza\u00e7\u00e3o de log\u00f3tipos e embalagens de produtos. Apoiamos v\u00e1rias op\u00e7\u00f5es de embalagem, incluindo sacos, caixas de cart\u00e3o ou embalagens personalizadas com base nas suas prefer\u00eancias. Para al\u00e9m disso, oferecemos op\u00e7\u00f5es de cores flex\u00edveis, incluindo revestimento em prata, ouro ou semi-ouro.<\/p>\n<\/div>\n<\/div>","protected":false},"excerpt":{"rendered":"<p>Conjunto de buffet de pratos redondos por atacado, a\u00e7o inoxid\u00e1vel de qualidade alimentar emparelhado com um sistema de aquecimento el\u00e9trico preciso, suportando uma escolha de bandejas de alimentos de cer\u00e2mica ou a\u00e7o inoxid\u00e1vel, f\u00e1cil de operar e limpar. Contacte-nos agora para obter or\u00e7amentos por grosso e personalizados.<\/p>\n<h2>Especifica\u00e7\u00f5es do Conjunto de buffet de pratos redondos para chafing:<\/h2>\n<table width=\"402\">\n<tbody>\n<tr>\n<td width=\"145\">Fabricante<\/td>\n<td width=\"257\">Linkton<\/td>\n<\/tr>\n<tr>\n<td>Material<\/td>\n<td>A\u00e7o inoxid\u00e1vel<\/td>\n<\/tr>\n<tr>\n<td>Configura\u00e7\u00e3o<\/td>\n<td width=\"257\">Tabuleiro para alimentos\/tabuleiro para \u00e1gua<\/td>\n<\/tr>\n<tr>\n<td>Aquecimento<\/td>\n<td>\n<p>Aquecimento el\u00e9trico<\/p>\n<\/td>\n<\/tr>\n<tr>\n<td>Tampa<\/td>\n<td width=\"257\">Tampa de vidro hidr\u00e1ulica<\/td>\n<\/tr>\n<tr>\n<td>OEM\/ODM<\/td>\n<td>Aceit\u00e1vel<\/td>\n<\/tr>\n<tr>\n<td>Amostra<\/td>\n<td>MOQ 1 pe\u00e7a<\/td>\n<\/tr>\n<\/tbody>\n<\/table>","protected":false},"featured_media":6574,"template":"","meta":{"_acf_changed":false},"product-application":[],"product-capacity":[],"product_brand":[],"product_cat":[58],"product_tag":[],"class_list":{"0":"post-6570","1":"product","2":"type-product","3":"status-publish","4":"has-post-thumbnail","6":"product_cat-wholesale-chafing-dishes","8":"first","9":"instock","10":"shipping-taxable","11":"product-type-simple"},"acf":[],"_links":{"self":[{"href":"https:\/\/www.linktonkitchen.com\/pt\/wp-json\/wp\/v2\/product\/6570","targetHints":{"allow":["GET"]}}],"collection":[{"href":"https:\/\/www.linktonkitchen.com\/pt\/wp-json\/wp\/v2\/product"}],"about":[{"href":"https:\/\/www.linktonkitchen.com\/pt\/wp-json\/wp\/v2\/types\/product"}],"version-history":[{"count":0,"href":"https:\/\/www.linktonkitchen.com\/pt\/wp-json\/wp\/v2\/product\/6570\/revisions"}],"wp:featuredmedia":[{"embeddable":true,"href":"https:\/\/www.linktonkitchen.com\/pt\/wp-json\/wp\/v2\/media\/6574"}],"wp:attachment":[{"href":"https:\/\/www.linktonkitchen.com\/pt\/wp-json\/wp\/v2\/media?parent=6570"}],"wp:term":[{"taxonomy":"product-application","embeddable":true,"href":"https:\/\/www.linktonkitchen.com\/pt\/wp-json\/wp\/v2\/product-application?post=6570"},{"taxonomy":"product-capacity","embeddable":true,"href":"https:\/\/www.linktonkitchen.com\/pt\/wp-json\/wp\/v2\/product-capacity?post=6570"},{"taxonomy":"product_brand","embeddable":true,"href":"https:\/\/www.linktonkitchen.com\/pt\/wp-json\/wp\/v2\/product_brand?post=6570"},{"taxonomy":"product_cat","embeddable":true,"href":"https:\/\/www.linktonkitchen.com\/pt\/wp-json\/wp\/v2\/product_cat?post=6570"},{"taxonomy":"product_tag","embeddable":true,"href":"https:\/\/www.linktonkitchen.com\/pt\/wp-json\/wp\/v2\/product_tag?post=6570"}],"curies":[{"name":"wp","href":"https:\/\/api.w.org\/{rel}","templated":true}]}}