{"id":6586,"date":"2025-08-19T03:24:04","date_gmt":"2025-08-19T03:24:04","guid":{"rendered":"https:\/\/www.linktonkitchen.com\/?post_type=product&#038;p=6586"},"modified":"2025-08-29T03:29:19","modified_gmt":"2025-08-29T03:29:19","slug":"custom-rectangle-chafing-dish","status":"publish","type":"product","link":"https:\/\/www.linktonkitchen.com\/pt\/product\/custom-rectangle-chafing-dish\/","title":{"rendered":"Prato de Chafing Retangular Personalizado,Aquecedor de Buffet El\u00e9trico com Panela de Cer\u00e2mica"},"content":{"rendered":"<div class=\"wp-block-columns is-layout-flex wp-container-core-columns-is-layout-9d6595d7 wp-block-columns-is-layout-flex\">\n<div class=\"wp-block-column is-vertically-aligned-center is-layout-flow wp-block-column-is-layout-flow\">\n<div class=\"wp-block-columns is-layout-flex wp-container-core-columns-is-layout-9d6595d7 wp-block-columns-is-layout-flex\">\n<div class=\"wp-block-column is-layout-flow wp-block-column-is-layout-flow\">\n<figure class=\"wp-block-image size-full\"><img fetchpriority=\"high\" decoding=\"async\" width=\"800\" height=\"800\" src=\"https:\/\/www.linktonkitchen.com\/wp-content\/uploads\/2025\/08\/custom-rectangle-chafing-dish-1.webp\" alt=\"travessa retangular personalizada (1)\" class=\"wp-image-6575\" srcset=\"https:\/\/www.linktonkitchen.com\/wp-content\/uploads\/2025\/08\/custom-rectangle-chafing-dish-1.webp 800w, https:\/\/www.linktonkitchen.com\/wp-content\/uploads\/2025\/08\/custom-rectangle-chafing-dish-1-300x300.webp 300w, https:\/\/www.linktonkitchen.com\/wp-content\/uploads\/2025\/08\/custom-rectangle-chafing-dish-1-150x150.webp 150w, https:\/\/www.linktonkitchen.com\/wp-content\/uploads\/2025\/08\/custom-rectangle-chafing-dish-1-768x768.webp 768w, https:\/\/www.linktonkitchen.com\/wp-content\/uploads\/2025\/08\/custom-rectangle-chafing-dish-1-12x12.webp 12w, https:\/\/www.linktonkitchen.com\/wp-content\/uploads\/2025\/08\/custom-rectangle-chafing-dish-1-285x285.webp 285w, https:\/\/www.linktonkitchen.com\/wp-content\/uploads\/2025\/08\/custom-rectangle-chafing-dish-1-270x270.webp 270w, https:\/\/www.linktonkitchen.com\/wp-content\/uploads\/2025\/08\/custom-rectangle-chafing-dish-1-540x540.webp 540w, https:\/\/www.linktonkitchen.com\/wp-content\/uploads\/2025\/08\/custom-rectangle-chafing-dish-1-660x660.webp 660w\" sizes=\"(max-width: 800px) 100vw, 800px\" \/><\/figure>\n<\/div>\n\n\n\n<div class=\"wp-block-column is-layout-flow wp-block-column-is-layout-flow\">\n<figure class=\"wp-block-image size-full\"><img decoding=\"async\" width=\"800\" height=\"800\" src=\"https:\/\/www.linktonkitchen.com\/wp-content\/uploads\/2025\/08\/custom-rectangle-chafing-dish-2.webp\" alt=\"travessa retangular personalizada (2)\" class=\"wp-image-6576\" srcset=\"https:\/\/www.linktonkitchen.com\/wp-content\/uploads\/2025\/08\/custom-rectangle-chafing-dish-2.webp 800w, https:\/\/www.linktonkitchen.com\/wp-content\/uploads\/2025\/08\/custom-rectangle-chafing-dish-2-300x300.webp 300w, https:\/\/www.linktonkitchen.com\/wp-content\/uploads\/2025\/08\/custom-rectangle-chafing-dish-2-150x150.webp 150w, https:\/\/www.linktonkitchen.com\/wp-content\/uploads\/2025\/08\/custom-rectangle-chafing-dish-2-768x768.webp 768w, https:\/\/www.linktonkitchen.com\/wp-content\/uploads\/2025\/08\/custom-rectangle-chafing-dish-2-12x12.webp 12w, https:\/\/www.linktonkitchen.com\/wp-content\/uploads\/2025\/08\/custom-rectangle-chafing-dish-2-285x285.webp 285w, https:\/\/www.linktonkitchen.com\/wp-content\/uploads\/2025\/08\/custom-rectangle-chafing-dish-2-270x270.webp 270w, https:\/\/www.linktonkitchen.com\/wp-content\/uploads\/2025\/08\/custom-rectangle-chafing-dish-2-540x540.webp 540w, https:\/\/www.linktonkitchen.com\/wp-content\/uploads\/2025\/08\/custom-rectangle-chafing-dish-2-660x660.webp 660w\" sizes=\"(max-width: 800px) 100vw, 800px\" \/><\/figure>\n<\/div>\n<\/div>\n\n\n\n<h2 class=\"wp-block-heading\">Prato para Chafing retangular Carater\u00edsticas:<\/h2>\n\n\n\n<p><strong>Design retangular de grande capacidade<\/strong>: Adequado para grandes banquetes e buffets de hotel.<\/p>\n\n\n\n<p><strong>Aspeto moderno<\/strong>: O a\u00e7o inoxid\u00e1vel com acabamento espelhado e a tampa de vidro para visualiza\u00e7\u00e3o melhoram a qualidade dos banquetes.<\/p>\n\n\n\n<p><strong>Aquecimento el\u00e9trico inteligente CNC:<\/strong> O controlo preciso da temperatura garante que os alimentos permanecem em condi\u00e7\u00f5es \u00f3ptimas durante longos per\u00edodos.<\/p>\n\n\n\n<p><strong>Tabuleiros para alimentos em cer\u00e2mica\/a\u00e7o inoxid\u00e1vel dispon\u00edveis<\/strong>: Diversas configura\u00e7\u00f5es para se adaptar a diferentes cen\u00e1rios de restaura\u00e7\u00e3o.<\/p>\n\n\n\n<p><strong>Limpeza e manuten\u00e7\u00e3o f\u00e1ceis<\/strong>: O revestimento interior amov\u00edvel reduz o trabalho de limpeza da cozinha.<\/p>\n\n\n\n<p><strong>Personaliza\u00e7\u00e3o em massa dispon\u00edvel<\/strong>: Fornecimento flex\u00edvel com quantidades m\u00ednimas de encomenda reduzidas para ajudar as marcas de restaurantes a expandir-se rapidamente.<\/p>\n<\/div>\n<\/div>\n\n\n\n<div class=\"wp-block-columns is-layout-flex wp-container-core-columns-is-layout-9d6595d7 wp-block-columns-is-layout-flex\">\n<div class=\"wp-block-column is-vertically-aligned-center is-layout-flow wp-block-column-is-layout-flow\">\n<h2 class=\"wp-block-heading\">Prato para assar retangular personalizado\uff1a<\/h2>\n\n\n\n<p>Oferecemos servi\u00e7os ODM e OEM, permitindo a personaliza\u00e7\u00e3o de log\u00f3tipos e embalagens de produtos. Apoiamos v\u00e1rias op\u00e7\u00f5es de embalagem, incluindo sacos, caixas de cart\u00e3o ou embalagens personalizadas com base nas suas prefer\u00eancias. Para al\u00e9m disso, oferecemos op\u00e7\u00f5es de cores flex\u00edveis, incluindo revestimento em prata, ouro ou semi-ouro.<\/p>\n<\/div>\n<\/div>","protected":false},"excerpt":{"rendered":"<p>Prato de chafing retangular personalizado do fornecedor de equipamento de buffet Linkton, com aquecimento el\u00e9trico, controlo preciso da temperatura e configura\u00e7\u00e3o de tanque interno duplo, \u00e9 um equipamento essencial para banquetes e buffets de alta qualidade. Contacte-nos para servi\u00e7os personalizados.<\/p>\n<h2>Especifica\u00e7\u00f5es do Prato de Chafing retangular:<\/h2>\n<table width=\"402\">\n<tbody>\n<tr>\n<td width=\"145\">Fabricante<\/td>\n<td width=\"257\">Linkton<\/td>\n<\/tr>\n<tr>\n<td>Material<\/td>\n<td>A\u00e7o inoxid\u00e1vel<\/td>\n<\/tr>\n<tr>\n<td>Configura\u00e7\u00e3o<\/td>\n<td width=\"257\">Tabuleiro para alimentos\/tabuleiro para \u00e1gua<\/td>\n<\/tr>\n<tr>\n<td>Aquecimento<\/td>\n<td>\n<p>Aquecimento el\u00e9trico<\/p>\n<\/td>\n<\/tr>\n<tr>\n<td>Tampa<\/td>\n<td width=\"257\">Tampa de vidro hidr\u00e1ulica<\/td>\n<\/tr>\n<tr>\n<td>OEM\/ODM<\/td>\n<td>Aceit\u00e1vel<\/td>\n<\/tr>\n<tr>\n<td>Amostra<\/td>\n<td>MOQ 1 pe\u00e7a<\/td>\n<\/tr>\n<\/tbody>\n<\/table>","protected":false},"featured_media":6572,"template":"","meta":{"_acf_changed":false},"product-application":[],"product-capacity":[],"product_brand":[],"product_cat":[58],"product_tag":[],"class_list":{"0":"post-6586","1":"product","2":"type-product","3":"status-publish","4":"has-post-thumbnail","6":"product_cat-wholesale-chafing-dishes","8":"first","9":"instock","10":"shipping-taxable","11":"product-type-simple"},"acf":[],"_links":{"self":[{"href":"https:\/\/www.linktonkitchen.com\/pt\/wp-json\/wp\/v2\/product\/6586","targetHints":{"allow":["GET"]}}],"collection":[{"href":"https:\/\/www.linktonkitchen.com\/pt\/wp-json\/wp\/v2\/product"}],"about":[{"href":"https:\/\/www.linktonkitchen.com\/pt\/wp-json\/wp\/v2\/types\/product"}],"version-history":[{"count":0,"href":"https:\/\/www.linktonkitchen.com\/pt\/wp-json\/wp\/v2\/product\/6586\/revisions"}],"wp:featuredmedia":[{"embeddable":true,"href":"https:\/\/www.linktonkitchen.com\/pt\/wp-json\/wp\/v2\/media\/6572"}],"wp:attachment":[{"href":"https:\/\/www.linktonkitchen.com\/pt\/wp-json\/wp\/v2\/media?parent=6586"}],"wp:term":[{"taxonomy":"product-application","embeddable":true,"href":"https:\/\/www.linktonkitchen.com\/pt\/wp-json\/wp\/v2\/product-application?post=6586"},{"taxonomy":"product-capacity","embeddable":true,"href":"https:\/\/www.linktonkitchen.com\/pt\/wp-json\/wp\/v2\/product-capacity?post=6586"},{"taxonomy":"product_brand","embeddable":true,"href":"https:\/\/www.linktonkitchen.com\/pt\/wp-json\/wp\/v2\/product_brand?post=6586"},{"taxonomy":"product_cat","embeddable":true,"href":"https:\/\/www.linktonkitchen.com\/pt\/wp-json\/wp\/v2\/product_cat?post=6586"},{"taxonomy":"product_tag","embeddable":true,"href":"https:\/\/www.linktonkitchen.com\/pt\/wp-json\/wp\/v2\/product_tag?post=6586"}],"curies":[{"name":"wp","href":"https:\/\/api.w.org\/{rel}","templated":true}]}}