{"id":6625,"date":"2025-08-29T03:30:36","date_gmt":"2025-08-26T09:45:32","guid":{"rendered":"https:\/\/www.linktonkitchen.com\/?post_type=product&#038;p=6625"},"modified":"2025-08-29T03:31:14","modified_gmt":"2025-08-29T03:31:14","slug":"wholesale-gold-chafing-dish-buffet-set","status":"publish","type":"product","link":"https:\/\/www.linktonkitchen.com\/pt\/product\/wholesale-gold-chafing-dish-buffet-set\/","title":{"rendered":"Conjunto de Buffet de Prato de Chafing de Ouro por Atacado, Aquecedor El\u00e9trico de Alimentos de A\u00e7o Inoxid\u00e1vel para Catering Fabricante"},"content":{"rendered":"<div class=\"wp-block-columns is-layout-flex wp-container-core-columns-is-layout-9d6595d7 wp-block-columns-is-layout-flex\">\n<div class=\"wp-block-column is-vertically-aligned-center is-layout-flow wp-block-column-is-layout-flow\">\n<h2 class=\"wp-block-heading\">Conjunto de buffet de pratos de chafing de ouro Carater\u00edsticas:<\/h2>\n\n\n\n<p><strong>Luxuoso acabamento dourado<\/strong>: Electrodepositado para um brilho brilhante, elevando a experi\u00eancia gastron\u00f3mica e ideal para hot\u00e9is e banquetes de alta qualidade.<\/p>\n\n\n\n<p><strong>A\u00e7o inoxid\u00e1vel de qualidade alimentar:<\/strong> Dur\u00e1vel e resistente \u00e0 corros\u00e3o, garantindo a seguran\u00e7a alimentar e um desempenho duradouro.<\/p>\n\n\n\n<p><strong>Tampa de vidro transparente<\/strong>: Permite que os h\u00f3spedes vejam diretamente o conte\u00fado dos alimentos, minimizando a perda de calor resultante das frequentes aberturas da tampa.<\/p>\n\n\n\n<p><strong>Capacidade generosa<\/strong>: Acomoda pratos diversos, satisfazendo os picos de procura de buffets e banquetes.<\/p>\n\n\n\n<p><strong>Design f\u00e1cil de limpar<\/strong>: As superf\u00edcies lisas e os componentes amov\u00edveis simplificam a limpeza e a manuten\u00e7\u00e3o di\u00e1rias.<\/p>\n\n\n\n<p><strong>Pega ergon\u00f3mica<\/strong>: O design resistente ao calor garante uma abertura\/fecho sem esfor\u00e7o e segura.<\/p>\n\n\n\n<p><strong>Utiliza\u00e7\u00e3o vers\u00e1til<\/strong>: Adequado para buffets, hot\u00e9is, recep\u00e7\u00f5es de casamento, catering para confer\u00eancias e outros ambientes.<\/p>\n<\/div>\n\n\n\n<div class=\"wp-block-column is-vertically-aligned-center is-layout-flow wp-block-column-is-layout-flow\"><div class=\"wp-block-image\">\n<figure class=\"aligncenter size-full\"><img fetchpriority=\"high\" decoding=\"async\" width=\"894\" height=\"894\" src=\"https:\/\/www.linktonkitchen.com\/wp-content\/uploads\/2025\/08\/wholesale-gold-chafing-dish-buffet-set.webp\" alt=\"conjunto de buffet de pratos de ouro por atacado\" class=\"wp-image-6627\" style=\"object-fit:cover\" srcset=\"https:\/\/www.linktonkitchen.com\/wp-content\/uploads\/2025\/08\/wholesale-gold-chafing-dish-buffet-set.webp 894w, https:\/\/www.linktonkitchen.com\/wp-content\/uploads\/2025\/08\/wholesale-gold-chafing-dish-buffet-set-300x300.webp 300w, https:\/\/www.linktonkitchen.com\/wp-content\/uploads\/2025\/08\/wholesale-gold-chafing-dish-buffet-set-150x150.webp 150w, https:\/\/www.linktonkitchen.com\/wp-content\/uploads\/2025\/08\/wholesale-gold-chafing-dish-buffet-set-768x768.webp 768w, https:\/\/www.linktonkitchen.com\/wp-content\/uploads\/2025\/08\/wholesale-gold-chafing-dish-buffet-set-12x12.webp 12w, https:\/\/www.linktonkitchen.com\/wp-content\/uploads\/2025\/08\/wholesale-gold-chafing-dish-buffet-set-285x285.webp 285w, https:\/\/www.linktonkitchen.com\/wp-content\/uploads\/2025\/08\/wholesale-gold-chafing-dish-buffet-set-270x270.webp 270w, https:\/\/www.linktonkitchen.com\/wp-content\/uploads\/2025\/08\/wholesale-gold-chafing-dish-buffet-set-540x540.webp 540w, https:\/\/www.linktonkitchen.com\/wp-content\/uploads\/2025\/08\/wholesale-gold-chafing-dish-buffet-set-660x660.webp 660w\" sizes=\"(max-width: 894px) 100vw, 894px\" \/><\/figure>\n<\/div><\/div>\n<\/div>\n\n\n\n<div class=\"wp-block-columns is-layout-flex wp-container-core-columns-is-layout-9d6595d7 wp-block-columns-is-layout-flex\">\n<div class=\"wp-block-column is-vertically-aligned-center is-layout-flow wp-block-column-is-layout-flow\">\n<h2 class=\"wp-block-heading\">Conjunto de buffet de pratos quentes em ouro personalizado<\/h2>\n\n\n\n<p>Oferecemos servi\u00e7os ODM e OEM, permitindo a personaliza\u00e7\u00e3o de log\u00f3tipos e embalagens de produtos. Apoiamos v\u00e1rias op\u00e7\u00f5es de embalagem, incluindo sacos, caixas de cart\u00e3o ou embalagens personalizadas com base nas suas prefer\u00eancias. Para al\u00e9m disso, oferecemos op\u00e7\u00f5es de cores flex\u00edveis, incluindo revestimento em prata, ouro ou semi-ouro.<\/p>\n<\/div>\n<\/div>","protected":false},"excerpt":{"rendered":"<p>Conjunto de buffet de pratos de chafing de ouro por atacado, estilo de luxo, equipado com uma grande capacidade e uma tampa de vidro hidr\u00e1ulico vis\u00edvel, que \u00e9 perfeito para catering de buffet, servi\u00e7o de restaurante e pedidos personalizados a granel. Bem-vindo a contactar-nos para amostras e solu\u00e7\u00f5es personalizadas!<\/p>\n<h2>Conjunto de buffet de pratos de chafing de ouro Especifica\u00e7\u00f5es:<\/h2>\n<table width=\"402\">\n<tbody>\n<tr>\n<td width=\"145\">Fabricante<\/td>\n<td width=\"257\">Linkton<\/td>\n<\/tr>\n<tr>\n<td>Material<\/td>\n<td>A\u00e7o inoxid\u00e1vel<\/td>\n<\/tr>\n<tr>\n<td>Configura\u00e7\u00e3o<\/td>\n<td width=\"257\">Tabuleiro para alimentos\/tabuleiro para \u00e1gua<\/td>\n<\/tr>\n<tr>\n<td>Aquecimento<\/td>\n<td>\n<p>Aquecimento el\u00e9trico<\/p>\n<\/td>\n<\/tr>\n<tr>\n<td>Tampa<\/td>\n<td width=\"257\">Tampa de vidro hidr\u00e1ulica<\/td>\n<\/tr>\n<tr>\n<td>OEM\/ODM<\/td>\n<td>Aceit\u00e1vel<\/td>\n<\/tr>\n<tr>\n<td>Amostra<\/td>\n<td>MOQ 1 pe\u00e7a<\/td>\n<\/tr>\n<\/tbody>\n<\/table>","protected":false},"featured_media":6627,"template":"","meta":{"_acf_changed":false},"product-application":[],"product-capacity":[],"product_brand":[],"product_cat":[58],"product_tag":[],"class_list":{"0":"post-6625","1":"product","2":"type-product","3":"status-publish","4":"has-post-thumbnail","6":"product_cat-wholesale-chafing-dishes","8":"first","9":"instock","10":"shipping-taxable","11":"product-type-simple"},"acf":[],"_links":{"self":[{"href":"https:\/\/www.linktonkitchen.com\/pt\/wp-json\/wp\/v2\/product\/6625","targetHints":{"allow":["GET"]}}],"collection":[{"href":"https:\/\/www.linktonkitchen.com\/pt\/wp-json\/wp\/v2\/product"}],"about":[{"href":"https:\/\/www.linktonkitchen.com\/pt\/wp-json\/wp\/v2\/types\/product"}],"version-history":[{"count":0,"href":"https:\/\/www.linktonkitchen.com\/pt\/wp-json\/wp\/v2\/product\/6625\/revisions"}],"wp:featuredmedia":[{"embeddable":true,"href":"https:\/\/www.linktonkitchen.com\/pt\/wp-json\/wp\/v2\/media\/6627"}],"wp:attachment":[{"href":"https:\/\/www.linktonkitchen.com\/pt\/wp-json\/wp\/v2\/media?parent=6625"}],"wp:term":[{"taxonomy":"product-application","embeddable":true,"href":"https:\/\/www.linktonkitchen.com\/pt\/wp-json\/wp\/v2\/product-application?post=6625"},{"taxonomy":"product-capacity","embeddable":true,"href":"https:\/\/www.linktonkitchen.com\/pt\/wp-json\/wp\/v2\/product-capacity?post=6625"},{"taxonomy":"product_brand","embeddable":true,"href":"https:\/\/www.linktonkitchen.com\/pt\/wp-json\/wp\/v2\/product_brand?post=6625"},{"taxonomy":"product_cat","embeddable":true,"href":"https:\/\/www.linktonkitchen.com\/pt\/wp-json\/wp\/v2\/product_cat?post=6625"},{"taxonomy":"product_tag","embeddable":true,"href":"https:\/\/www.linktonkitchen.com\/pt\/wp-json\/wp\/v2\/product_tag?post=6625"}],"curies":[{"name":"wp","href":"https:\/\/api.w.org\/{rel}","templated":true}]}}