{"id":6768,"date":"2025-09-10T16:27:57","date_gmt":"2025-09-10T16:27:57","guid":{"rendered":"https:\/\/www.linktonkitchen.com\/"},"modified":"2025-09-10T16:27:57","modified_gmt":"2025-09-10T16:27:57","slug":"chafing-dish-electric-wholesale","status":"publish","type":"product","link":"https:\/\/www.linktonkitchen.com\/pt\/product\/chafing-dish-electric-wholesale\/","title":{"rendered":"Conjunto de buffet de a\u00e7o inoxid\u00e1vel com tampa de vidro personalizado do fornecedor Linkton"},"content":{"rendered":"<div class=\"wp-block-columns is-layout-flex wp-container-core-columns-is-layout-9d6595d7 wp-block-columns-is-layout-flex\">\n<div class=\"wp-block-column is-layout-flow wp-block-column-is-layout-flow\">\n<h2 class=\"wp-block-heading\">Chafing Dish Carater\u00edsticas el\u00e9ctricas:<\/h2>\n\n\n\n<p><strong>A\u00e7o inoxid\u00e1vel de qualidade alimentar<\/strong>: Resistente \u00e0 corros\u00e3o, n\u00e3o deform\u00e1vel e duradouro, adequado para uma utiliza\u00e7\u00e3o frequente na restaura\u00e7\u00e3o.<\/p>\n\n\n\n<p><strong>Tampa de vidro transparente de alta resist\u00eancia<\/strong>: Permite que os clientes inspeccionem visualmente os alimentos, preservando a frescura e a temperatura.<\/p>\n\n\n\n<p><strong>Sistema de aquecimento el\u00e9trico<\/strong>: A temperatura \u00e9 controlada, assegurando que os alimentos permanecem quentes e evitando a cozedura a seco.<\/p>\n\n\n\n<p><strong>Mecanismo de descida hidr\u00e1ulico<\/strong>: A tampa abre e fecha suavemente, minimizando o ru\u00eddo e o impacto.<\/p>\n\n\n\n<p><strong>Forma quadrada simples<\/strong>: Moderno e elegante, conserva o espa\u00e7o da bancada, adequado para uma variedade de ambientes de refei\u00e7\u00f5es.<\/p>\n\n\n\n<p><strong>Design f\u00e1cil de limpar:<\/strong> A superf\u00edcie lisa em a\u00e7o inoxid\u00e1vel e a estrutura amov\u00edvel facilitam a limpeza e a manuten\u00e7\u00e3o.<\/p>\n\n\n\n<p><strong>Amplamente aplic\u00e1vel<\/strong>: Adequado para hot\u00e9is, restaurantes com buffet, sal\u00f5es de banquetes e cadeias de restaurantes.<\/p>\n<\/div>\n\n\n\n<div class=\"wp-block-column is-layout-flow wp-block-column-is-layout-flow\">\n<figure class=\"wp-block-image size-full\"><img fetchpriority=\"high\" decoding=\"async\" width=\"800\" height=\"800\" src=\"https:\/\/www.linktonkitchen.com\/wp-content\/uploads\/2025\/09\/chafing-dish-electric-wholesale.webp\" alt=\"travessas el\u00e9ctricas por atacado\" class=\"wp-image-6758\" srcset=\"https:\/\/www.linktonkitchen.com\/wp-content\/uploads\/2025\/09\/chafing-dish-electric-wholesale.webp 800w, https:\/\/www.linktonkitchen.com\/wp-content\/uploads\/2025\/09\/chafing-dish-electric-wholesale-300x300.webp 300w, https:\/\/www.linktonkitchen.com\/wp-content\/uploads\/2025\/09\/chafing-dish-electric-wholesale-150x150.webp 150w, https:\/\/www.linktonkitchen.com\/wp-content\/uploads\/2025\/09\/chafing-dish-electric-wholesale-768x768.webp 768w, https:\/\/www.linktonkitchen.com\/wp-content\/uploads\/2025\/09\/chafing-dish-electric-wholesale-12x12.webp 12w, https:\/\/www.linktonkitchen.com\/wp-content\/uploads\/2025\/09\/chafing-dish-electric-wholesale-285x285.webp 285w, https:\/\/www.linktonkitchen.com\/wp-content\/uploads\/2025\/09\/chafing-dish-electric-wholesale-270x270.webp 270w, https:\/\/www.linktonkitchen.com\/wp-content\/uploads\/2025\/09\/chafing-dish-electric-wholesale-540x540.webp 540w, https:\/\/www.linktonkitchen.com\/wp-content\/uploads\/2025\/09\/chafing-dish-electric-wholesale-660x660.webp 660w\" sizes=\"(max-width: 800px) 100vw, 800px\" \/><\/figure>\n<\/div>\n<\/div>\n\n\n\n<div class=\"wp-block-columns is-layout-flex wp-container-core-columns-is-layout-9d6595d7 wp-block-columns-is-layout-flex\">\n<div class=\"wp-block-column is-vertically-aligned-center is-layout-flow wp-block-column-is-layout-flow\">\n<h2 class=\"wp-block-heading\">Prato Chafing personalizado el\u00e9trico\uff1a<\/h2>\n\n\n\n<p>Oferecemos servi\u00e7os ODM e OEM, permitindo a personaliza\u00e7\u00e3o de log\u00f3tipos e embalagens de produtos. Apoiamos v\u00e1rias op\u00e7\u00f5es de embalagem, incluindo sacos, caixas de cart\u00e3o ou embalagens personalizadas com base nas suas prefer\u00eancias. Para al\u00e9m disso, oferecemos op\u00e7\u00f5es de cores flex\u00edveis, incluindo revestimento em prata, ouro ou semi-ouro.<\/p>\n<\/div>\n<\/div>","protected":false},"excerpt":{"rendered":"<p>A tampa de vidro transparente operada hidraulicamente e o sistema de aquecimento el\u00e9trico mant\u00eam os alimentos frescos e quentes, garantindo um servi\u00e7o de catering eficiente. Apoiamos encomendas por grosso e personalizadas. Contacte-nos para obter as \u00faltimas cota\u00e7\u00f5es e solu\u00e7\u00f5es.<\/p>\n<h2>Especifica\u00e7\u00f5es do Chafing Dish Electric:<\/h2>\n<table width=\"402\">\n<tbody>\n<tr>\n<td width=\"145\">Fabricante<\/td>\n<td width=\"257\">Linkton<\/td>\n<\/tr>\n<tr>\n<td>Material<\/td>\n<td>A\u00e7o inoxid\u00e1vel<\/td>\n<\/tr>\n<tr>\n<td>Configura\u00e7\u00e3o<\/td>\n<td width=\"257\">Tabuleiro para alimentos\/tabuleiro para \u00e1gua<\/td>\n<\/tr>\n<tr>\n<td>Aquecimento<\/td>\n<td>\n<p>Aquecimento el\u00e9trico<\/p>\n<\/td>\n<\/tr>\n<tr>\n<td>Tampa<\/td>\n<td width=\"257\">Tampa de vidro hidr\u00e1ulica<\/td>\n<\/tr>\n<tr>\n<td>OEM\/ODM<\/td>\n<td>Aceit\u00e1vel<\/td>\n<\/tr>\n<tr>\n<td>Amostra<\/td>\n<td>MOQ 1 pe\u00e7a<\/td>\n<\/tr>\n<\/tbody>\n<\/table>","protected":false},"featured_media":6758,"template":"","meta":{"_acf_changed":false},"product-application":[],"product-capacity":[],"product_brand":[],"product_cat":[58],"product_tag":[],"class_list":{"0":"post-6768","1":"product","2":"type-product","3":"status-publish","4":"has-post-thumbnail","6":"product_cat-wholesale-chafing-dishes","8":"first","9":"instock","10":"shipping-taxable","11":"product-type-simple"},"acf":[],"_links":{"self":[{"href":"https:\/\/www.linktonkitchen.com\/pt\/wp-json\/wp\/v2\/product\/6768","targetHints":{"allow":["GET"]}}],"collection":[{"href":"https:\/\/www.linktonkitchen.com\/pt\/wp-json\/wp\/v2\/product"}],"about":[{"href":"https:\/\/www.linktonkitchen.com\/pt\/wp-json\/wp\/v2\/types\/product"}],"version-history":[{"count":0,"href":"https:\/\/www.linktonkitchen.com\/pt\/wp-json\/wp\/v2\/product\/6768\/revisions"}],"wp:featuredmedia":[{"embeddable":true,"href":"https:\/\/www.linktonkitchen.com\/pt\/wp-json\/wp\/v2\/media\/6758"}],"wp:attachment":[{"href":"https:\/\/www.linktonkitchen.com\/pt\/wp-json\/wp\/v2\/media?parent=6768"}],"wp:term":[{"taxonomy":"product-application","embeddable":true,"href":"https:\/\/www.linktonkitchen.com\/pt\/wp-json\/wp\/v2\/product-application?post=6768"},{"taxonomy":"product-capacity","embeddable":true,"href":"https:\/\/www.linktonkitchen.com\/pt\/wp-json\/wp\/v2\/product-capacity?post=6768"},{"taxonomy":"product_brand","embeddable":true,"href":"https:\/\/www.linktonkitchen.com\/pt\/wp-json\/wp\/v2\/product_brand?post=6768"},{"taxonomy":"product_cat","embeddable":true,"href":"https:\/\/www.linktonkitchen.com\/pt\/wp-json\/wp\/v2\/product_cat?post=6768"},{"taxonomy":"product_tag","embeddable":true,"href":"https:\/\/www.linktonkitchen.com\/pt\/wp-json\/wp\/v2\/product_tag?post=6768"}],"curies":[{"name":"wp","href":"https:\/\/api.w.org\/{rel}","templated":true}]}}