{"id":6828,"date":"2025-09-10T16:27:56","date_gmt":"2025-09-10T16:27:56","guid":{"rendered":"https:\/\/www.linktonkitchen.com\/?post_type=product&#038;p=6828"},"modified":"2025-09-10T16:27:56","modified_gmt":"2025-09-10T16:27:56","slug":"wholesale-chafing-dish-round","status":"publish","type":"product","link":"https:\/\/www.linktonkitchen.com\/pt\/product\/wholesale-chafing-dish-round\/","title":{"rendered":"Conjunto de pratos de cozinha redondos, el\u00e9ctricos e de a\u00e7o inoxid\u00e1vel para buffets por atacado"},"content":{"rendered":"<div class=\"wp-block-columns is-layout-flex wp-container-core-columns-is-layout-9d6595d7 wp-block-columns-is-layout-flex\">\n<div class=\"wp-block-column is-layout-flow wp-block-column-is-layout-flow\">\n<h2 class=\"wp-block-heading\">Prato para chafing redondo Carater\u00edsticas:<\/h2>\n\n\n\n<p><strong>Aspeto pr\u00e1tico:<\/strong> A elegante forma redonda com uma tampa de vidro transparente permite uma f\u00e1cil visualiza\u00e7\u00e3o do estado dos alimentos, melhorando a experi\u00eancia visual geral da mesa.<\/p>\n\n\n\n<p><strong>Painel de controlo digital inteligente<\/strong>: Equipado com um ecr\u00e3 digital t\u00e1til, ajusta com precis\u00e3o a temperatura para garantir que os alimentos permanecem \u00e0 temperatura perfeita durante longos per\u00edodos.<\/p>\n\n\n\n<p><strong>V\u00e1rias op\u00e7\u00f5es de vasos interiores: <\/strong>Dispon\u00edvel com uma panela interior em cer\u00e2mica ou em a\u00e7o inoxid\u00e1vel para satisfazer as necessidades de v\u00e1rios pratos, garantindo a reten\u00e7\u00e3o do calor e a durabilidade.<\/p>\n\n\n\n<p><strong>A\u00e7o inoxid\u00e1vel de alta resist\u00eancia<\/strong>: Resistente \u00e0 corros\u00e3o e f\u00e1cil de limpar, adequado para ambientes de hotelaria e restaura\u00e7\u00e3o de utiliza\u00e7\u00e3o intensiva.<\/p>\n\n\n\n<p><strong>Aquecimento est\u00e1vel e com poupan\u00e7a de energia:<\/strong> O eficiente sistema de aquecimento el\u00e9trico proporciona um aquecimento r\u00e1pido e uniforme, poupando energia e protegendo o ambiente.<\/p>\n\n\n\n<p><strong>Fornecimento de personaliza\u00e7\u00e3o:<\/strong> Oferecemos solu\u00e7\u00f5es personalizadas adaptadas \u00e0s necessidades do seu restaurante, incluindo a personaliza\u00e7\u00e3o do tamanho, capacidade, log\u00f3tipo e muito mais.<\/p>\n<\/div>\n\n\n\n<div class=\"wp-block-column is-layout-flow wp-block-column-is-layout-flow\">\n<figure class=\"wp-block-image size-full\"><img fetchpriority=\"high\" decoding=\"async\" width=\"749\" height=\"749\" src=\"https:\/\/www.linktonkitchen.com\/wp-content\/uploads\/2025\/09\/wholesale-chafing-dish-round.webp\" alt=\"prato refrat\u00e1rio redondo por atacado\" class=\"wp-image-6822\" srcset=\"https:\/\/www.linktonkitchen.com\/wp-content\/uploads\/2025\/09\/wholesale-chafing-dish-round.webp 749w, https:\/\/www.linktonkitchen.com\/wp-content\/uploads\/2025\/09\/wholesale-chafing-dish-round-300x300.webp 300w, https:\/\/www.linktonkitchen.com\/wp-content\/uploads\/2025\/09\/wholesale-chafing-dish-round-150x150.webp 150w, https:\/\/www.linktonkitchen.com\/wp-content\/uploads\/2025\/09\/wholesale-chafing-dish-round-12x12.webp 12w, https:\/\/www.linktonkitchen.com\/wp-content\/uploads\/2025\/09\/wholesale-chafing-dish-round-285x285.webp 285w, https:\/\/www.linktonkitchen.com\/wp-content\/uploads\/2025\/09\/wholesale-chafing-dish-round-270x270.webp 270w, https:\/\/www.linktonkitchen.com\/wp-content\/uploads\/2025\/09\/wholesale-chafing-dish-round-540x540.webp 540w, https:\/\/www.linktonkitchen.com\/wp-content\/uploads\/2025\/09\/wholesale-chafing-dish-round-660x660.webp 660w\" sizes=\"(max-width: 749px) 100vw, 749px\" \/><\/figure>\n<\/div>\n<\/div>\n\n\n\n<div class=\"wp-block-columns is-layout-flex wp-container-core-columns-is-layout-9d6595d7 wp-block-columns-is-layout-flex\">\n<div class=\"wp-block-column is-vertically-aligned-center is-layout-flow wp-block-column-is-layout-flow\">\n<h2 class=\"wp-block-heading\">Prato para assar personalizado redondo\uff1a<\/h2>\n\n\n\n<p>Oferecemos servi\u00e7os ODM e OEM, permitindo a personaliza\u00e7\u00e3o de log\u00f3tipos e embalagens de produtos. Apoiamos v\u00e1rias op\u00e7\u00f5es de embalagem, incluindo sacos, caixas de cart\u00e3o ou embalagens personalizadas com base nas suas prefer\u00eancias. Para al\u00e9m disso, oferecemos op\u00e7\u00f5es de cores flex\u00edveis, incluindo revestimento em prata, ouro ou semi-ouro.<\/p>\n<\/div>\n<\/div>","protected":false},"excerpt":{"rendered":"<p>Prato redondo de a\u00e7o inoxid\u00e1vel el\u00e9trico com painel de controlo digital, inser\u00e7\u00e3o de cer\u00e2mica ou a\u00e7o inoxid\u00e1vel opcional. Ideal para hot\u00e9is, catering e restaurantes. Fornecimento do fabricante de equipamento de buffet Linkton, apoio a encomendas personalizadas. Bem-vindo a contactar-nos hoje para obter pre\u00e7os por atacado!<\/p>\n<h2>Par\u00e2metro do prato redondo para chafing:<\/h2>\n<table width=\"402\">\n<tbody>\n<tr>\n<td width=\"145\">Fabricante<\/td>\n<td width=\"257\">Linkton<\/td>\n<\/tr>\n<tr>\n<td>Material<\/td>\n<td>A\u00e7o inoxid\u00e1vel<\/td>\n<\/tr>\n<tr>\n<td>Configura\u00e7\u00e3o<\/td>\n<td width=\"257\">Tabuleiro para alimentos\/tabuleiro para \u00e1gua<\/td>\n<\/tr>\n<tr>\n<td>Aquecimento<\/td>\n<td>\n<p>Aquecimento el\u00e9trico<\/p>\n<\/td>\n<\/tr>\n<tr>\n<td>Tampa<\/td>\n<td width=\"257\">Tampa de vidro hidr\u00e1ulica<\/td>\n<\/tr>\n<tr>\n<td>OEM\/ODM<\/td>\n<td>Aceit\u00e1vel<\/td>\n<\/tr>\n<tr>\n<td>Amostra<\/td>\n<td>MOQ 1 pe\u00e7a<\/td>\n<\/tr>\n<\/tbody>\n<\/table>","protected":false},"featured_media":6822,"template":"","meta":{"_acf_changed":false},"product-application":[],"product-capacity":[],"product_brand":[],"product_cat":[58],"product_tag":[],"class_list":{"0":"post-6828","1":"product","2":"type-product","3":"status-publish","4":"has-post-thumbnail","6":"product_cat-wholesale-chafing-dishes","8":"first","9":"instock","10":"shipping-taxable","11":"product-type-simple"},"acf":[],"_links":{"self":[{"href":"https:\/\/www.linktonkitchen.com\/pt\/wp-json\/wp\/v2\/product\/6828","targetHints":{"allow":["GET"]}}],"collection":[{"href":"https:\/\/www.linktonkitchen.com\/pt\/wp-json\/wp\/v2\/product"}],"about":[{"href":"https:\/\/www.linktonkitchen.com\/pt\/wp-json\/wp\/v2\/types\/product"}],"version-history":[{"count":0,"href":"https:\/\/www.linktonkitchen.com\/pt\/wp-json\/wp\/v2\/product\/6828\/revisions"}],"wp:featuredmedia":[{"embeddable":true,"href":"https:\/\/www.linktonkitchen.com\/pt\/wp-json\/wp\/v2\/media\/6822"}],"wp:attachment":[{"href":"https:\/\/www.linktonkitchen.com\/pt\/wp-json\/wp\/v2\/media?parent=6828"}],"wp:term":[{"taxonomy":"product-application","embeddable":true,"href":"https:\/\/www.linktonkitchen.com\/pt\/wp-json\/wp\/v2\/product-application?post=6828"},{"taxonomy":"product-capacity","embeddable":true,"href":"https:\/\/www.linktonkitchen.com\/pt\/wp-json\/wp\/v2\/product-capacity?post=6828"},{"taxonomy":"product_brand","embeddable":true,"href":"https:\/\/www.linktonkitchen.com\/pt\/wp-json\/wp\/v2\/product_brand?post=6828"},{"taxonomy":"product_cat","embeddable":true,"href":"https:\/\/www.linktonkitchen.com\/pt\/wp-json\/wp\/v2\/product_cat?post=6828"},{"taxonomy":"product_tag","embeddable":true,"href":"https:\/\/www.linktonkitchen.com\/pt\/wp-json\/wp\/v2\/product_tag?post=6828"}],"curies":[{"name":"wp","href":"https:\/\/api.w.org\/{rel}","templated":true}]}}